{"id":2237,"date":"2022-05-24T10:55:53","date_gmt":"2022-05-24T02:55:53","guid":{"rendered":"https:\/\/www.tesswave.com\/?post_type=product&#038;p=2237"},"modified":"2025-06-19T19:44:04","modified_gmt":"2025-06-19T11:44:04","slug":"2-4-ghz-12dbi-outdoor-omni-wifi-antenna","status":"publish","type":"product","link":"https:\/\/www.tesswave.com\/ar\/product\/2-4-ghz-12dbi-outdoor-omni-wifi-antenna\/","title":{"rendered":"2.4GHz 12dBi \u0647\u0648\u0627\u0626\u064a \u0648\u0627\u064a \u0641\u0627\u064a \u062e\u0627\u0631\u062c\u064a \u0645\u062a\u0639\u062f\u062f \u0627\u0644\u0627\u062a\u062c\u0627\u0647\u0627\u062a \u0639\u0627\u0644\u064a \u0627\u0644\u0643\u0633\u0628 \u0645\u062a\u0639\u062f\u062f \u0627\u0644\u0627\u062a\u062c\u0627\u0647\u0627\u062a"},"content":{"rendered":"<p>\u0635\u064f\u0645\u0645 \u0647\u0648\u0627\u0626\u064a \u0627\u0644\u0648\u0627\u064a \u0641\u0627\u064a \u0645\u062a\u0639\u062f\u062f \u0627\u0644\u0627\u062a\u062c\u0627\u0647\u0627\u062a \u0639\u0627\u0644\u064a \u0627\u0644\u0643\u0633\u0628 \u0645\u0646 \u0633\u0644\u0633\u0644\u0629 TOF-2400 \u0644\u062a\u063a\u0637\u064a\u0629 \u0625\u0634\u0627\u0631\u0629 \u0627\u0644\u0648\u0627\u064a \u0641\u0627\u064a \u0641\u064a \u0627\u0644\u0647\u0648\u0627\u0621 \u0627\u0644\u0637\u0644\u0642\u060c \u0645\u0645\u0627 \u064a\u0632\u064a\u062f \u0645\u0646 \u0642\u0648\u0629 \u0627\u0644\u0625\u0634\u0627\u0631\u0629 \u0648\u0646\u0637\u0627\u0642 \u0623\u062c\u0647\u0632\u0629 \u0627\u0644\u0648\u0627\u064a \u0641\u0627\u064a 2.4GHz \u0627\u0644\u062e\u0627\u0635\u0629 \u0628\u0643 \u0628\u0645\u0627 \u0641\u064a \u0630\u0644\u0643 \u0623\u062c\u0647\u0632\u0629 \u0627\u0644\u062a\u0648\u062c\u064a\u0647 \u0648\u0627\u0644\u0628\u0648\u0627\u0628\u0627\u062a \u0648\u0623\u062c\u0647\u0632\u0629 \u0627\u0644\u0645\u0648\u062f\u0645 \u0648\u0627\u0644\u062c\u0633\u0648\u0631 \u0648\u0627\u0644\u0645\u0639\u0632\u0632\u0627\u062a \u0648\u0623\u062c\u0647\u0632\u0629 \u0625\u0639\u0627\u062f\u0629 \u0627\u0644\u0625\u0631\u0633\u0627\u0644 \u0641\u064a \u062c\u0645\u064a\u0639 \u0627\u0644\u0627\u062a\u062c\u0627\u0647\u0627\u062a. \u064a\u0639\u0645\u0644 \u0639\u0644\u0649 \u0646\u0637\u0627\u0642 \u062a\u0631\u062f\u062f 2400-2500MHz\u060c \u0648\u0647\u0648 \u0645\u062b\u0627\u0644\u064a \u0644\u0644\u0639\u062f\u064a\u062f \u0645\u0646 \u0627\u0644\u062a\u0637\u0628\u064a\u0642\u0627\u062a \u0645\u062b\u0644 Wi-Fi \u0648Bluetooth \u0648Zigbee \u0648\u0625\u0646\u062a\u0631\u0646\u062a \u0627\u0644\u0623\u0634\u064a\u0627\u0621, <a href=\"https:\/\/www.tesswave.com\/ar\/what-are-lora-and-lorawan\/\">LoRa\/LoRaWAN<\/a> \u0648 RFID \u0648\u0645\u0627 \u0625\u0644\u0649 \u0630\u0644\u0643,<\/p>\n\n\n\n<p><strong>\u0627\u0644\u0645\u064a\u0632\u0627\u062a:<\/strong><\/p>\n\n\n\n<ul class=\"wp-block-list\">\n<li>\u0643\u0633\u0628 \u0639\u0627\u0644\u064d \u0644\u0632\u064a\u0627\u062f\u0629 \u062a\u063a\u0637\u064a\u0629 \u0625\u0634\u0627\u0631\u0629 WiFi \u0641\u064a \u0627\u0644\u0647\u0648\u0627\u0621 \u0627\u0644\u0637\u0644\u0642 \u0625\u0644\u0649 \u0623\u0642\u0635\u0649 \u062d\u062f<\/li>\n\n\n\n<li>\u0645\u0635\u0645\u0645 \u0644\u0623\u062f\u0627\u0621 \u0639\u0627\u0644\u064d\u060c \u0648\u0646\u0645\u0637 \u0625\u0634\u0639\u0627\u0639 \u0645\u0645\u062a\u0627\u0632<\/li>\n\n\n\n<li>VSWR \u062c\u064a\u062f\u060c \u0623\u0642\u0644 \u0645\u0646 1.5 \u0623\u0648 \u0623\u0641\u0636\u0644<\/li>\n\n\n\n<li>\u0645\u0642\u0627\u0648\u0645 \u0644\u0644\u0639\u0648\u0627\u0645\u0644 \u0627\u0644\u062c\u0648\u064a\u0629 \u0641\u064a \u0627\u0644\u0647\u0648\u0627\u0621 \u0627\u0644\u0637\u0644\u0642 \u0645\u0635\u0645\u0645 \u0628\u0642\u0628\u0629 \u0647\u0648\u0627\u0626\u064a \u0645\u0646 \u0627\u0644\u0623\u0644\u064a\u0627\u0641 \u0627\u0644\u0632\u062c\u0627\u062c\u064a\u0629 \u0627\u0644\u0645\u062a\u064a\u0646\u0629 \u0648\u0645\u0627\u0646\u0639 \u062a\u0633\u0631\u0628 \u0627\u0644\u0645\u0627\u0621 \u0627\u0644\u0645\u0635\u0646\u0641 IP66<\/li>\n\n\n\n<li>\u0645\u0648\u0635\u0644 N \u0623\u0646\u062b\u0649 \u0646\u0645\u0648\u0630\u062c\u064a \u0645\u062a\u0648\u0627\u0641\u0642 \u0645\u0639 \u0645\u0639\u0638\u0645 \u0627\u0644\u0623\u062c\u0647\u0632\u0629 \u0627\u0644\u0644\u0627\u0633\u0644\u0643\u064a\u0629<\/li>\n\n\n\n<li>\u0645\u0632\u0648\u062f\u0629 \u0628\u0645\u062c\u0645\u0648\u0639\u0629 \u0645\u0646 \u0623\u0637\u0642\u0645 \u0627\u0644\u062a\u062b\u0628\u064a\u062a \u0639\u0644\u0649 \u0639\u0645\u0648\u062f \u0645\u062a\u064a\u0646 \u0623\u0648 \u0639\u0644\u0649 \u0627\u0644\u062d\u0627\u0626\u0637 \u0644\u0645\u062e\u062a\u0644\u0641 \u0627\u0644\u0628\u064a\u0626\u0627\u062a<\/li>\n<\/ul>\n\n\n\n<p>\u064a\u0634\u0639 \u0647\u0648\u0627\u0626\u064a \u0627\u0644\u0648\u0627\u064a \u0641\u0627\u064a \u0627\u0644\u062e\u0627\u0631\u062c\u064a \u0645\u062a\u0639\u062f\u062f \u0627\u0644\u0627\u062a\u062c\u0627\u0647\u0627\u062a 2.4GHz \u0625\u0634\u0627\u0631\u0629 \u0628\u0646\u0645\u0637 360 \u062f\u0631\u062c\u0629 \u064a\u0646\u0642\u0644 \u0627\u0644\u0625\u0634\u0627\u0631\u0629 \u0644\u0623\u0642\u0635\u0649 \u0645\u0633\u0627\u0641\u0629 \u0645\u0645\u0643\u0646\u0629 \u0642\u062f\u0631 \u0627\u0644\u0625\u0645\u0643\u0627\u0646\u060c \u0648\u064a\u0633\u0645\u062d \u0644\u0643 \u062a\u0635\u0645\u064a\u0645\u0647 \u0627\u0644\u062c\u0627\u0647\u0632 \u0644\u0644\u0627\u0633\u062a\u062e\u062f\u0627\u0645 \u0628\u0625\u0631\u0641\u0627\u0642\u0647 \u0628\u0623\u062c\u0647\u0632\u0629 \u0627\u0644\u062a\u0648\u062c\u064a\u0647 \u0623\u0648 \u0646\u0642\u0637\u0629 \u0627\u0644\u0648\u0635\u0648\u0644 \u0627\u0644\u0645\u0648\u062c\u0648\u062f\u0629 \u0644\u062f\u064a\u0643 \u0628\u0633\u0631\u0639\u0629 \u0644\u0646\u0642\u0644 \u0623\u0639\u0644\u0649 \u0625\u0634\u0627\u0631\u0629 \u0648\u0627\u064a \u0641\u0627\u064a \u0641\u064a \u062c\u0645\u064a\u0639 \u0627\u0644\u0627\u062a\u062c\u0627\u0647\u0627\u062a. \u0648\u0644\u0643\u0646 \u064a\u0631\u062c\u0649 \u0645\u0644\u0627\u062d\u0638\u0629 \u0623\u0646\u0647 \u064a\u0645\u0643\u0646\u0643 \u0641\u0642\u0637 \u062a\u0648\u0635\u064a\u0644 \u0647\u0648\u0627\u0626\u064a WiFi 2.4GHz \u0628\u0627\u0644\u0623\u062c\u0647\u0632\u0629 \u0627\u0644\u062a\u064a \u062a\u062f\u0639\u0645 \u0646\u0637\u0627\u0642 \u0627\u0644\u062a\u0631\u062f\u062f 2.4GHz.<\/p>\n\n\n\n<h2 class=\"wp-block-heading\">\u062a\u0635\u0645\u064a\u0645 \u0641\u0627\u0626\u0642<\/h2>\n\n\n\n<p>\u064a\u0636\u0645\u0646 \u0647\u064a\u0643\u0644 \u0647\u0648\u0627\u0626\u064a Omni WiFi \u0627\u0644\u0645\u0635\u0646\u0648\u0639 \u0645\u0646 \u0639\u0646\u0627\u0635\u0631 \u0646\u062d\u0627\u0633\u064a\u0629 \u0643\u0627\u0645\u0644\u0629 \u0623\u062f\u0627\u0621\u064b \u0643\u0647\u0631\u0628\u0627\u0626\u064a\u064b\u0627 \u0641\u0627\u0626\u0642\u064b\u0627\u060c \u0648\u062a\u062a\u0645\u064a\u0632 \u0627\u0644\u0639\u0646\u0627\u0635\u0631 \u0627\u0644\u0645\u0639\u062f\u0646\u064a\u0629 \u0628\u0623\u062f\u0627\u0621 \u0623\u0641\u0636\u0644 \u0648\u0623\u0643\u062b\u0631 \u0627\u0633\u062a\u0642\u0631\u0627\u0631\u064b\u0627. \u062a\u0645 \u062a\u0635\u0645\u064a\u0645 \u0627\u0644\u063a\u0644\u0627\u0641 \u0627\u0644\u0645\u062a\u064a\u0646 \u0627\u0644\u0645\u0635\u0646\u0648\u0639 \u0645\u0646 \u0627\u0644\u0623\u0644\u064a\u0627\u0641 \u0627\u0644\u0632\u062c\u0627\u062c\u064a\u0629 \u0627\u0644\u0645\u062a\u064a\u0646\u0629 \u0644\u0644\u062a\u0631\u0643\u064a\u0628 \u0641\u064a \u0627\u0644\u0647\u0648\u0627\u0621 \u0627\u0644\u0637\u0644\u0642 \u0636\u062f \u0627\u0644\u063a\u0628\u0627\u0631 \u0648\u0627\u0644\u0623\u0645\u0637\u0627\u0631\u060c \u0648\u064a\u0645\u0643\u0646\u0647 \u062a\u062d\u0645\u0644 \u0627\u0644\u0638\u0631\u0648\u0641 \u0627\u0644\u0642\u0627\u0633\u064a\u0629 \u0641\u064a \u0627\u0644\u0647\u0648\u0627\u0621 \u0627\u0644\u0637\u0644\u0642. \u062a\u0645 \u062a\u062c\u0647\u064a\u0632\u0647 \u0628\u0645\u0648\u0635\u0644 \u0623\u0646\u062b\u0648\u064a \u0646\u0645\u0648\u0630\u062c\u064a \u0645\u0646 \u0627\u0644\u0646\u0648\u0639 N \u0641\u064a \u0627\u0644\u062c\u0632\u0621 \u0627\u0644\u0633\u0641\u0644\u064a \u0645\u0646 \u0627\u0644\u0647\u0648\u0627\u0626\u064a \u0648\u0647\u0648 \u062c\u064a\u062f \u0623\u064a\u0636\u064b\u0627 \u0644\u0645\u0642\u0627\u0648\u0645\u0629 \u0627\u0644\u0645\u0627\u0621 \u0644\u0645\u0646\u0639 \u0627\u0644\u0645\u064a\u0627\u0647 \u0645\u0646 \u0627\u0644\u0633\u0631\u064a\u0627\u0646 \u0625\u0644\u0649 \u0627\u0644\u062f\u0627\u062e\u0644\u060c \u0628\u0627\u0644\u0625\u0636\u0627\u0641\u0629 \u0625\u0644\u0649 \u0630\u0644\u0643\u060c \u064a\u062a\u0648\u0627\u0641\u0642 \u0627\u0644\u0645\u0648\u0635\u0644 \u0645\u0646 \u0627\u0644\u0646\u0648\u0639 N \u0639\u0644\u0649 \u0646\u0637\u0627\u0642 \u0648\u0627\u0633\u0639 \u0645\u0639 \u0645\u0639\u0638\u0645 \u0627\u0644\u0645\u0639\u062f\u0627\u062a \u0627\u0644\u0644\u0627\u0633\u0644\u0643\u064a\u0629 \u0627\u0644\u062a\u064a \u062a\u0633\u062a\u062e\u062f\u0645 \u0643\u0628\u0644 \u0645\u062d\u0648\u0631\u064a.<\/p>\n\n\n\n<h2 class=\"wp-block-heading\">\u062a\u0631\u0643\u064a\u0628 \u0627\u0644\u0647\u0648\u0627\u0626\u064a<\/h2>\n\n\n\n<p>\u062a\u0623\u062a\u064a \u062c\u0645\u064a\u0639 \u0647\u0648\u0627\u0626\u064a\u0627\u062a\u0646\u0627 \u0645\u0632\u0648\u0651\u062f\u0629 \u0628\u0645\u062c\u0645\u0648\u0639\u0629 \u0645\u0646 \u0623\u062f\u0648\u0627\u062a \u0627\u0644\u062a\u062b\u0628\u064a\u062a \u0634\u062f\u064a\u062f\u0629 \u0627\u0644\u062a\u062d\u0645\u0651\u0644\u060c \u0628\u0645\u0627 \u0641\u064a \u0630\u0644\u0643 \u0645\u0633\u0627\u0645\u064a\u0631 \u0648\u0635\u0648\u0627\u0645\u064a\u0644 \u0639\u0644\u0649 \u0634\u0643\u0644 \u062d\u0631\u0641 U\u060c \u0648\u0645\u0646 \u0627\u0644\u0633\u0647\u0644 \u062c\u062f\u064b\u0627 \u062a\u0631\u0643\u064a\u0628\u0647\u0627 \u0639\u0644\u0649 \u0639\u0645\u0648\u062f \u0623\u0648 \u0639\u0644\u0649 \u0627\u0644\u062d\u0627\u0626\u0637 \u0645\u0628\u0627\u0634\u0631\u0629\u064b. \u0639\u0627\u062f\u0629\u064b \u0645\u0627 \u064a\u062a\u0645 \u062a\u062b\u0628\u064a\u062a \u0627\u0644\u0647\u0648\u0627\u0626\u064a \u0627\u0644\u0623\u0648\u0645\u0646\u064a \u0639\u0644\u0649 \u0627\u0644\u0633\u0637\u062d \u062f\u0648\u0646 \u0623\u064a \u0639\u0648\u0627\u0626\u0642 \u0644\u0646\u0642\u0644 \u0625\u0634\u0627\u0631\u0629 WiFi \u0625\u0644\u0649 \u0623\u0642\u0635\u0649 \u062d\u062f \u0625\u0644\u0649 \u0627\u0644\u0645\u0633\u062a\u062e\u062f\u0645\u064a\u0646 \u0627\u0644\u0646\u0647\u0627\u0626\u064a\u064a\u0646.<\/p>\n\n\n\n<h2 class=\"wp-block-heading\">\u0627\u0644\u062a\u062e\u0635\u064a\u0635<\/h2>\n\n\n\n<p>\u0646\u062d\u0646 \u0646\u0642\u0628\u0644 \u062e\u062f\u0645\u0629 \u0627\u0644\u062a\u062e\u0635\u064a\u0635 \u0628\u0645\u0627 \u0641\u064a \u0630\u0644\u0643 \u0627\u0644\u0645\u0648\u0635\u0644\u060c \u0648\u0627\u0644\u062a\u0631\u062f\u062f\u060c \u0648\u0645\u0638\u0647\u0631 \u0627\u0644\u0647\u0648\u0627\u0626\u064a\u060c \u0648\u0645\u062c\u0645\u0648\u0639\u0629 \u0623\u062f\u0648\u0627\u062a \u0627\u0644\u062a\u0631\u0643\u064a\u0628\u060c \u0648\u0637\u0628\u0627\u0639\u0629 \u0627\u0644\u0634\u0639\u0627\u0631\u060c \u0648\u0627\u0644\u062a\u063a\u0644\u064a\u0641\u060c \u0648\u0645\u0627 \u0625\u0644\u0649 \u0630\u0644\u0643,<\/p>\n\n\n\n<p>&nbsp;<\/p>\n\n\n\n<figure class=\"wp-block-table\"><table class=\"has-fixed-layout\"><tbody><tr><td><strong>\u0627\u0644\u0645\u0648\u0627\u0635\u0641\u0627\u062a \u0627\u0644\u0643\u0647\u0631\u0628\u0627\u0626\u064a\u0629<\/strong><\/td><td><\/td><\/tr><tr><td>\u0627\u0644\u062a\u0631\u062f\u062f<\/td><td>2400-2500 MHz MHz<\/td><\/tr><tr><td>\u0627\u0644\u0645\u0643\u0627\u0633\u0628<\/td><td>12 dBi dBi<\/td><\/tr><tr><td>VSWR<\/td><td>&lt;1.5<\/td><\/tr><tr><td>\u0627\u0644\u0627\u0633\u062a\u0642\u0637\u0627\u0628<\/td><td>\u0639\u0645\u0648\u062f\u064a<\/td><\/tr><tr><td>\u0639\u0631\u0636 \u0627\u0644\u062d\u0632\u0645\u0629 \u0627\u0644\u0623\u0641\u0642\u064a\u0629<\/td><td>360\u00b0<\/td><\/tr><tr><td>\u0639\u0631\u0636 \u0627\u0644\u0634\u0639\u0627\u0639 \u0627\u0644\u0639\u0645\u0648\u062f\u064a<\/td><td>7.5\u00b0<\/td><\/tr><tr><td>\u0627\u0644\u0645\u0639\u0627\u0648\u0642\u0629<\/td><td>50 \u0623\u0648\u0645<\/td><\/tr><tr><td>\u0627\u0644\u062d\u062f \u0627\u0644\u0623\u0642\u0635\u0649. \u0637\u0627\u0642\u0629 \u0627\u0644\u0625\u062f\u062e\u0627\u0644<\/td><td>100W<\/td><\/tr><tr><td>\u0627\u0644\u062d\u0645\u0627\u064a\u0629 \u0645\u0646 \u0627\u0644\u0635\u0648\u0627\u0639\u0642<\/td><td>\u0623\u0631\u0636\u064a DC<\/td><\/tr><tr><td><strong>\u0627\u0644\u0645\u0648\u0627\u0635\u0641\u0627\u062a \u0627\u0644\u0645\u064a\u0643\u0627\u0646\u064a\u0643\u064a\u0629<\/strong><\/td><td>&nbsp;<\/td><\/tr><tr><td>\u0627\u0644\u0645\u0648\u0635\u0644<\/td><td>\u0646 \u0623\u0646\u062b\u0649<\/td><\/tr><tr><td>\u0627\u0644\u0628\u064f\u0639\u062f<\/td><td>\u00d825\u00d79601\u00d7960mm<\/td><\/tr><tr><td>\u0627\u0644\u0648\u0632\u0646<\/td><td>0.7 \u0643\u062c\u0645<\/td><\/tr><tr><td>\u0627\u0644\u062a\u0631\u0643\u064a\u0628<\/td><td>\u0635\u0627\u0631\u064a \u00d840-\u00d8 60 \u0645\u0645<\/td><\/tr><tr><td>\u0645\u0627\u062f\u0629 \u0627\u0644\u0631\u0627\u062f\u0648\u0645<\/td><td>\u0623\u0644\u064a\u0627\u0641 \u0632\u062c\u0627\u062c\u064a\u0629 (\u0623\u0628\u064a\u0636)<\/td><\/tr><tr><td>\u0645\u0639\u062f\u0644 \u0633\u0631\u0639\u0629 \u0627\u0644\u0631\u064a\u0627\u062d<\/td><td>210 \u0643\u0645\/\u0633\u0627\u0639\u0629<\/td><\/tr><tr><td>\u0627\u0644\u062d\u0645\u0627\u064a\u0629 \u0645\u0646 \u0627\u0644\u062f\u062e\u0648\u0644<\/td><td>IP66<\/td><\/tr><tr><td>\u062f\u0631\u062c\u0629 \u062d\u0631\u0627\u0631\u0629 \u0627\u0644\u062a\u0634\u063a\u064a\u0644<\/td><td>-40\u2103 - +65\u2103<\/td><\/tr><\/tbody><\/table><\/figure>\n\n\n\n<p>&nbsp;<\/p>","protected":false},"author":1,"featured_media":4970,"menu_order":0,"template":"","meta":{"_acf_changed":true},"product_cat":[242,332,254],"product_tag":[],"class_list":["post-2237","product","type-product","status-publish","has-post-thumbnail","hentry","product_cat-omnidirectional-wifi-antennas","product_cat-2-4-ghz-antennas","product_cat-2-4-ghz-lora-antennas"],"acf":{"_sku":"TOF-2400-12V","product-image":[4970],"_price":"25","pdsms":null,"excerpt":"<ul>\r\n<li>\u062a\u0639\u0645\u0644 \u0639\u0644\u0649 \u0646\u0637\u0627\u0642 \u0627\u0644\u062a\u0631\u062f\u062f 2.4\/5GHz<\/li>\r\n<li>\u0639\u0646\u0627\u0635\u0631 \u0646\u062d\u0627\u0633\u064a\u0629 \u0639\u0627\u0644\u064a\u0629 \u0627\u0644\u062c\u0648\u062f\u0629 \u0628\u0627\u0644\u062f\u0627\u062e\u0644 \u0644\u0644\u062a\u0623\u0643\u062f \u0645\u0646 \u0623\u0646\u0647\u0627 \u0639\u0627\u0644\u064a\u0629 \u0627\u0644\u0643\u0633\u0628<\/li>\r\n<li>\u062a\u0634\u0639 \u0627\u0644\u0625\u0634\u0627\u0631\u0629 \u0641\u064a \u0643\u0644 \u0627\u0644\u0627\u062a\u062c\u0627\u0647\u0627\u062a\u060c \u0648\u0647\u064a \u0645\u062b\u0627\u0644\u064a\u0629 \u0644\u062a\u063a\u0637\u064a\u0629 \u0627\u0644\u0625\u0634\u0627\u0631\u0629 \u0641\u064a \u0627\u0644\u0647\u0648\u0627\u0621 \u0627\u0644\u0637\u0644\u0642<\/li>\r\n<li>\u062a\u0631\u0643\u064a\u0628 \u0639\u0645\u0648\u062f \u0627\u0644\u062a\u062b\u0628\u064a\u062a \u0641\u064a \u0627\u0644\u0647\u0648\u0627\u0621 \u0627\u0644\u0637\u0644\u0642<\/li>\r\n<li>\u0645\u0628\u064a\u062a \u0647\u0648\u0627\u0626\u064a \u0645\u062a\u064a\u0646 \u0645\u0646 \u0627\u0644\u0623\u0644\u064a\u0627\u0641 \u0627\u0644\u0632\u062c\u0627\u062c\u064a\u0629 \u0627\u0644\u0645\u0642\u0627\u0648\u0645\u0629 \u0644\u0644\u0639\u0648\u0627\u0645\u0644 \u0627\u0644\u062c\u0648\u064a\u0629<\/li>\r\n<li>\u0645\u0642\u0627\u0648\u0645\u0629 \u0644\u0644\u0645\u0637\u0631 \u0648\u0627\u0644\u063a\u0628\u0627\u0631 IP66<\/li>\r\n<li>\u0645\u0648\u0635\u0644 N \u0623\u0646\u062b\u0648\u064a \u0646\u0645\u0648\u0630\u062c\u064a (\u064a\u0642\u0628\u0644 \u0627\u0644\u0645\u0648\u0635\u0644\u0627\u062a \u0627\u0644\u0623\u062e\u0631\u0649)<\/li>\r\n<\/ul>","faqs":""},"_links":{"self":[{"href":"https:\/\/www.tesswave.com\/ar\/wp-json\/wp\/v2\/product\/2237","targetHints":{"allow":["GET"]}}],"collection":[{"href":"https:\/\/www.tesswave.com\/ar\/wp-json\/wp\/v2\/product"}],"about":[{"href":"https:\/\/www.tesswave.com\/ar\/wp-json\/wp\/v2\/types\/product"}],"author":[{"embeddable":true,"href":"https:\/\/www.tesswave.com\/ar\/wp-json\/wp\/v2\/users\/1"}],"acf:attachment":[{"embeddable":true,"href":"https:\/\/www.tesswave.com\/ar\/wp-json\/wp\/v2\/media\/4970"}],"wp:featuredmedia":[{"embeddable":true,"href":"https:\/\/www.tesswave.com\/ar\/wp-json\/wp\/v2\/media\/4970"}],"wp:attachment":[{"href":"https:\/\/www.tesswave.com\/ar\/wp-json\/wp\/v2\/media?parent=2237"}],"wp:term":[{"taxonomy":"product_cat","embeddable":true,"href":"https:\/\/www.tesswave.com\/ar\/wp-json\/wp\/v2\/product_cat?post=2237"},{"taxonomy":"product_tag","embeddable":true,"href":"https:\/\/www.tesswave.com\/ar\/wp-json\/wp\/v2\/product_tag?post=2237"}],"curies":[{"name":"\u062f\u0628\u0644\u064a\u0648 \u0628\u064a","href":"https:\/\/api.w.org\/{rel}","templated":true}]}}