{"id":2287,"date":"2022-05-25T11:33:56","date_gmt":"2022-05-25T03:33:56","guid":{"rendered":"https:\/\/www.tesswave.com\/?post_type=product&#038;p=2287"},"modified":"2025-06-19T19:37:21","modified_gmt":"2025-06-19T11:37:21","slug":"2-4-5-ghz-13dbi-6-port-mimo-panel-antenna","status":"publish","type":"product","link":"https:\/\/www.tesswave.com\/ar\/product\/2-4-5-ghz-13dbi-6-port-mimo-panel-antenna\/","title":{"rendered":"2.4\/5 \u062c\u064a\u062c\u0627 \u0647\u0631\u062a\u0632 13dBi \u0647\u0648\u0627\u0626\u064a \u062e\u0627\u0631\u062c\u064a \u062b\u0646\u0627\u0626\u064a \u0627\u0644\u0627\u062a\u062c\u0627\u0647 \u062b\u0646\u0627\u0626\u064a \u0627\u0644\u0646\u0637\u0627\u0642 \u0645\u0632\u062f\u0648\u062c \u0627\u0644\u0627\u062a\u062c\u0627\u0647 6 \u0645\u0646\u0627\u0641\u0630 6\u00d76 MIMO"},"content":{"rendered":"<figure class=\"wp-block-table\"><table><tbody><tr><td><strong>\u0627\u0644\u0645\u0648\u0627\u0635\u0641\u0627\u062a \u0627\u0644\u0643\u0647\u0631\u0628\u0627\u0626\u064a\u0629<\/strong><\/td><td colspan=\"2\"><\/td><\/tr><tr><td>\u0627\u0644\u062a\u0631\u062f\u062f-MHz<\/td><td>2400-2500<\/td><td>4900-5850<\/td><\/tr><tr><td>Gain-dBi<\/td><td>10<\/td><td>13<\/td><\/tr><tr><td>VSWR<\/td><td colspan=\"2\">&lt;1.8<\/td><\/tr><tr><td>\u0627\u0644\u0627\u0633\u062a\u0642\u0637\u0627\u0628<\/td><td colspan=\"2\">3\u00d7\u0623\u0641\u0642\u064a \u06483\u00d7 \u0631\u0623\u0633\u064a<\/td><\/tr><tr><td>\u0639\u0631\u0636 \u0627\u0644\u062d\u0632\u0645\u0629 \u0627\u0644\u0623\u0641\u0642\u064a\u0629<\/td><td>48\u00b0<\/td><td>35\u00b0<\/td><\/tr><tr><td>\u0639\u0631\u0636 \u0627\u0644\u0634\u0639\u0627\u0639 \u0627\u0644\u0639\u0645\u0648\u062f\u064a<\/td><td>45\u00b0<\/td><td>20\u00b0<\/td><\/tr><tr><td>\u0646\u0633\u0628\u0629 \u0648\u0627\u0648\/\u0628\u0627\u0621<\/td><td colspan=\"2\">\u226518 \u062f\u064a\u0633\u064a\u0628\u0644<\/td><\/tr><tr><td>\u0627\u0644\u0639\u0632\u0644<\/td><td colspan=\"2\">\u226528 \u062f\u064a\u0633\u064a\u0628\u0644<\/td><\/tr><tr><td>\u0627\u0644\u0645\u0639\u0627\u0648\u0642\u0629<\/td><td colspan=\"2\">50 \u0623\u0648\u0645<\/td><\/tr><tr><td>\u0627\u0644\u062d\u062f \u0627\u0644\u0623\u0642\u0635\u0649. \u0637\u0627\u0642\u0629 \u0627\u0644\u0625\u062f\u062e\u0627\u0644<\/td><td colspan=\"2\">100W<\/td><\/tr><tr><td>\u0627\u0644\u062d\u0645\u0627\u064a\u0629 \u0645\u0646 \u0627\u0644\u0635\u0648\u0627\u0639\u0642<\/td><td colspan=\"2\">\u0623\u0631\u0636\u064a DC<\/td><\/tr><tr><td><strong>\u0627\u0644\u0645\u0648\u0627\u0635\u0641\u0627\u062a \u0627\u0644\u0645\u064a\u0643\u0627\u0646\u064a\u0643\u064a\u0629<\/strong><\/td><td colspan=\"2\">&nbsp;<\/td><\/tr><tr><td>\u0627\u0644\u0645\u0648\u0635\u0644<\/td><td colspan=\"2\">6\u00d7\u0646 \u0623\u0646\u062b\u0649<\/td><\/tr><tr><td>\u0627\u0644\u0628\u064f\u0639\u062f<\/td><td colspan=\"2\">305 \u00d7 305 \u00d7 305 \u00d7 25 \u0645\u0645<\/td><\/tr><tr><td>\u0627\u0644\u0648\u0632\u0646<\/td><td colspan=\"2\">0.7 \u0643\u062c\u0645<\/td><\/tr><tr><td>\u0627\u0644\u062a\u0631\u0643\u064a\u0628<\/td><td colspan=\"2\">\u0635\u0627\u0631\u064a \u00d840-\u00d8 60 \u0645\u0645<\/td><\/tr><tr><td>\u0645\u0627\u062f\u0629 \u0627\u0644\u0631\u0627\u062f\u0648\u0645<\/td><td colspan=\"2\">ABS<\/td><\/tr><tr><td>\u0645\u0639\u062f\u0644 \u0633\u0631\u0639\u0629 \u0627\u0644\u0631\u064a\u0627\u062d<\/td><td colspan=\"2\">210 \u0643\u0645\/\u0633\u0627\u0639\u0629<\/td><\/tr><tr><td>\u062f\u0631\u062c\u0629 \u062d\u0631\u0627\u0631\u0629 \u0627\u0644\u062a\u0634\u063a\u064a\u0644<\/td><td colspan=\"2\">-40\u2103 - +65\u2103<\/td><\/tr><\/tbody><\/table><\/figure>","protected":false},"author":1,"featured_media":4820,"menu_order":0,"template":"","meta":{"_acf_changed":true},"product_cat":[128,335,327,241],"product_tag":[],"class_list":["post-2287","product","type-product","status-publish","has-post-thumbnail","hentry","product_cat-mimo-panel-antennas","product_cat-2-4-5-ghz-antennas","product_cat-dual-band-wifi-antennas","product_cat-flat-panel-wifi-antennas"],"acf":{"_sku":"TPC-2458-13CD","product-image":[4820],"_price":"33","pdsms":null,"excerpt":"<ul>\r\n<li>\u062a\u0639\u0645\u0644 \u0639\u0644\u0649 \u0646\u0637\u0627\u0642 \u0627\u0644\u062a\u0631\u062f\u062f \u0627\u0644\u0645\u0632\u062f\u0648\u062c 2400-2500\/4900-5850MHz<\/li>\r\n<li>\u0645\u0643\u0633\u0628 \u062d\u0642\u064a\u0642\u064a 10dbi@2.4GHz\u060c 13dBi@5GHz<\/li>\r\n<li>\u0647\u0648\u0627\u0626\u064a \u0627\u062a\u062c\u0627\u0647\u064a \u0644\u0644\u062a\u0637\u0628\u064a\u0642\u0627\u062a \u0627\u0644\u062e\u0627\u0631\u062c\u064a\u0629 \u0645\u0646 \u0646\u0642\u0637\u0629 \u0625\u0644\u0649 \u0646\u0642\u0637\u0629<\/li>\r\n<li>\u062d\u0627\u0645\u0644 \u0639\u0645\u0648\u062f \u0644\u0644\u062a\u0631\u0643\u064a\u0628 \u0641\u064a \u0627\u0644\u0647\u0648\u0627\u0621 \u0627\u0644\u0637\u0644\u0642<\/li>\r\n<li>\u0645\u0628\u064a\u062a \u0647\u0648\u0627\u0626\u064a ABS \u0645\u062d\u0645\u064a \u0645\u0646 \u0627\u0644\u0623\u0634\u0639\u0629 \u0641\u0648\u0642 \u0627\u0644\u0628\u0646\u0641\u0633\u062c\u064a\u0629 \u0644\u0645\u0642\u0627\u0648\u0645\u0629 \u0627\u0644\u0637\u0642\u0633<\/li>\r\n<li>\u0627\u0644\u0623\u0628\u0639\u0627\u062f: 305 \u00d7 305 \u00d7 305 \u00d7 25 \u0645\u0645<\/li>\r\n<li>\u0645\u0648\u0635\u0644 6 \u00d7 N \u0623\u0646\u062b\u0649 6\u00d7N<\/li>\r\n<li>\u0645\u0642\u0627\u0648\u0645\u0629 \u0644\u0644\u0645\u0637\u0631 \u0648\u0627\u0644\u063a\u0628\u0627\u0631 IP55<\/li>\r\n<\/ul>","faqs":""},"_links":{"self":[{"href":"https:\/\/www.tesswave.com\/ar\/wp-json\/wp\/v2\/product\/2287","targetHints":{"allow":["GET"]}}],"collection":[{"href":"https:\/\/www.tesswave.com\/ar\/wp-json\/wp\/v2\/product"}],"about":[{"href":"https:\/\/www.tesswave.com\/ar\/wp-json\/wp\/v2\/types\/product"}],"author":[{"embeddable":true,"href":"https:\/\/www.tesswave.com\/ar\/wp-json\/wp\/v2\/users\/1"}],"acf:attachment":[{"embeddable":true,"href":"https:\/\/www.tesswave.com\/ar\/wp-json\/wp\/v2\/media\/4820"}],"wp:featuredmedia":[{"embeddable":true,"href":"https:\/\/www.tesswave.com\/ar\/wp-json\/wp\/v2\/media\/4820"}],"wp:attachment":[{"href":"https:\/\/www.tesswave.com\/ar\/wp-json\/wp\/v2\/media?parent=2287"}],"wp:term":[{"taxonomy":"product_cat","embeddable":true,"href":"https:\/\/www.tesswave.com\/ar\/wp-json\/wp\/v2\/product_cat?post=2287"},{"taxonomy":"product_tag","embeddable":true,"href":"https:\/\/www.tesswave.com\/ar\/wp-json\/wp\/v2\/product_tag?post=2287"}],"curies":[{"name":"\u062f\u0628\u0644\u064a\u0648 \u0628\u064a","href":"https:\/\/api.w.org\/{rel}","templated":true}]}}