{"id":2417,"date":"2022-05-30T11:46:46","date_gmt":"2022-05-30T03:46:46","guid":{"rendered":"https:\/\/www.tesswave.com\/?post_type=product&#038;p=2417"},"modified":"2025-06-19T19:07:33","modified_gmt":"2025-06-19T11:07:33","slug":"1800mhz-8dbi-omnidirectional-base-station-antenna","status":"publish","type":"product","link":"https:\/\/www.tesswave.com\/ar\/product\/1800mhz-8dbi-omnidirectional-base-station-antenna\/","title":{"rendered":"1800MHz 8dBi \u0647\u0648\u0627\u0626\u064a \u0645\u062d\u0637\u0629 \u0642\u0627\u0639\u062f\u064a\u0629 \u0645\u062a\u0639\u062f\u062f\u0629 \u0627\u0644\u0627\u062a\u062c\u0627\u0647\u0627\u062a"},"content":{"rendered":"<figure class=\"wp-block-table is-style-regular\"><table class=\"has-fixed-layout\"><tbody><tr><td><strong>\u0627\u0644\u0645\u0648\u0627\u0635\u0641\u0627\u062a \u0627\u0644\u0643\u0647\u0631\u0628\u0627\u0626\u064a\u0629<\/strong><\/td><td>&nbsp;<\/td><\/tr><tr><td>\u0627\u0644\u062a\u0631\u062f\u062f<\/td><td>1710-1880 MHz<\/td><\/tr><tr><td>\u0627\u0644\u0645\u0643\u0627\u0633\u0628<\/td><td>8 dBi<\/td><\/tr><tr><td>VSWR<\/td><td>&lt;1.5<\/td><\/tr><tr><td>\u0627\u0644\u0627\u0633\u062a\u0642\u0637\u0627\u0628<\/td><td>\u0639\u0645\u0648\u062f\u064a<\/td><\/tr><tr><td>\u0639\u0631\u0636 \u0627\u0644\u062d\u0632\u0645\u0629 \u0627\u0644\u0623\u0641\u0642\u064a\u0629<\/td><td>360\u00b0<\/td><\/tr><tr><td>\u0639\u0631\u0636 \u0627\u0644\u0634\u0639\u0627\u0639 \u0627\u0644\u0639\u0645\u0648\u062f\u064a<\/td><td>18\u00b0<\/td><\/tr><tr><td>\u0627\u0644\u0645\u0639\u0627\u0648\u0642\u0629<\/td><td>50 \u0623\u0648\u0645<\/td><\/tr><tr><td>\u0627\u0644\u062d\u062f \u0627\u0644\u0623\u0642\u0635\u0649. \u0637\u0627\u0642\u0629 \u0627\u0644\u0625\u062f\u062e\u0627\u0644<\/td><td>100W<\/td><\/tr><tr><td>\u0627\u0644\u062d\u0645\u0627\u064a\u0629 \u0645\u0646 \u0627\u0644\u0635\u0648\u0627\u0639\u0642<\/td><td>\u0623\u0631\u0636\u064a DC<\/td><\/tr><tr><td><strong>\u0627\u0644\u0645\u0648\u0627\u0635\u0641\u0627\u062a \u0627\u0644\u0645\u064a\u0643\u0627\u0646\u064a\u0643\u064a\u0629<\/strong><\/td><td>&nbsp;<\/td><\/tr><tr><td>\u0627\u0644\u0645\u0648\u0635\u0644<\/td><td>\u0646 \u0623\u0646\u062b\u0649<\/td><\/tr><tr><td>\u0627\u0644\u0628\u064f\u0639\u062f<\/td><td>\u00d820\u00d77501\u00d7750mm<\/td><\/tr><tr><td>\u0627\u0644\u0648\u0632\u0646<\/td><td>0.6 \u0643\u062c\u0645<\/td><\/tr><tr><td>\u0627\u0644\u062a\u0631\u0643\u064a\u0628<\/td><td>\u0635\u0627\u0631\u064a \u00d840-\u00d8 60 \u0645\u0645<\/td><\/tr><tr><td>\u0645\u0627\u062f\u0629 \u0627\u0644\u0631\u0627\u062f\u0648\u0645<\/td><td>\u0623\u0644\u064a\u0627\u0641 \u0632\u062c\u0627\u062c\u064a\u0629 (\u0623\u0628\u064a\u0636)<\/td><\/tr><tr><td>\u0645\u0639\u062f\u0644 \u0633\u0631\u0639\u0629 \u0627\u0644\u0631\u064a\u0627\u062d<\/td><td>210 \u0643\u0645\/\u0633\u0627\u0639\u0629<\/td><\/tr><tr><td>\u062f\u0631\u062c\u0629 \u062d\u0631\u0627\u0631\u0629 \u0627\u0644\u062a\u0634\u063a\u064a\u0644<\/td><td>-40\u2103 - +65\u2103<\/td><\/tr><\/tbody><\/table><\/figure>","protected":false},"author":1,"featured_media":4981,"menu_order":0,"template":"","meta":{"_acf_changed":true},"product_cat":[250,331],"product_tag":[],"class_list":["post-2417","product","type-product","status-publish","has-post-thumbnail","hentry","product_cat-2g-3g-omnidirectional-antennas","product_cat-1800-1900-mhz-antennas"],"acf":{"_sku":"TOF-1718-8V","product-image":[4981],"_price":"25","pdsms":null,"excerpt":"<ul>\r\n<li>\u062a\u0639\u0645\u0644 \u0639\u0644\u0649 \u0646\u0637\u0627\u0642 \u0627\u0644\u062a\u0631\u062f\u062f 1710-1880MHz<\/li>\r\n<li>\u0635\u062d\u064a\u062d 8dBi 81T \u0639\u0627\u0644\u064a\u0629 \u0627\u0644\u0643\u0633\u0628 \u0627\u0644\u0639\u0627\u0644\u064a<\/li>\r\n<li>\u0645\u0646\u0627\u0633\u0628 \u0644\u0644\u062a\u0637\u0628\u064a\u0642\u0627\u062a \u0627\u0644\u062e\u0644\u0648\u064a\u0629\u060c \u0648 GSM\u060c \u0648 ISM\u060c \u0648\u063a\u064a\u0631\u0647\u0627 \u0645\u0646 \u0627\u0644\u062a\u0637\u0628\u064a\u0642\u0627\u062a<\/li>\r\n<li>\u0625\u0634\u0639\u0627\u0639 \u0645\u062a\u0639\u062f\u062f \u0627\u0644\u0627\u062a\u062c\u0627\u0647\u0627\u062a \u0644\u062a\u063a\u0637\u064a\u0629 \u0625\u0634\u0627\u0631\u0629 \u062e\u0627\u0631\u062c\u064a\u0629 \u0628\u0632\u0627\u0648\u064a\u0629 360 \u062f\u0631\u062c\u0629<\/li>\r\n<li>\u062a\u0631\u0643\u064a\u0628 \u0639\u0645\u0648\u062f \u0627\u0644\u062a\u062b\u0628\u064a\u062a \u0641\u064a \u0627\u0644\u0647\u0648\u0627\u0621 \u0627\u0644\u0637\u0644\u0642<\/li>\r\n<li>\u0645\u0628\u064a\u062a \u0647\u0648\u0627\u0626\u064a \u0645\u062a\u064a\u0646 \u0645\u0646 \u0627\u0644\u0623\u0644\u064a\u0627\u0641 \u0627\u0644\u0632\u062c\u0627\u062c\u064a\u0629 \u0627\u0644\u0645\u0642\u0627\u0648\u0645\u0629 \u0644\u0644\u0639\u0648\u0627\u0645\u0644 \u0627\u0644\u062c\u0648\u064a\u0629<\/li>\r\n<li>\u0627\u0644\u0623\u0628\u0639\u0627\u062f: \u00d820\u00d77501\u00d7750mm<\/li>\r\n<li>\u0645\u0648\u0635\u0644 \u0623\u0646\u062b\u0649 N \u0623\u0646\u062b\u0649 \u0646\u0645\u0648\u0630\u062c\u064a<\/li>\r\n<\/ul>","faqs":""},"_links":{"self":[{"href":"https:\/\/www.tesswave.com\/ar\/wp-json\/wp\/v2\/product\/2417","targetHints":{"allow":["GET"]}}],"collection":[{"href":"https:\/\/www.tesswave.com\/ar\/wp-json\/wp\/v2\/product"}],"about":[{"href":"https:\/\/www.tesswave.com\/ar\/wp-json\/wp\/v2\/types\/product"}],"author":[{"embeddable":true,"href":"https:\/\/www.tesswave.com\/ar\/wp-json\/wp\/v2\/users\/1"}],"acf:attachment":[{"embeddable":true,"href":"https:\/\/www.tesswave.com\/ar\/wp-json\/wp\/v2\/media\/4981"}],"wp:featuredmedia":[{"embeddable":true,"href":"https:\/\/www.tesswave.com\/ar\/wp-json\/wp\/v2\/media\/4981"}],"wp:attachment":[{"href":"https:\/\/www.tesswave.com\/ar\/wp-json\/wp\/v2\/media?parent=2417"}],"wp:term":[{"taxonomy":"product_cat","embeddable":true,"href":"https:\/\/www.tesswave.com\/ar\/wp-json\/wp\/v2\/product_cat?post=2417"},{"taxonomy":"product_tag","embeddable":true,"href":"https:\/\/www.tesswave.com\/ar\/wp-json\/wp\/v2\/product_tag?post=2417"}],"curies":[{"name":"\u062f\u0628\u0644\u064a\u0648 \u0628\u064a","href":"https:\/\/api.w.org\/{rel}","templated":true}]}}