{"id":2468,"date":"2022-05-30T17:43:23","date_gmt":"2022-05-30T09:43:23","guid":{"rendered":"https:\/\/www.tesswave.com\/?post_type=product&#038;p=2468"},"modified":"2025-06-19T18:51:54","modified_gmt":"2025-06-19T10:51:54","slug":"indoor-2g-3g-4g-ceiling-mount-dome-antenna","status":"publish","type":"product","link":"https:\/\/www.tesswave.com\/ar\/product\/indoor-2g-3g-4g-ceiling-mount-dome-antenna\/","title":{"rendered":"698-2700 \u0645\u064a\u062c\u0627 \u0647\u0631\u062a\u0632 2G\/298-2700 \u0645\u064a\u062c\u0627 \u0647\u0631\u062a\u0632 \u062f\u0627\u062e\u0644\u064a 2G\/3G\/4G LTE \u0647\u0648\u0627\u0626\u064a \u0642\u0628\u0629 \u0645\u062b\u0628\u062a\u0629 \u0639\u0644\u0649 \u0627\u0644\u0633\u0642\u0641"},"content":{"rendered":"<figure class=\"wp-block-table is-style-regular\"><table class=\"has-fixed-layout\"><tbody><tr><td><strong>\u0627\u0644\u0645\u0648\u0627\u0635\u0641\u0627\u062a \u0627\u0644\u0643\u0647\u0631\u0628\u0627\u0626\u064a\u0629<\/strong><\/td><td>&nbsp;<\/td><td>&nbsp;<\/td><\/tr><tr><td>\u0627\u0644\u062a\u0631\u062f\u062f- MHz<\/td><td>698-960<\/td><td>1710-2700<\/td><\/tr><tr><td>Gain-dBi<\/td><td>3<\/td><td>4.5<\/td><\/tr><tr><td>VSWR<\/td><td>&lt;1.5<\/td><td>&nbsp;<\/td><\/tr><tr><td>\u0627\u0644\u0627\u0633\u062a\u0642\u0637\u0627\u0628<\/td><td>\u0639\u0645\u0648\u062f\u064a<\/td><td>&nbsp;<\/td><\/tr><tr><td>\u0639\u0631\u0636 \u0627\u0644\u062d\u0632\u0645\u0629 \u0627\u0644\u0623\u0641\u0642\u064a\u0629<\/td><td>360\u00b0<\/td><td>&nbsp;<\/td><\/tr><tr><td>\u0639\u0631\u0636 \u0627\u0644\u0634\u0639\u0627\u0639 \u0627\u0644\u0639\u0645\u0648\u062f\u064a<\/td><td>80\u00b0<\/td><td>55\u00b0<\/td><\/tr><tr><td>\u0627\u0644\u0645\u0639\u0627\u0648\u0642\u0629<\/td><td>50 \u0623\u0648\u0645<\/td><td>&nbsp;<\/td><\/tr><tr><td>\u0627\u0644\u062d\u062f \u0627\u0644\u0623\u0642\u0635\u0649. \u0637\u0627\u0642\u0629 \u0627\u0644\u0625\u062f\u062e\u0627\u0644<\/td><td>100W<\/td><td>&nbsp;<\/td><\/tr><tr><td>\u0627\u0644\u062d\u0645\u0627\u064a\u0629 \u0645\u0646 \u0627\u0644\u0635\u0648\u0627\u0639\u0642<\/td><td>\u0623\u0631\u0636\u064a DC<\/td><td>&nbsp;<\/td><\/tr><tr><td><strong>\u0627\u0644\u0645\u0648\u0627\u0635\u0641\u0627\u062a \u0627\u0644\u0645\u064a\u0643\u0627\u0646\u064a\u0643\u064a\u0629<\/strong><\/td><td>&nbsp;<\/td><td>&nbsp;<\/td><\/tr><tr><td>\u0627\u0644\u0645\u0648\u0635\u0644<\/td><td>\u0646 \u0623\u0646\u062b\u0649<\/td><td>&nbsp;<\/td><\/tr><tr><td>\u0627\u0644\u0628\u064f\u0639\u062f<\/td><td>\u00d8180 \u00d7 801\u00d780mm<\/td><td>&nbsp;<\/td><\/tr><tr><td>\u0627\u0644\u0648\u0632\u0646<\/td><td>0.2 \u0643\u062c\u0645<\/td><td>&nbsp;<\/td><\/tr><tr><td>\u0627\u0644\u062a\u0631\u0643\u064a\u0628<\/td><td>\u062d\u0627\u0645\u0644 \u0627\u0644\u0633\u0642\u0641<\/td><td>&nbsp;<\/td><\/tr><tr><td>\u0645\u0627\u062f\u0629 \u0627\u0644\u0631\u0627\u062f\u0648\u0645<\/td><td>ABS<\/td><td>&nbsp;<\/td><\/tr><tr><td>\u0645\u0639\u062f\u0644 \u0633\u0631\u0639\u0629 \u0627\u0644\u0631\u064a\u0627\u062d<\/td><td>210 \u0643\u0645\/\u0633\u0627\u0639\u0629<\/td><td>&nbsp;<\/td><\/tr><tr><td>\u062f\u0631\u062c\u0629 \u062d\u0631\u0627\u0631\u0629 \u0627\u0644\u062a\u0634\u063a\u064a\u0644<\/td><td>-40\u2103 - +65\u2103<\/td><td>&nbsp;<\/td><\/tr><\/tbody><\/table><\/figure>","protected":false},"author":1,"featured_media":5074,"menu_order":0,"template":"","meta":{"_acf_changed":true},"product_cat":[87,337,147],"product_tag":[],"class_list":["post-2468","product","type-product","status-publish","has-post-thumbnail","hentry","product_cat-4g-lte-antennas","product_cat-698-2700-mhz-antennas","product_cat-das-antennas"],"acf":{"_sku":"TCC-0727-4V","product-image":[5074],"_price":"4.5","pdsms":null,"excerpt":"<ul>\r\n<li>\u062a\u0639\u0645\u0644 \u0639\u0644\u0649 \u0627\u0644\u0646\u0637\u0627\u0642 698-960\/1710-2710-2700MHz \u0644\u0645\u0643\u0631\u0631\/\u0645\u0639\u0632\u0632 2G\/3G\/4G<\/li>\r\n<li>\u062a\u063a\u0637\u064a\u0629 \u062f\u0627\u062e\u0644\u064a\u0629 \u0645\u062a\u0639\u062f\u062f\u0629 \u0627\u0644\u0627\u062a\u062c\u0627\u0647\u0627\u062a \u0628\u0632\u0627\u0648\u064a\u0629 360 \u062f\u0631\u062c\u0629<\/li>\r\n<li>\u062a\u0631\u0643\u064a\u0628 \u0641\u064a \u0627\u0644\u0633\u0642\u0641 \u0627\u0644\u062f\u0627\u062e\u0644\u064a\u060c \u0645\u0646\u062e\u0641\u0636 \u0627\u0644\u0645\u0638\u0647\u0631 \u0627\u0644\u062c\u0627\u0646\u0628\u064a<\/li>\r\n<li>\u0645\u0628\u064a\u062a \u0647\u0648\u0627\u0626\u064a ABS \u0645\u0642\u0627\u0648\u0645 \u0644\u0644\u0623\u0634\u0639\u0629 \u0641\u0648\u0642 \u0627\u0644\u0628\u0646\u0641\u0633\u062c\u064a\u0629 \u0648\u0645\u062d\u0645\u064a \u0645\u0646 \u0627\u0644\u0623\u0634\u0639\u0629 \u0641\u0648\u0642 \u0627\u0644\u0628\u0646\u0641\u0633\u062c\u064a\u0629<\/li>\r\n<li>\u0627\u0644\u0623\u0628\u0639\u0627\u062f: \u03a6180 \u00d7 180 \u00d7 80 mm<\/li>\r\n<li>\u0643\u0627\u0628\u0644 30cm RG58 \u0645\u0632\u0648\u062f \u0628\u0645\u0648\u0635\u0644 N \u0623\u0646\u062b\u0649<\/li>\r\n<\/ul>","faqs":""},"_links":{"self":[{"href":"https:\/\/www.tesswave.com\/ar\/wp-json\/wp\/v2\/product\/2468","targetHints":{"allow":["GET"]}}],"collection":[{"href":"https:\/\/www.tesswave.com\/ar\/wp-json\/wp\/v2\/product"}],"about":[{"href":"https:\/\/www.tesswave.com\/ar\/wp-json\/wp\/v2\/types\/product"}],"author":[{"embeddable":true,"href":"https:\/\/www.tesswave.com\/ar\/wp-json\/wp\/v2\/users\/1"}],"acf:attachment":[{"embeddable":true,"href":"https:\/\/www.tesswave.com\/ar\/wp-json\/wp\/v2\/media\/5074"}],"wp:featuredmedia":[{"embeddable":true,"href":"https:\/\/www.tesswave.com\/ar\/wp-json\/wp\/v2\/media\/5074"}],"wp:attachment":[{"href":"https:\/\/www.tesswave.com\/ar\/wp-json\/wp\/v2\/media?parent=2468"}],"wp:term":[{"taxonomy":"product_cat","embeddable":true,"href":"https:\/\/www.tesswave.com\/ar\/wp-json\/wp\/v2\/product_cat?post=2468"},{"taxonomy":"product_tag","embeddable":true,"href":"https:\/\/www.tesswave.com\/ar\/wp-json\/wp\/v2\/product_tag?post=2468"}],"curies":[{"name":"\u062f\u0628\u0644\u064a\u0648 \u0628\u064a","href":"https:\/\/api.w.org\/{rel}","templated":true}]}}