{"id":2505,"date":"2022-05-31T11:31:22","date_gmt":"2022-05-31T03:31:22","guid":{"rendered":"https:\/\/www.tesswave.com\/?post_type=product&#038;p=2505"},"modified":"2025-06-19T18:27:39","modified_gmt":"2025-06-19T10:27:39","slug":"868-915-mhz-7-dbi-fiberglass-omni-antenna","status":"publish","type":"product","link":"https:\/\/www.tesswave.com\/ar\/product\/868-915-mhz-7-dbi-fiberglass-omni-antenna\/","title":{"rendered":"868\/915MHz 7dBi \u0647\u0648\u0627\u0626\u064a \u062e\u0627\u0631\u062c\u064a \u0645\u062a\u0639\u062f\u062f \u0627\u0644\u0627\u062a\u062c\u0627\u0647\u0627\u062a \u0645\u0646 \u0627\u0644\u0623\u0644\u064a\u0627\u0641 \u0627\u0644\u0632\u062c\u0627\u062c\u064a\u0629 \u0644\u0644\u0648\u0631\u0627 (LoRa)"},"content":{"rendered":"<figure class=\"wp-block-table is-style-regular\"><table class=\"has-fixed-layout\"><tbody><tr><td><strong>\u0627\u0644\u0645\u0648\u0627\u0635\u0641\u0627\u062a \u0627\u0644\u0643\u0647\u0631\u0628\u0627\u0626\u064a\u0629<\/strong><\/td><td>&nbsp;<\/td><\/tr><tr><td>\u0627\u0644\u062a\u0631\u062f\u062f<\/td><td>860-930 MHz<\/td><\/tr><tr><td>\u0627\u0644\u0645\u0643\u0627\u0633\u0628<\/td><td>6.8 dBi<\/td><\/tr><tr><td>VSWR<\/td><td>&lt;1.5<\/td><\/tr><tr><td>\u0627\u0644\u0627\u0633\u062a\u0642\u0637\u0627\u0628<\/td><td>\u0639\u0645\u0648\u062f\u064a<\/td><\/tr><tr><td>\u0639\u0631\u0636 \u0627\u0644\u062d\u0632\u0645\u0629 \u0627\u0644\u0623\u0641\u0642\u064a\u0629<\/td><td>360\u00b0<\/td><\/tr><tr><td>\u0639\u0631\u0636 \u0627\u0644\u0634\u0639\u0627\u0639 \u0627\u0644\u0639\u0645\u0648\u062f\u064a<\/td><td>30\u00b0<\/td><\/tr><tr><td>\u0627\u0644\u0645\u0639\u0627\u0648\u0642\u0629<\/td><td>50 \u0623\u0648\u0645<\/td><\/tr><tr><td>\u0627\u0644\u062d\u062f \u0627\u0644\u0623\u0642\u0635\u0649. \u0637\u0627\u0642\u0629 \u0627\u0644\u0625\u062f\u062e\u0627\u0644<\/td><td>100W<\/td><\/tr><tr><td>\u0627\u0644\u062d\u0645\u0627\u064a\u0629 \u0645\u0646 \u0627\u0644\u0635\u0648\u0627\u0639\u0642<\/td><td>\u0623\u0631\u0636\u064a DC<\/td><\/tr><tr><td><strong>\u0627\u0644\u0645\u0648\u0627\u0635\u0641\u0627\u062a \u0627\u0644\u0645\u064a\u0643\u0627\u0646\u064a\u0643\u064a\u0629<\/strong><\/td><td>&nbsp;<\/td><\/tr><tr><td>\u0627\u0644\u0645\u0648\u0635\u0644<\/td><td>\u0646 \u0623\u0646\u062b\u0649<\/td><\/tr><tr><td>\u0627\u0644\u0628\u064f\u0639\u062f<\/td><td>\u00d820\u00d79651\u00d7965mm<\/td><\/tr><tr><td>\u0627\u0644\u0648\u0632\u0646<\/td><td>0.7 \u0643\u062c\u0645<\/td><\/tr><tr><td>\u0627\u0644\u062a\u0631\u0643\u064a\u0628<\/td><td>\u0635\u0627\u0631\u064a \u00d840-\u00d8 60 \u0645\u0645<\/td><\/tr><tr><td>\u0645\u0627\u062f\u0629 \u0627\u0644\u0631\u0627\u062f\u0648\u0645<\/td><td>\u0623\u0644\u064a\u0627\u0641 \u0632\u062c\u0627\u062c\u064a\u0629 (\u0623\u0628\u064a\u0636)<\/td><\/tr><tr><td>\u0645\u0639\u062f\u0644 \u0633\u0631\u0639\u0629 \u0627\u0644\u0631\u064a\u0627\u062d<\/td><td>210 \u0643\u0645\/\u0633\u0627\u0639\u0629<\/td><\/tr><tr><td>\u062f\u0631\u062c\u0629 \u062d\u0631\u0627\u0631\u0629 \u0627\u0644\u062a\u0634\u063a\u064a\u0644<\/td><td>-40\u2103 - +65\u2103<\/td><\/tr><\/tbody><\/table><\/figure>","protected":false},"author":1,"featured_media":4993,"menu_order":0,"template":"","meta":{"_acf_changed":true},"product_cat":[253,330,136],"product_tag":[],"class_list":["post-2505","product","type-product","status-publish","has-post-thumbnail","hentry","product_cat-868-915-mhz-lora-antennas","product_cat-800-900-mhz-antennas","product_cat-helium-antennas"],"acf":{"_sku":"TOF-86930-7V","product-image":[4993],"_price":"22","pdsms":null,"excerpt":"<ul>\r\n<li>\u062a\u0639\u0645\u0644 \u0639\u0644\u0649 \u0646\u0637\u0627\u0642 \u0627\u0644\u062a\u0631\u062f\u062f 860-930MHz<\/li>\r\n<li>\u0643\u0633\u0628 \u0639\u0627\u0644\u064d \u062d\u0642\u064a\u0642\u064a 6.8dBi 6.8dBi<\/li>\r\n<li>\u0645\u0646\u0627\u0633\u0628 \u0644\u0644\u062a\u0637\u0628\u064a\u0642\u0627\u062a \u0627\u0644\u062e\u0644\u0648\u064a\u0629\u060c \u0648 LoRa\u060c \u0648 RFID\u060c \u0648 ISM\u060c \u0648 Helium\u060c \u0625\u0644\u062e<\/li>\r\n<li>\u0625\u0634\u0639\u0627\u0639 \u0645\u062a\u0639\u062f\u062f \u0627\u0644\u0627\u062a\u062c\u0627\u0647\u0627\u062a \u0644\u062a\u063a\u0637\u064a\u0629 \u0625\u0634\u0627\u0631\u0629 \u062e\u0627\u0631\u062c\u064a\u0629 \u0628\u0632\u0627\u0648\u064a\u0629 360 \u062f\u0631\u062c\u0629<\/li>\r\n<li>\u062a\u0631\u0643\u064a\u0628 \u0639\u0645\u0648\u062f \u0627\u0644\u062a\u062b\u0628\u064a\u062a \u0641\u064a \u0627\u0644\u0647\u0648\u0627\u0621 \u0627\u0644\u0637\u0644\u0642<\/li>\r\n<li>\u0645\u0628\u064a\u062a \u0647\u0648\u0627\u0626\u064a \u0645\u062a\u064a\u0646 \u0645\u0646 \u0627\u0644\u0623\u0644\u064a\u0627\u0641 \u0627\u0644\u0632\u062c\u0627\u062c\u064a\u0629 \u0627\u0644\u0645\u0642\u0627\u0648\u0645\u0629 \u0644\u0644\u0639\u0648\u0627\u0645\u0644 \u0627\u0644\u062c\u0648\u064a\u0629<\/li>\r\n<li>\u0627\u0644\u0623\u0628\u0639\u0627\u062f: \u00d820\u00d79651\u00d7965mm<\/li>\r\n<li>\u0645\u0648\u0635\u0644 \u0623\u0646\u062b\u0649 N \u0623\u0646\u062b\u0649 \u0646\u0645\u0648\u0630\u062c\u064a<\/li>\r\n<\/ul>","faqs":""},"_links":{"self":[{"href":"https:\/\/www.tesswave.com\/ar\/wp-json\/wp\/v2\/product\/2505","targetHints":{"allow":["GET"]}}],"collection":[{"href":"https:\/\/www.tesswave.com\/ar\/wp-json\/wp\/v2\/product"}],"about":[{"href":"https:\/\/www.tesswave.com\/ar\/wp-json\/wp\/v2\/types\/product"}],"author":[{"embeddable":true,"href":"https:\/\/www.tesswave.com\/ar\/wp-json\/wp\/v2\/users\/1"}],"acf:attachment":[{"embeddable":true,"href":"https:\/\/www.tesswave.com\/ar\/wp-json\/wp\/v2\/media\/4993"}],"wp:featuredmedia":[{"embeddable":true,"href":"https:\/\/www.tesswave.com\/ar\/wp-json\/wp\/v2\/media\/4993"}],"wp:attachment":[{"href":"https:\/\/www.tesswave.com\/ar\/wp-json\/wp\/v2\/media?parent=2505"}],"wp:term":[{"taxonomy":"product_cat","embeddable":true,"href":"https:\/\/www.tesswave.com\/ar\/wp-json\/wp\/v2\/product_cat?post=2505"},{"taxonomy":"product_tag","embeddable":true,"href":"https:\/\/www.tesswave.com\/ar\/wp-json\/wp\/v2\/product_tag?post=2505"}],"curies":[{"name":"\u062f\u0628\u0644\u064a\u0648 \u0628\u064a","href":"https:\/\/api.w.org\/{rel}","templated":true}]}}