{"id":7563,"date":"2023-09-21T21:20:41","date_gmt":"2023-09-21T13:20:41","guid":{"rendered":"https:\/\/www.tesswave.com\/?post_type=product&#038;p=7563"},"modified":"2025-06-19T17:35:53","modified_gmt":"2025-06-19T09:35:53","slug":"4900-7125-mhz-17dbi-mimo-panel-antenna","status":"publish","type":"product","link":"https:\/\/www.tesswave.com\/ar\/product\/4900-7125-mhz-17dbi-mimo-panel-antenna\/","title":{"rendered":"4900-7125 \u0645\u064a\u062c\u0627 \u0647\u0631\u062a\u0632 17dBi \u0627\u062a\u062c\u0627\u0647\u064a 17dBi \u062b\u0646\u0627\u0626\u064a \u0627\u0644\u0627\u062a\u062c\u0627\u0647 MIMO MIMO WiFi 6E \u0647\u0648\u0627\u0626\u064a \u0644\u0648\u062d\u0629 6E"},"content":{"rendered":"<h3 class=\"wp-block-heading\">\u0646\u0638\u0631\u0629 \u0639\u0627\u0645\u0629 \u0639\u0644\u0649 \u0627\u0644\u0645\u0646\u062a\u062c<\/h3>\n\n\n\n<p>\u0625\u0646 TPC-4972-17D \u0639\u0628\u0627\u0631\u0629 \u0639\u0646 \u0647\u0648\u0627\u0626\u064a \u0644\u0648\u062d\u0629 MIMO MIMO 6E \u062b\u0646\u0627\u0626\u064a \u0627\u0644\u0627\u0633\u062a\u0642\u0637\u0627\u0628 \u0639\u0627\u0644\u064a \u0627\u0644\u0623\u062f\u0627\u0621 \u0648\u0639\u0627\u0644\u064a \u0627\u0644\u0643\u0633\u0628 \u062b\u0646\u0627\u0626\u064a \u0627\u0644\u0627\u0633\u062a\u0642\u0637\u0627\u0628 \u062b\u0646\u0627\u0626\u064a \u0627\u0644\u0627\u062a\u062c\u0627\u0647 \u0645\u0635\u0645\u0645 \u0644\u0634\u0628\u0643\u0627\u062a WiFi 6E\u060c \u0648\u064a\u0639\u0645\u0644 \u0641\u064a \u0646\u0637\u0627\u0642 \u062a\u0631\u062f\u062f 4900-7125MHz. \u064a\u062a\u0645\u064a\u0632 \u0628\u0645\u0646\u0641\u0630 \u0645\u0632\u062f\u0648\u062c <a href=\"https:\/\/www.tesswave.com\/ar\/what-is-mimo-technology\/\" target=\"_blank\" data-type=\"post\" data-id=\"3205\" rel=\"noreferrer noopener\">\u062a\u0642\u0646\u064a\u0629 MIMO<\/a> \u0648\u064a\u062f\u0639\u0645 \u0627\u0644\u0627\u0633\u062a\u0642\u0637\u0627\u0628 \u0627\u0644\u0623\u0641\u0642\u064a \u0648\u0627\u0644\u0631\u0623\u0633\u064a \u0639\u0644\u0649 \u062d\u062f \u0633\u0648\u0627\u0621\u060c \u064a\u0648\u0641\u0631 \u0647\u0630\u0627 \u0627\u0644\u0647\u0648\u0627\u0626\u064a \u0643\u0633\u0628\u064b\u0627 \u0639\u0627\u0644\u064a\u064b\u0627 \u0648\u0627\u062a\u0635\u0627\u0644\u0627\u064b \u0645\u0646\u062e\u0641\u0636\u064b\u0627 VSWR \u0648\u0627\u062a\u062c\u0627\u0647\u064a\u0629 \u0645\u0645\u062a\u0627\u0632\u0629\u060c \u0645\u0645\u0627 \u064a\u062c\u0639\u0644\u0647 \u0645\u062b\u0627\u0644\u064a\u064b\u0627 \u0644\u0633\u064a\u0646\u0627\u0631\u064a\u0648\u0647\u0627\u062a \u0627\u0644\u0627\u062a\u0635\u0627\u0644 \u0627\u0644\u0644\u0627\u0633\u0644\u0643\u064a \u0628\u0639\u064a\u062f \u0627\u0644\u0645\u062f\u0649 \u0641\u064a \u0627\u0644\u0647\u0648\u0627\u0621 \u0627\u0644\u0637\u0644\u0642mm.<\/p>\n\n\n\n<p>\u064a\u0633\u062a\u062e\u062f\u0645 \u0647\u0648\u0627\u0626\u064a \u0644\u0648\u062d\u0629 \u0627\u0644\u0648\u0627\u064a \u0641\u0627\u064a 6E \u0627\u0644\u062e\u0627\u0631\u062c\u064a \u0647\u0630\u0627 \u0647\u0648\u0627\u0626\u064a \u0644\u0648\u062d\u0629 \u0627\u0644\u0648\u0627\u064a \u0641\u0627\u064a 6E \u0627\u0644\u062e\u0627\u0631\u062c\u064a \u062a\u0642\u0646\u064a\u0629 \u0627\u0644\u0625\u0634\u0639\u0627\u0639 \u0627\u0644\u0627\u062a\u062c\u0627\u0647\u064a \u0644\u062a\u0631\u0643\u064a\u0632 \u0637\u0627\u0642\u0629 \u0627\u0644\u0625\u0634\u0627\u0631\u0629 \u0641\u064a \u0627\u062a\u062c\u0627\u0647 \u0645\u0639\u064a\u0646\u060c \u0645\u0645\u0627 \u064a\u062d\u0633\u0651\u0646 \u0645\u0633\u0627\u0641\u0629 \u0627\u0644\u062a\u063a\u0637\u064a\u0629 \u0648\u062c\u0648\u062f\u0629 \u0627\u0644\u0625\u0634\u0627\u0631\u0629. \u0648\u064a\u062f\u0639\u0645 \u062a\u0635\u0645\u064a\u0645\u0647 \u062b\u0646\u0627\u0626\u064a \u0627\u0644\u0627\u0633\u062a\u0642\u0637\u0627\u0628 (\u0623\u0641\u0642\u064a + \u0639\u0645\u0648\u062f\u064a) \u062a\u0642\u0646\u064a\u0629 MIMO\u060c \u0645\u0645\u0627 \u064a\u062a\u064a\u062d \u0625\u0631\u0633\u0627\u0644 \u0625\u0634\u0627\u0631\u0629 \u0645\u062a\u0639\u062f\u062f\u0629 \u0627\u0644\u0642\u0646\u0648\u0627\u062a \u0641\u064a \u0648\u0642\u062a \u0648\u0627\u062d\u062f \u0644\u062a\u0639\u0632\u064a\u0632 \u0625\u0646\u062a\u0627\u062c\u064a\u0629 \u0627\u0644\u0634\u0628\u0643\u0629 \u0648\u0642\u062f\u0631\u0627\u062a \u0645\u0643\u0627\u0641\u062d\u0629 \u0627\u0644\u062a\u062f\u0627\u062e\u0644 \u0628\u0634\u0643\u0644 \u0643\u0628\u064a\u0631. \u0627\u0644\u0647\u0648\u0627\u0626\u064a \u0645\u0646\u062e\u0641\u0636 <a href=\"https:\/\/www.antenna-theory.com\/m\/definitions\/vswr.php\" target=\"_blank\" rel=\"noopener\">VSWR<\/a> \u0648\u0627\u0644\u0639\u0632\u0644 \u0627\u0644\u0639\u0627\u0644\u064a \u0644\u062a\u062d\u0633\u064a\u0646 \u0643\u0641\u0627\u0621\u0629 \u0646\u0642\u0644 \u0627\u0644\u0625\u0634\u0627\u0631\u0629\u060c \u0645\u0645\u0627 \u064a\u062c\u0639\u0644\u0647\u0627 \u0645\u0646\u0627\u0633\u0628\u0629 \u0644\u0628\u064a\u0626\u0627\u062a \u0627\u0644\u0634\u0628\u0643\u0627\u062a \u0639\u0627\u0644\u064a\u0629 \u0627\u0644\u0643\u062b\u0627\u0641\u0629.<\/p>\n\n\n\n<figure class=\"wp-block-table\"><table class=\"has-fixed-layout\"><tbody><tr><td><strong>\u0627\u0644\u0645\u0648\u0627\u0635\u0641\u0627\u062a \u0627\u0644\u0643\u0647\u0631\u0628\u0627\u0626\u064a\u0629<\/strong><\/td><td>&nbsp;<\/td><\/tr><tr><td>\u0627\u0644\u062a\u0631\u062f\u062f<\/td><td>4900-7125 MHz 4900-7125 MHz<\/td><\/tr><tr><td>\u0627\u0644\u0645\u0643\u0627\u0633\u0628<\/td><td>4900-5150MHz @ 15dBi<br>5150-71250-7125MHz @ 17dBi<\/td><\/tr><tr><td>VSWR<\/td><td>&lt;1.5<\/td><\/tr><tr><td>\u0627\u0644\u0627\u0633\u062a\u0642\u0637\u0627\u0628<\/td><td>\u0623\u0641\u0642\u064a\u064b\u0627 \u0648\u0639\u0645\u0648\u062f\u064a\u064b\u0627<\/td><\/tr><tr><td>\u0639\u0631\u0636 \u0627\u0644\u062d\u0632\u0645\u0629 \u0627\u0644\u0623\u0641\u0642\u064a\u0629<\/td><td>25\u00b0<\/td><\/tr><tr><td>\u0639\u0631\u0636 \u0627\u0644\u0634\u0639\u0627\u0639 \u0627\u0644\u0639\u0645\u0648\u062f\u064a<\/td><td>22\u00b0<\/td><\/tr><tr><td>\u0646\u0633\u0628\u0629 \u0648\u0627\u0648\/\u0628\u0627\u0621<\/td><td>\u226523 \u062f\u064a\u0633\u064a\u0628\u0644<\/td><\/tr><tr><td>\u0627\u0644\u0639\u0632\u0644<\/td><td>\u226528 \u062f\u064a\u0633\u064a\u0628\u0644<\/td><\/tr><tr><td>\u0627\u0644\u0645\u0639\u0627\u0648\u0642\u0629<\/td><td>50 \u0623\u0648\u0645<\/td><\/tr><tr><td>\u0627\u0644\u062d\u062f \u0627\u0644\u0623\u0642\u0635\u0649. \u0637\u0627\u0642\u0629 \u0627\u0644\u0625\u062f\u062e\u0627\u0644<\/td><td>100W<\/td><\/tr><tr><td>\u0627\u0644\u062d\u0645\u0627\u064a\u0629 \u0645\u0646 \u0627\u0644\u0635\u0648\u0627\u0639\u0642<\/td><td>\u0623\u0631\u0636\u064a DC<\/td><\/tr><tr><td><strong>\u0627\u0644\u0645\u0648\u0627\u0635\u0641\u0627\u062a \u0627\u0644\u0645\u064a\u0643\u0627\u0646\u064a\u0643\u064a\u0629<\/strong><\/td><td>&nbsp;<\/td><\/tr><tr><td>\u0627\u0644\u0645\u0648\u0635\u0644<\/td><td>2\u00d7\u0646 \u0623\u0646\u062b\u0649<\/td><\/tr><tr><td>\u0627\u0644\u0628\u064f\u0639\u062f<\/td><td>250 \u00d7 250 \u00d7 250 \u00d7 35mm<\/td><\/tr><tr><td>\u0627\u0644\u0648\u0632\u0646<\/td><td>0.7 \u0643\u062c\u0645<\/td><\/tr><tr><td>\u0627\u0644\u062a\u0631\u0643\u064a\u0628<\/td><td>\u0635\u0627\u0631\u064a \u00d840-\u00d8 60 \u0645\u0645<\/td><\/tr><tr><td>\u0645\u0627\u062f\u0629 \u0627\u0644\u0631\u0627\u062f\u0648\u0645<\/td><td>ABS<\/td><\/tr><tr><td>\u0645\u0639\u062f\u0644 \u0633\u0631\u0639\u0629 \u0627\u0644\u0631\u064a\u0627\u062d<\/td><td>210 \u0643\u0645\/\u0633\u0627\u0639\u0629<\/td><\/tr><tr><td>\u062f\u0631\u062c\u0629 \u062d\u0631\u0627\u0631\u0629 \u0627\u0644\u062a\u0634\u063a\u064a\u0644<\/td><td>-40\u2103 - +65\u2103<\/td><\/tr><\/tbody><\/table><\/figure>\n\n\n\n<h3 class=\"wp-block-heading\">\u0645\u064a\u0632\u0627\u062a \u0627\u0644\u0645\u0646\u062a\u062c \uff1a\u0645\u064a\u0632\u0627\u062a \u0627\u0644\u0645\u0646\u062a\u062c<\/h3>\n\n\n\n<p><strong>\u062a\u063a\u0637\u064a\u0629 \u0625\u0634\u0627\u0631\u0629 \u0639\u0627\u0644\u064a\u0629 \u0627\u0644\u0623\u062f\u0627\u0621<\/strong><\/p>\n\n\n\n<ul class=\"wp-block-list\">\n<li>\u0645\u0643\u0633\u0628 \u0639\u0627\u0644\u064d: 15dBi \u0641\u064a \u0627\u0644\u0646\u0637\u0627\u0642 4900-5150MHz \u0648\u0645\u0627 \u064a\u0635\u0644 \u0625\u0644\u0649 17dBi \u0641\u064a \u0627\u0644\u0646\u0637\u0627\u0642 5150-7125MHz\u060c \u0645\u0645\u0627 \u064a\u0639\u0632\u0632 \u0628\u0634\u0643\u0644 \u0643\u0628\u064a\u0631 \u0645\u0633\u0627\u0641\u0629 \u0625\u0631\u0633\u0627\u0644 \u0627\u0644\u0625\u0634\u0627\u0631\u0629 \u0648\u062b\u0628\u0627\u062a\u0647\u0627.<\/li>\n\n\n\n<li>\u0645\u0646\u062e\u0641\u0636\u0629 VSWR: &lt;1.5\u060c \u0645\u0645\u0627 \u064a\u0636\u0645\u0646 \u0623\u0642\u0635\u0649 \u0642\u062f\u0631 \u0645\u0646 \u0643\u0641\u0627\u0621\u0629 \u0646\u0642\u0644 \u0627\u0644\u0625\u0634\u0627\u0631\u0629.<\/li>\n\n\n\n<li>\u0639\u0632\u0644 \u0639\u0627\u0644\u064a: \u226528 \u062f\u064a\u0633\u064a\u0628\u0644\u060c \u0645\u0645\u0627 \u064a\u0642\u0644\u0644 \u0645\u0646 \u0627\u0644\u062a\u062f\u0627\u062e\u0644 \u0648\u064a\u062d\u0633\u0646 \u0627\u0644\u0627\u062a\u0635\u0627\u0644 \u0645\u062a\u0639\u062f\u062f \u0627\u0644\u0623\u062c\u0647\u0632\u0629.<\/li>\n<\/ul>\n\n\n\n<p><strong>\u0627\u0644\u0625\u0634\u0639\u0627\u0639 \u0627\u0644\u0627\u062a\u062c\u0627\u0647\u064a<\/strong><\/p>\n\n\n\n<ul class=\"wp-block-list\">\n<li>\u0639\u0631\u0636 \u0627\u0644\u062d\u0632\u0645\u0629 \u0627\u0644\u0636\u064a\u0642\u0629: \u0639\u0631\u0636 \u0627\u0644\u062d\u0632\u0645\u0629 \u0627\u0644\u0623\u0641\u0642\u064a\u0629 25 \u062f\u0631\u062c\u0629 \u0648\u0639\u0631\u0636 \u0627\u0644\u062d\u0632\u0645\u0629 \u0627\u0644\u0631\u0623\u0633\u064a\u0629 22 \u062f\u0631\u062c\u0629 \u0644\u0623\u062f\u0627\u0621 \u0627\u062a\u062c\u0627\u0647\u064a \u062f\u0642\u064a\u0642.<\/li>\n\n\n\n<li>\u0627\u0644\u0646\u0633\u0628\u0629 \u0627\u0644\u0623\u0645\u0627\u0645\u064a\u0629 \u0625\u0644\u0649 \u0627\u0644\u062e\u0644\u0641\u064a\u0629 (F\/B Ratio): \u226523 \u062f\u064a\u0633\u064a\u0628\u0644\u060c \u0645\u0645\u0627 \u064a\u0643\u0628\u062d \u0627\u0644\u062a\u062f\u0627\u062e\u0644 \u0627\u0644\u062e\u0644\u0641\u064a \u0628\u0641\u0639\u0627\u0644\u064a\u0629 \u0648\u064a\u0639\u0632\u0632 \u062a\u0648\u062c\u064a\u0647 \u0627\u0644\u0625\u0634\u0627\u0631\u0629.<\/li>\n<\/ul>\n\n\n\n<p><strong>\u062a\u0635\u0645\u064a\u0645 \u0645\u062a\u064a\u0646<\/strong><\/p>\n\n\n\n<ul class=\"wp-block-list\">\n<li>\u063a\u0644\u0627\u0641 \u0645\u062a\u064a\u0646: \u0645\u0635\u0646\u0648\u0639 \u0645\u0646 \u0645\u0627\u062f\u0629 ABS\u060c \u0645\u0645\u0627 \u064a\u0648\u0641\u0631 \u062e\u0635\u0627\u0626\u0635 \u0645\u0642\u0627\u0648\u0645\u0629 \u0644\u0644\u0645\u0627\u0621 \u0648\u0627\u0644\u0623\u0634\u0639\u0629 \u0641\u0648\u0642 \u0627\u0644\u0628\u0646\u0641\u0633\u062c\u064a\u0629 \u0644\u0644\u0628\u064a\u0626\u0627\u062a \u0627\u0644\u062e\u0627\u0631\u062c\u064a\u0629 \u0627\u0644\u0642\u0627\u0633\u064a\u0629.<\/li>\n\n\n\n<li>\u0645\u0642\u0627\u0648\u0645\u0629 \u0627\u0644\u0631\u064a\u0627\u062d: \u064a\u062a\u062d\u0645\u0644 \u0633\u0631\u0639\u0629 \u0631\u064a\u0627\u062d \u062a\u0635\u0644 \u0625\u0644\u0649 210 \u0643\u0645\/\u0633\u0627\u0639\u0629\u060c \u0645\u0645\u0627 \u064a\u0636\u0645\u0646 \u0627\u0644\u062a\u0634\u063a\u064a\u0644 \u0627\u0644\u0645\u0633\u062a\u0642\u0631 \u0641\u064a \u0627\u0644\u0637\u0642\u0633 \u0627\u0644\u0642\u0627\u0633\u064a.<\/li>\n\n\n\n<li>\u0646\u0637\u0627\u0642 \u062f\u0631\u062c\u0629 \u062d\u0631\u0627\u0631\u0629 \u062a\u0634\u063a\u064a\u0644 \u0648\u0627\u0633\u0639: -40 \u2103 \u0625\u0644\u0649 +65 \u2103\u060c \u0645\u0646\u0627\u0633\u0628 \u0644\u0644\u0638\u0631\u0648\u0641 \u0627\u0644\u0645\u0646\u0627\u062e\u064a\u0629 \u0627\u0644\u0642\u0627\u0633\u064a\u0629.<\/li>\n<\/ul>\n\n\n\n<p><strong>\u0633\u0647\u0648\u0644\u0629 \u0627\u0644\u062a\u0631\u0643\u064a\u0628<\/strong><\/p>\n\n\n\n<ul class=\"wp-block-list\">\n<li>\u0627\u0644\u062a\u0631\u0643\u064a\u0628 \u0639\u0644\u0649 \u0639\u0645\u0648\u062f: \u0645\u062a\u0648\u0627\u0641\u0642 \u0645\u0639 \u0627\u0644\u0635\u0648\u0627\u0631\u064a \u00d840-\u00d860mm \u0644\u0644\u062a\u0631\u0643\u064a\u0628 \u0639\u0644\u0649 \u0627\u0644\u0633\u0637\u062d \u0623\u0648 \u0627\u0644\u0628\u0631\u062c \u0623\u0648 \u0627\u0644\u062a\u0631\u0643\u064a\u0628\u0627\u062a \u0627\u0644\u0645\u0645\u0627\u062b\u0644\u0629. \u064a\u062a\u0636\u0645\u0646 \u0645\u0634\u0627\u0628\u0643 \u062a\u062b\u0628\u064a\u062a \u0644\u0625\u0639\u062f\u0627\u062f \u0633\u0631\u064a\u0639 \u0648\u0628\u0633\u064a\u0637.<\/li>\n\n\n\n<li>\u062a\u0635\u0645\u064a\u0645 \u062e\u0641\u064a\u0641 \u0627\u0644\u0648\u0632\u0646: \u064a\u0632\u0646 0.7 \u0643\u062c\u0645 \u0641\u0642\u0637 \u0644\u0644\u062a\u0631\u0643\u064a\u0628 \u062f\u0648\u0646 \u0639\u0646\u0627\u0621.<\/li>\n<\/ul>\n\n\n\n<p><strong>\u062a\u0635\u0645\u064a\u0645 \u062b\u0646\u0627\u0626\u064a \u0627\u0644\u0627\u0633\u062a\u0642\u0637\u0627\u0628 \u062b\u0646\u0627\u0626\u064a \u0627\u0644\u0645\u0646\u0641\u0630<\/strong><\/p>\n\n\n\n<ul class=\"wp-block-list\">\n<li>\u062a\u0642\u0646\u064a\u0629 MIMO: \u0645\u062c\u0647\u0632\u0629 \u0628\u0645\u0648\u0635\u0644\u064a\u0646 \u0645\u0646 \u0627\u0644\u0646\u0648\u0639 N\u060c \u0645\u062a\u0648\u0627\u0641\u0642\u0629 \u062a\u0645\u0627\u0645\u064b\u0627 \u0645\u0639 \u0623\u062c\u0647\u0632\u0629 MIMO \u0627\u0644\u0644\u0627\u0633\u0644\u0643\u064a\u0629 \u0627\u0644\u0633\u0627\u0626\u062f\u0629.<\/li>\n\n\n\n<li>\u0648\u0627\u062c\u0647\u0627\u062a \u0642\u0627\u0628\u0644\u0629 \u0644\u0644\u062a\u062e\u0635\u064a\u0635: \u0627\u062a\u0635\u0644 \u0628\u0646\u0627 \u0644\u0645\u0639\u0631\u0641\u0629 \u0645\u062a\u0637\u0644\u0628\u0627\u062a \u0627\u0644\u0645\u0648\u0635\u0644\u0627\u062a \u0627\u0644\u0645\u062d\u062f\u062f\u0629.<\/li>\n<\/ul>\n\n\n\n<h3 class=\"wp-block-heading\">\u062a\u0637\u0628\u064a\u0642\u0627\u062a \u0647\u0648\u0627\u0626\u064a \u0644\u0648\u062d\u0629 \u0627\u0644\u0648\u0627\u064a \u0641\u0627\u064a 6E<\/h3>\n\n\n\n<p>\u0627\u0644\u0647\u0648\u0627\u0626\u064a TPC-4972-17D \u0645\u0646\u0627\u0633\u0628 \u0644\u0644\u0633\u064a\u0646\u0627\u0631\u064a\u0648\u0647\u0627\u062a \u0627\u0644\u062a\u0627\u0644\u064a\u0629:<\/p>\n\n\n\n<ul class=\"wp-block-list\">\n<li>\u062a\u0648\u0633\u064a\u0639 \u0634\u0628\u0643\u0629 WiFi 6E: \u064a\u0648\u0641\u0631 \u062a\u063a\u0637\u064a\u0629 \u0644\u0627\u0633\u0644\u0643\u064a\u0629 \u0639\u0627\u0644\u064a\u0629 \u0627\u0644\u0633\u0631\u0639\u0629 \u0648\u0645\u0646\u062e\u0641\u0636\u0629 \u0627\u0644\u0643\u0645\u0648\u0646 \u0644\u0644\u0645\u0646\u0627\u0632\u0644 \u0623\u0648 \u0627\u0644\u0634\u0631\u0643\u0627\u062a \u0623\u0648 \u0627\u0644\u0645\u0646\u0634\u0622\u062a \u0627\u0644\u0635\u0646\u0627\u0639\u064a\u0629.<\/li>\n\n\n\n<li>\u0627\u062a\u0635\u0627\u0644 \u0644\u0627\u0633\u0644\u0643\u064a \u0637\u0648\u064a\u0644 \u0627\u0644\u0645\u062f\u0649 \u0645\u0646 \u0646\u0642\u0637\u0629 \u0625\u0644\u0649 \u0646\u0642\u0637\u0629 Co1TP14: \u0645\u062b\u0627\u0644\u064a\u0629 \u0644\u0644\u062a\u0648\u0635\u064a\u0644 \u0627\u0644\u0644\u0627\u0633\u0644\u0643\u064a \u0648\u0627\u0644\u062a\u0648\u0635\u064a\u0644 \u0627\u0644\u0644\u0627\u0633\u0644\u0643\u064a \u0644\u0644\u0645\u0631\u0627\u0642\u0628\u0629 \u0648\u063a\u064a\u0631\u0647\u0627 \u0645\u0646 \u0627\u062d\u062a\u064a\u0627\u062c\u0627\u062a \u0627\u0644\u0625\u0631\u0633\u0627\u0644 \u0644\u0645\u0633\u0627\u0641\u0627\u062a \u0637\u0648\u064a\u0644\u0629.<\/li>\n\n\n\n<li>\u062a\u063a\u0637\u064a\u0629 \u0644\u0627\u0633\u0644\u0643\u064a\u0629 \u062e\u0627\u0631\u062c\u064a\u0629: \u064a\u0639\u0632\u0632 \u0642\u0648\u0629 \u0627\u0644\u0625\u0634\u0627\u0631\u0629 \u0641\u064a \u0627\u0644\u0645\u0646\u0627\u0637\u0642 \u0627\u0644\u0643\u0628\u064a\u0631\u0629 \u0645\u062b\u0644 \u0627\u0644\u062d\u0631\u0645 \u0627\u0644\u062c\u0627\u0645\u0639\u064a \u0648\u0627\u0644\u0645\u0633\u062a\u0648\u062f\u0639\u0627\u062a \u0648\u0627\u0644\u0645\u0644\u0627\u0639\u0628.<\/li>\n\n\n\n<li>\u0623\u0646\u0638\u0645\u0629 MIMO: \u062a\u062f\u0639\u0645 \u062a\u0642\u0646\u064a\u0629 MIMO \u062b\u0646\u0627\u0626\u064a\u0629 \u0627\u0644\u0645\u0646\u0641\u0630 \u0644\u0632\u064a\u0627\u062f\u0629 \u0633\u0639\u0629 \u0627\u0644\u0634\u0628\u0643\u0629 \u0648\u0643\u0641\u0627\u0621\u0629 \u0627\u0644\u0625\u0631\u0633\u0627\u0644.<\/li>\n<\/ul>\n\n\n\n<h3 class=\"wp-block-heading\">\u062f\u0644\u064a\u0644 \u062a\u0631\u0643\u064a\u0628 \u0647\u0648\u0627\u0626\u064a \u0644\u0648\u062d\u0629 \u0627\u0644\u0648\u0627\u064a \u0641\u0627\u064a 6E<\/h3>\n\n\n\n<p><strong>\u0627\u0644\u0625\u0639\u062f\u0627\u062f \u0627\u0644\u0645\u0633\u0628\u0642 \u0644\u0644\u062a\u0631\u0643\u064a\u0628<\/strong><\/p>\n\n\n\n<ul class=\"wp-block-list\">\n<li>\u0642\u0645 \u0628\u062a\u0631\u0643\u064a\u0628 \u0627\u0644\u0647\u0648\u0627\u0626\u064a \u0641\u064a \u0645\u0648\u0642\u0639 \u0645\u0631\u062a\u0641\u0639 \u0648\u063a\u064a\u0631 \u0645\u0639\u0627\u0642\u060c \u0645\u0639 \u062a\u0648\u062c\u064a\u0647\u0647 \u0646\u062d\u0648 \u0627\u0644\u0645\u0646\u0637\u0642\u0629 \u0627\u0644\u0645\u0633\u062a\u0647\u062f\u0641\u0629.<\/li>\n\n\n\n<li>\u062a\u0623\u0643\u062f \u0645\u0646 \u0645\u0637\u0627\u0628\u0642\u0629 \u0642\u0637\u0631 \u0639\u0645\u0648\u062f \u0627\u0644\u062a\u062b\u0628\u064a\u062a (\u00d840-\u00d860mm) \u0644\u0644\u0645\u0648\u0627\u0635\u0641\u0627\u062a.<\/li>\n\n\n\n<li>\u0627\u0644\u0647\u0648\u0627\u0626\u064a \u062d\u0627\u0635\u0644 \u0639\u0644\u0649 \u062a\u0635\u0646\u064a\u0641 IP66 \u0644\u0644\u0639\u0632\u0644 \u0627\u0644\u0645\u0627\u0626\u064a\u060c \u0648\u0644\u0627 \u064a\u062a\u0637\u0644\u0628 \u0623\u064a \u062a\u062f\u0627\u0628\u064a\u0631 \u0625\u0636\u0627\u0641\u064a\u0629 \u0644\u0644\u0639\u0632\u0644 \u0627\u0644\u0645\u0627\u0626\u064a.<\/li>\n<\/ul>\n\n\n\n<p><strong>\u062e\u0637\u0648\u0627\u062a \u0627\u0644\u062a\u062b\u0628\u064a\u062a<\/strong><\/p>\n\n\n\n<ol start=\"1\" class=\"wp-block-list\">\n<li>\u0642\u0645 \u0628\u062a\u062b\u0628\u064a\u062a \u0647\u0648\u0627\u0626\u064a \u0644\u0648\u062d\u0629 WiFi 6E \u0639\u0644\u0649 \u0627\u0644\u0639\u0645\u0648\u062f \u0628\u0627\u0633\u062a\u062e\u062f\u0627\u0645 \u0627\u0644\u0645\u0634\u0627\u0628\u0643 \u0627\u0644\u0645\u0631\u0641\u0642\u0629.<\/li>\n\n\n\n<li>\u0627\u0636\u0628\u0637 \u0627\u062a\u062c\u0627\u0647 \u0627\u0644\u0647\u0648\u0627\u0626\u064a \u0644\u0645\u062d\u0627\u0630\u0627\u0629 \u0627\u0644\u0634\u0639\u0627\u0639 \u0627\u0644\u0631\u0626\u064a\u0633\u064a \u0645\u0639 \u0627\u0644\u0645\u0646\u0637\u0642\u0629 \u0627\u0644\u0645\u0633\u062a\u0647\u062f\u0641\u0629.<\/li>\n\n\n\n<li>\u0642\u0645 \u0628\u062a\u0648\u0635\u064a\u0644 \u0627\u0644\u0645\u0646\u0627\u0641\u0630 \u0645\u0646 \u0627\u0644\u0646\u0648\u0639 N \u0628\u062c\u0647\u0627\u0632 \u0627\u0644\u062a\u0648\u062c\u064a\u0647 \u0623\u0648 \u0627\u0644\u062c\u0647\u0627\u0632 \u0627\u0644\u0644\u0627\u0633\u0644\u0643\u064a \u0628\u0627\u0633\u062a\u062e\u062f\u0627\u0645 \u0645\u062c\u0645\u0648\u0639\u0629 \u0627\u0644\u0643\u0627\u0628\u0644\u0627\u062a (\u0646\u0648\u0641\u0631 \u0623\u064a\u0636\u064b\u0627 \u062c\u0645\u064a\u0639 \u0623\u0646\u0648\u0627\u0639 \u0645\u062c\u0645\u0648\u0639\u0629 \u0627\u0644\u0643\u0627\u0628\u0644\u0627\u062a\u060c \u064a\u064f\u0631\u062c\u0649 \u0627\u0644\u0627\u062a\u0635\u0627\u0644 \u0628\u0646\u0627 \u0625\u0630\u0627 \u0644\u0632\u0645 \u0627\u0644\u0623\u0645\u0631).<\/li>\n\n\n\n<li>\u062a\u062d\u0642\u0642 \u0645\u0646 \u0623\u0646 \u062c\u0645\u064a\u0639 \u0627\u0644\u0648\u0635\u0644\u0627\u062a \u0622\u0645\u0646\u0629 \u0648\u0642\u0645 \u0628\u0648\u0636\u0639 \u0639\u0627\u0632\u0644 \u0644\u0644\u0645\u0627\u0621 (\u0639\u0644\u0649 \u0633\u0628\u064a\u0644 \u0627\u0644\u0645\u062b\u0627\u0644\u060c \u0634\u0631\u064a\u0637 \u0644\u0627\u0635\u0642 \u0623\u0648 \u0645\u0627\u0646\u0639 \u062a\u0633\u0631\u0628 \u0644\u0644\u0645\u0627\u0621) \u0639\u0644\u0649 \u0627\u0644\u0648\u0635\u0644\u0627\u062a.<\/li>\n<\/ol>\n\n\n\n<p><strong>\u0627\u0644\u0627\u062d\u062a\u064a\u0627\u0637\u0627\u062a<\/strong><\/p>\n\n\n\n<ul class=\"wp-block-list\">\n<li>\u062a\u062c\u0646\u0628 \u062a\u0648\u062c\u064a\u0647 \u0627\u0644\u0647\u0648\u0627\u0626\u064a \u0646\u062d\u0648 \u0645\u0635\u0627\u062f\u0631 \u062a\u062f\u0627\u062e\u0644 \u0642\u0648\u064a\u0629 (\u0645\u062b\u0644 \u0627\u0644\u0623\u062c\u0647\u0632\u0629 \u0627\u0644\u0623\u062e\u0631\u0649 \u0639\u0627\u0644\u064a\u0629 \u0627\u0644\u062a\u0631\u062f\u062f).<\/li>\n\n\n\n<li>\u062a\u0623\u0643\u062f \u0645\u0646 \u0648\u062c\u0648\u062f \u062a\u0623\u0631\u064a\u0636 \u0645\u0646\u0627\u0633\u0628 \u0644\u0644\u062d\u0645\u0627\u064a\u0629 \u0645\u0646 \u0627\u0644\u0635\u0648\u0627\u0639\u0642 (\u062a\u0623\u0631\u064a\u0636 \u062a\u064a\u0627\u0631 \u0645\u0633\u062a\u0645\u0631).<\/li>\n<\/ul>","protected":false},"author":1,"featured_media":7564,"menu_order":0,"template":"","meta":{"_acf_changed":true},"product_cat":[166,338,128],"product_tag":[],"class_list":["post-7563","product","type-product","status-publish","has-post-thumbnail","hentry","product_cat-wifi-6-6e-antennas","product_cat-2400-7125-mhz-antennas","product_cat-mimo-panel-antennas"],"acf":{"_sku":"TPC-4972-17D","product-image":[7564],"_price":"","pdsms":null,"excerpt":"<ul>\r\n<li>\u062a\u0639\u0645\u0644 \u0639\u0644\u0649 \u0646\u0637\u0627\u0642 4900-7125MHz 4900-7125MHz<\/li>\r\n<li>15\/17dBi \u0639\u0627\u0644\u064a \u0627\u0644\u0643\u0633\u0628 15\/17dBi<\/li>\r\n<li>\u0646\u0645\u0637 \u0627\u0644\u0625\u0634\u0639\u0627\u0639 \u0627\u0644\u0627\u062a\u062c\u0627\u0647\u064a<\/li>\r\n<li>\u062d\u0627\u0645\u0644 \u0639\u0644\u0649 \u0639\u0645\u0648\u062f \u0644\u0644\u0627\u0633\u062a\u062e\u062f\u0627\u0645 \u0627\u0644\u062e\u0627\u0631\u062c\u064a<\/li>\r\n<li>2*N \u0645\u0648\u0635\u0644 \u0623\u0646\u062b\u0648\u064a 2*N<\/li>\r\n<\/ul>","faqs":""},"_links":{"self":[{"href":"https:\/\/www.tesswave.com\/ar\/wp-json\/wp\/v2\/product\/7563","targetHints":{"allow":["GET"]}}],"collection":[{"href":"https:\/\/www.tesswave.com\/ar\/wp-json\/wp\/v2\/product"}],"about":[{"href":"https:\/\/www.tesswave.com\/ar\/wp-json\/wp\/v2\/types\/product"}],"author":[{"embeddable":true,"href":"https:\/\/www.tesswave.com\/ar\/wp-json\/wp\/v2\/users\/1"}],"acf:attachment":[{"embeddable":true,"href":"https:\/\/www.tesswave.com\/ar\/wp-json\/wp\/v2\/media\/7564"}],"wp:featuredmedia":[{"embeddable":true,"href":"https:\/\/www.tesswave.com\/ar\/wp-json\/wp\/v2\/media\/7564"}],"wp:attachment":[{"href":"https:\/\/www.tesswave.com\/ar\/wp-json\/wp\/v2\/media?parent=7563"}],"wp:term":[{"taxonomy":"product_cat","embeddable":true,"href":"https:\/\/www.tesswave.com\/ar\/wp-json\/wp\/v2\/product_cat?post=7563"},{"taxonomy":"product_tag","embeddable":true,"href":"https:\/\/www.tesswave.com\/ar\/wp-json\/wp\/v2\/product_tag?post=7563"}],"curies":[{"name":"\u062f\u0628\u0644\u064a\u0648 \u0628\u064a","href":"https:\/\/api.w.org\/{rel}","templated":true}]}}