{"id":1333,"date":"2021-09-18T17:05:57","date_gmt":"2021-09-18T09:05:57","guid":{"rendered":"https:\/\/www.tesswave.com\/?page_id=1333"},"modified":"2025-06-21T22:58:36","modified_gmt":"2025-06-21T14:58:36","slug":"quality-control","status":"publish","type":"page","link":"https:\/\/www.tesswave.com\/de\/quality-control\/","title":{"rendered":"Qualit\u00e4tskontrolle"},"content":{"rendered":"<div data-elementor-type=\"wp-page\" data-elementor-id=\"1333\" class=\"elementor elementor-1333\" data-elementor-post-type=\"page\">\n\t\t\t\t<div class=\"elementor-element elementor-element-51020ca e-flex e-con-boxed e-con e-parent\" data-id=\"51020ca\" data-element_type=\"container\" data-e-type=\"container\" data-settings=\"{&quot;background_background&quot;:&quot;classic&quot;,&quot;ekit_has_onepagescroll_dot&quot;:&quot;yes&quot;}\">\n\t\t\t\t\t<div class=\"e-con-inner\">\n\t\t\t\t<div class=\"elementor-element elementor-element-f07d8b8 elementor-widget elementor-widget-heading\" data-id=\"f07d8b8\" data-element_type=\"widget\" data-e-type=\"widget\" data-settings=\"{&quot;ekit_we_effect_on&quot;:&quot;none&quot;}\" data-widget_type=\"heading.default\">\n\t\t\t\t<div class=\"elementor-widget-container\">\n\t\t\t\t\t<h2 class=\"elementor-heading-title elementor-size-default\">Qualit\u00e4tskontrolle<\/h2>\t\t\t\t<\/div>\n\t\t\t\t<\/div>\n\t\t\t\t<div class=\"elementor-element elementor-element-6b79359 elementor-widget elementor-widget-breadcrumbs\" data-id=\"6b79359\" data-element_type=\"widget\" data-e-type=\"widget\" data-settings=\"{&quot;ekit_we_effect_on&quot;:&quot;none&quot;}\" data-widget_type=\"breadcrumbs.default\">\n\t\t\t\t<div class=\"elementor-widget-container\">\n\t\t\t\t\t<nav aria-label=\"Semmelbr\u00f6sel\" class=\"rank-math-breadcrumb\"><p><span class=\"last\">Startseite<\/span><\/p><\/nav>\t\t\t\t<\/div>\n\t\t\t\t<\/div>\n\t\t\t\t\t<\/div>\n\t\t\t\t<\/div>\n\t\t<div class=\"elementor-element elementor-element-56d2d13 e-flex e-con-boxed e-con e-parent\" data-id=\"56d2d13\" data-element_type=\"container\" data-e-type=\"container\" data-settings=\"{&quot;ekit_has_onepagescroll_dot&quot;:&quot;yes&quot;}\">\n\t\t\t\t\t<div class=\"e-con-inner\">\n\t\t\t\t<div class=\"elementor-element elementor-element-2c58611 elementor-widget elementor-widget-heading\" data-id=\"2c58611\" data-element_type=\"widget\" data-e-type=\"widget\" data-settings=\"{&quot;ekit_we_effect_on&quot;:&quot;none&quot;}\" data-widget_type=\"heading.default\">\n\t\t\t\t<div class=\"elementor-widget-container\">\n\t\t\t\t\t<h2 class=\"elementor-heading-title elementor-size-large\">Wir betrachten Qualit\u00e4t als Leben<\/h2>\t\t\t\t<\/div>\n\t\t\t\t<\/div>\n\t\t\t\t<div class=\"elementor-element elementor-element-9e2ca8c elementor-widget__width-initial elementor-widget elementor-widget-text-editor\" data-id=\"9e2ca8c\" data-element_type=\"widget\" data-e-type=\"widget\" data-settings=\"{&quot;ekit_we_effect_on&quot;:&quot;none&quot;}\" data-widget_type=\"text-editor.default\">\n\t\t\t\t<div class=\"elementor-widget-container\">\n\t\t\t\t\t\t\t\t\t<p>Als ein Antennenhersteller, der die <a href=\"https:\/\/www.tesswave.com\/de\/certifications\/\">Zertifizierung nach ISO 9001:2015<\/a>haben wir die Produktqualit\u00e4t immer an die erste Stelle gesetzt. Das Unternehmen verf\u00fcgt \u00fcber ein strenges Qualit\u00e4tskontrollsystem von den Rohstoffen bis zu den fertigen Produkten, um sicherzustellen, dass es den Kunden auf der ganzen Welt Antennenprodukte von h\u00f6chster Qualit\u00e4t liefert.<\/p>\t\t\t\t\t\t\t\t<\/div>\n\t\t\t\t<\/div>\n\t\t\t\t\t<\/div>\n\t\t\t\t<\/div>\n\t\t<div class=\"elementor-element elementor-element-07c86bb e-flex e-con-boxed e-con e-parent\" data-id=\"07c86bb\" data-element_type=\"container\" data-e-type=\"container\" data-settings=\"{&quot;ekit_has_onepagescroll_dot&quot;:&quot;yes&quot;}\">\n\t\t\t\t\t<div class=\"e-con-inner\">\n\t\t<div class=\"elementor-element elementor-element-b5c56d8 e-con-full e-flex e-con e-child\" data-id=\"b5c56d8\" data-element_type=\"container\" data-e-type=\"container\" data-settings=\"{&quot;ekit_has_onepagescroll_dot&quot;:&quot;yes&quot;}\">\n\t\t\t\t<div class=\"elementor-element elementor-element-a0b35ae elementor-widget elementor-widget-heading\" data-id=\"a0b35ae\" data-element_type=\"widget\" data-e-type=\"widget\" data-settings=\"{&quot;ekit_we_effect_on&quot;:&quot;none&quot;}\" data-widget_type=\"heading.default\">\n\t\t\t\t<div class=\"elementor-widget-container\">\n\t\t\t\t\t<h2 class=\"elementor-heading-title elementor-size-default\">Kontrolle von Rohstoffen<\/h2>\t\t\t\t<\/div>\n\t\t\t\t<\/div>\n\t\t\t\t<div class=\"elementor-element elementor-element-0b66d8b elementor-widget elementor-widget-text-editor\" data-id=\"0b66d8b\" data-element_type=\"widget\" data-e-type=\"widget\" data-settings=\"{&quot;ekit_we_effect_on&quot;:&quot;none&quot;}\" data-widget_type=\"text-editor.default\">\n\t\t\t\t<div class=\"elementor-widget-container\">\n\t\t\t\t\t\t\t\t\t<p>Wir haben immer geglaubt, dass die Qualit\u00e4tskontrolle von Rohstoffen der wichtigste und unverzichtbare Teil der Fertigungsindustrie ist. Wir unternehmen gro\u00dfe Anstrengungen bei der Auswahl der Rohstofflieferanten, um die Qualifikationsrate der Rohstoffe zu gew\u00e4hrleisten und dadurch unsere Produktionseffizienz zu verbessern und den Produktionszyklus zu optimieren.<\/p>\t\t\t\t\t\t\t\t<\/div>\n\t\t\t\t<\/div>\n\t\t\t\t<\/div>\n\t\t<div class=\"elementor-element elementor-element-5beec8c e-con-full e-flex e-con e-child\" data-id=\"5beec8c\" data-element_type=\"container\" data-e-type=\"container\" data-settings=\"{&quot;ekit_has_onepagescroll_dot&quot;:&quot;yes&quot;}\">\n\t\t\t\t<div class=\"elementor-element elementor-element-25a4082 elementor-widget elementor-widget-image\" data-id=\"25a4082\" data-element_type=\"widget\" data-e-type=\"widget\" data-settings=\"{&quot;ekit_we_effect_on&quot;:&quot;none&quot;}\" data-widget_type=\"image.default\">\n\t\t\t\t<div class=\"elementor-widget-container\">\n\t\t\t\t\t\t\t\t\t\t\t\t\t\t\t<img fetchpriority=\"high\" decoding=\"async\" width=\"725\" height=\"525\" src=\"https:\/\/www.tesswave.com\/wp-content\/uploads\/2023\/03\/121.jpg\" class=\"attachment-large size-large wp-image-4734\" alt=\"\" srcset=\"https:\/\/www.tesswave.com\/wp-content\/uploads\/2023\/03\/121.jpg 725w, https:\/\/www.tesswave.com\/wp-content\/uploads\/2023\/03\/121-300x217.jpg 300w, https:\/\/www.tesswave.com\/wp-content\/uploads\/2023\/03\/121-50x36.jpg 50w\" sizes=\"(max-width: 725px) 100vw, 725px\" \/>\t\t\t\t\t\t\t\t\t\t\t\t\t\t\t<\/div>\n\t\t\t\t<\/div>\n\t\t\t\t<\/div>\n\t\t\t\t\t<\/div>\n\t\t\t\t<\/div>\n\t\t<div class=\"elementor-element elementor-element-535f458 e-flex e-con-boxed e-con e-parent\" data-id=\"535f458\" data-element_type=\"container\" data-e-type=\"container\" data-settings=\"{&quot;ekit_has_onepagescroll_dot&quot;:&quot;yes&quot;}\">\n\t\t\t\t\t<div class=\"e-con-inner\">\n\t\t<div class=\"elementor-element elementor-element-6b1fe3e e-con-full e-flex e-con e-child\" data-id=\"6b1fe3e\" data-element_type=\"container\" data-e-type=\"container\" data-settings=\"{&quot;ekit_has_onepagescroll_dot&quot;:&quot;yes&quot;}\">\n\t\t\t\t<div class=\"elementor-element elementor-element-0f5d291 elementor-widget elementor-widget-image\" data-id=\"0f5d291\" data-element_type=\"widget\" data-e-type=\"widget\" data-settings=\"{&quot;ekit_we_effect_on&quot;:&quot;none&quot;}\" data-widget_type=\"image.default\">\n\t\t\t\t<div class=\"elementor-widget-container\">\n\t\t\t\t\t\t\t\t\t\t\t\t\t\t\t<img decoding=\"async\" width=\"725\" height=\"525\" src=\"https:\/\/www.tesswave.com\/wp-content\/uploads\/2023\/03\/12-1.jpg\" class=\"attachment-large size-large wp-image-4735\" alt=\"\" srcset=\"https:\/\/www.tesswave.com\/wp-content\/uploads\/2023\/03\/12-1.jpg 725w, https:\/\/www.tesswave.com\/wp-content\/uploads\/2023\/03\/12-1-300x217.jpg 300w, https:\/\/www.tesswave.com\/wp-content\/uploads\/2023\/03\/12-1-50x36.jpg 50w\" sizes=\"(max-width: 725px) 100vw, 725px\" \/>\t\t\t\t\t\t\t\t\t\t\t\t\t\t\t<\/div>\n\t\t\t\t<\/div>\n\t\t\t\t<\/div>\n\t\t<div class=\"elementor-element elementor-element-86a09c7 e-con-full e-flex e-con e-child\" data-id=\"86a09c7\" data-element_type=\"container\" data-e-type=\"container\" data-settings=\"{&quot;ekit_has_onepagescroll_dot&quot;:&quot;yes&quot;}\">\n\t\t\t\t<div class=\"elementor-element elementor-element-f27b89d elementor-widget elementor-widget-heading\" data-id=\"f27b89d\" data-element_type=\"widget\" data-e-type=\"widget\" data-settings=\"{&quot;ekit_we_effect_on&quot;:&quot;none&quot;}\" data-widget_type=\"heading.default\">\n\t\t\t\t<div class=\"elementor-widget-container\">\n\t\t\t\t\t<h2 class=\"elementor-heading-title elementor-size-default\">Vern\u00fcnftige und wissenschaftliche Terminplanung<\/h2>\t\t\t\t<\/div>\n\t\t\t\t<\/div>\n\t\t\t\t<div class=\"elementor-element elementor-element-ae075b8 elementor-widget elementor-widget-text-editor\" data-id=\"ae075b8\" data-element_type=\"widget\" data-e-type=\"widget\" data-settings=\"{&quot;ekit_we_effect_on&quot;:&quot;none&quot;}\" data-widget_type=\"text-editor.default\">\n\t\t\t\t<div class=\"elementor-widget-container\">\n\t\t\t\t\t\t\t\t\t<p>Das Unternehmen verf\u00fcgt \u00fcber ein professionelles ERP-Produktionsmanagementsystem. Durch eine effektive Produktionsplanung kann das Managementpersonal den Verlust von Personalenergie des Unternehmens vermeiden, die Produktionseffizienz maximieren und den Produktionszyklus sicherstellen.<\/p>\t\t\t\t\t\t\t\t<\/div>\n\t\t\t\t<\/div>\n\t\t\t\t<\/div>\n\t\t\t\t\t<\/div>\n\t\t\t\t<\/div>\n\t\t<div class=\"elementor-element elementor-element-e588ebc e-flex e-con-boxed e-con e-parent\" data-id=\"e588ebc\" data-element_type=\"container\" data-e-type=\"container\" data-settings=\"{&quot;ekit_has_onepagescroll_dot&quot;:&quot;yes&quot;}\">\n\t\t\t\t\t<div class=\"e-con-inner\">\n\t\t<div class=\"elementor-element elementor-element-7eebe22 e-con-full e-flex e-con e-child\" data-id=\"7eebe22\" data-element_type=\"container\" data-e-type=\"container\" data-settings=\"{&quot;ekit_has_onepagescroll_dot&quot;:&quot;yes&quot;}\">\n\t\t\t\t<div class=\"elementor-element elementor-element-d1ee6a8 elementor-widget elementor-widget-heading\" data-id=\"d1ee6a8\" data-element_type=\"widget\" data-e-type=\"widget\" data-settings=\"{&quot;ekit_we_effect_on&quot;:&quot;none&quot;}\" data-widget_type=\"heading.default\">\n\t\t\t\t<div class=\"elementor-widget-container\">\n\t\t\t\t\t<h2 class=\"elementor-heading-title elementor-size-default\">Kontrolle des Produktionsprozesses<\/h2>\t\t\t\t<\/div>\n\t\t\t\t<\/div>\n\t\t\t\t<div class=\"elementor-element elementor-element-d92853e elementor-widget elementor-widget-text-editor\" data-id=\"d92853e\" data-element_type=\"widget\" data-e-type=\"widget\" data-settings=\"{&quot;ekit_we_effect_on&quot;:&quot;none&quot;}\" data-widget_type=\"text-editor.default\">\n\t\t\t\t<div class=\"elementor-widget-container\">\n\t\t\t\t\t\t\t\t\tWir verf\u00fcgen \u00fcber professionelle Produktionsrichtlinien und Standards f\u00fcr jedes Produkt. Mehr als 100 Facharbeiter k\u00f6nnen die Richtlinien bei der Arbeit befolgen, einschlie\u00dflich der Antenneninstallation, dem Schwei\u00dfen und der ersten Pr\u00fcfung. Wir haben einige professionelle Produktionswerkzeuge gekauft, um die Produktionseffizienz zu verbessern und die Sicherheit der Arbeiter zu sch\u00fctzen.\t\t\t\t\t\t\t\t<\/div>\n\t\t\t\t<\/div>\n\t\t\t\t<\/div>\n\t\t<div class=\"elementor-element elementor-element-298bd28 e-con-full e-flex e-con e-child\" data-id=\"298bd28\" data-element_type=\"container\" data-e-type=\"container\" data-settings=\"{&quot;ekit_has_onepagescroll_dot&quot;:&quot;yes&quot;}\">\n\t\t\t\t<div class=\"elementor-element elementor-element-5965fe6 elementor-widget elementor-widget-image\" data-id=\"5965fe6\" data-element_type=\"widget\" data-e-type=\"widget\" data-settings=\"{&quot;ekit_we_effect_on&quot;:&quot;none&quot;}\" data-widget_type=\"image.default\">\n\t\t\t\t<div class=\"elementor-widget-container\">\n\t\t\t\t\t\t\t\t\t\t\t\t\t\t\t<img decoding=\"async\" width=\"725\" height=\"525\" src=\"https:\/\/www.tesswave.com\/wp-content\/uploads\/2023\/03\/1.jpg\" class=\"attachment-large size-large wp-image-4736\" alt=\"\" srcset=\"https:\/\/www.tesswave.com\/wp-content\/uploads\/2023\/03\/1.jpg 725w, https:\/\/www.tesswave.com\/wp-content\/uploads\/2023\/03\/1-300x217.jpg 300w, https:\/\/www.tesswave.com\/wp-content\/uploads\/2023\/03\/1-50x36.jpg 50w\" sizes=\"(max-width: 725px) 100vw, 725px\" \/>\t\t\t\t\t\t\t\t\t\t\t\t\t\t\t<\/div>\n\t\t\t\t<\/div>\n\t\t\t\t<\/div>\n\t\t\t\t\t<\/div>\n\t\t\t\t<\/div>\n\t\t<div class=\"elementor-element elementor-element-44770ac e-flex e-con-boxed e-con e-parent\" data-id=\"44770ac\" data-element_type=\"container\" data-e-type=\"container\" data-settings=\"{&quot;ekit_has_onepagescroll_dot&quot;:&quot;yes&quot;}\">\n\t\t\t\t\t<div class=\"e-con-inner\">\n\t\t<div class=\"elementor-element elementor-element-5c6654d e-con-full e-flex e-con e-child\" data-id=\"5c6654d\" data-element_type=\"container\" data-e-type=\"container\" data-settings=\"{&quot;ekit_has_onepagescroll_dot&quot;:&quot;yes&quot;}\">\n\t\t\t\t<div class=\"elementor-element elementor-element-f418379 elementor-widget elementor-widget-image\" data-id=\"f418379\" data-element_type=\"widget\" data-e-type=\"widget\" data-settings=\"{&quot;ekit_we_effect_on&quot;:&quot;none&quot;}\" data-widget_type=\"image.default\">\n\t\t\t\t<div class=\"elementor-widget-container\">\n\t\t\t\t\t\t\t\t\t\t\t\t\t\t\t<img loading=\"lazy\" decoding=\"async\" width=\"725\" height=\"525\" src=\"https:\/\/www.tesswave.com\/wp-content\/uploads\/2023\/03\/11.jpg\" class=\"attachment-large size-large wp-image-4737\" alt=\"\" srcset=\"https:\/\/www.tesswave.com\/wp-content\/uploads\/2023\/03\/11.jpg 725w, https:\/\/www.tesswave.com\/wp-content\/uploads\/2023\/03\/11-300x217.jpg 300w, https:\/\/www.tesswave.com\/wp-content\/uploads\/2023\/03\/11-50x36.jpg 50w\" sizes=\"(max-width: 725px) 100vw, 725px\" \/>\t\t\t\t\t\t\t\t\t\t\t\t\t\t\t<\/div>\n\t\t\t\t<\/div>\n\t\t\t\t<\/div>\n\t\t<div class=\"elementor-element elementor-element-adb78cb e-con-full e-flex e-con e-child\" data-id=\"adb78cb\" data-element_type=\"container\" data-e-type=\"container\" data-settings=\"{&quot;ekit_has_onepagescroll_dot&quot;:&quot;yes&quot;}\">\n\t\t\t\t<div class=\"elementor-element elementor-element-7a936c9 elementor-widget elementor-widget-heading\" data-id=\"7a936c9\" data-element_type=\"widget\" data-e-type=\"widget\" data-settings=\"{&quot;ekit_we_effect_on&quot;:&quot;none&quot;}\" data-widget_type=\"heading.default\">\n\t\t\t\t<div class=\"elementor-widget-container\">\n\t\t\t\t\t<h2 class=\"elementor-heading-title elementor-size-default\">100% Test vor der Auslieferung<\/h2>\t\t\t\t<\/div>\n\t\t\t\t<\/div>\n\t\t\t\t<div class=\"elementor-element elementor-element-6074b4a elementor-widget elementor-widget-text-editor\" data-id=\"6074b4a\" data-element_type=\"widget\" data-e-type=\"widget\" data-settings=\"{&quot;ekit_we_effect_on&quot;:&quot;none&quot;}\" data-widget_type=\"text-editor.default\">\n\t\t\t\t<div class=\"elementor-widget-container\">\n\t\t\t\t\t\t\t\t\tNach dem Zusammenbau der Antenne f\u00fchren wir vor dem Verpacken einen 100%-Leistungstest durch und verlangen eine 100%-Best\u00e4tigungsrate. Vor dem Versand f\u00fchren wir stichprobenartige Kontrollen an jedem Warenkarton durch. Wenn eine Fehlerquote von mehr als 3% festgestellt wird, werden alle Produkte erneut getestet.\t\t\t\t\t\t\t\t<\/div>\n\t\t\t\t<\/div>\n\t\t\t\t<\/div>\n\t\t\t\t\t<\/div>\n\t\t\t\t<\/div>\n\t\t\t\t<\/div>","protected":false},"excerpt":{"rendered":"<p>Home We regard quality as life As an\u00a0antenna manufacturing company\u00a0that has passed ISO 9001:2015 certification, we have always put product quality in the most important position. The company has a strict quality control system from raw materials to finished products to ensure that it provides the highest quality antenna products to customers around the world. [&hellip;]<\/p>\n","protected":false},"author":1,"featured_media":0,"parent":0,"menu_order":0,"comment_status":"closed","ping_status":"closed","template":"elementor_header_footer","meta":{"_acf_changed":false,"footnotes":""},"class_list":["post-1333","page","type-page","status-publish","hentry"],"acf":[],"_links":{"self":[{"href":"https:\/\/www.tesswave.com\/de\/wp-json\/wp\/v2\/pages\/1333","targetHints":{"allow":["GET"]}}],"collection":[{"href":"https:\/\/www.tesswave.com\/de\/wp-json\/wp\/v2\/pages"}],"about":[{"href":"https:\/\/www.tesswave.com\/de\/wp-json\/wp\/v2\/types\/page"}],"author":[{"embeddable":true,"href":"https:\/\/www.tesswave.com\/de\/wp-json\/wp\/v2\/users\/1"}],"replies":[{"embeddable":true,"href":"https:\/\/www.tesswave.com\/de\/wp-json\/wp\/v2\/comments?post=1333"}],"version-history":[{"count":3,"href":"https:\/\/www.tesswave.com\/de\/wp-json\/wp\/v2\/pages\/1333\/revisions"}],"predecessor-version":[{"id":10184,"href":"https:\/\/www.tesswave.com\/de\/wp-json\/wp\/v2\/pages\/1333\/revisions\/10184"}],"wp:attachment":[{"href":"https:\/\/www.tesswave.com\/de\/wp-json\/wp\/v2\/media?parent=1333"}],"curies":[{"name":"wp","href":"https:\/\/api.w.org\/{rel}","templated":true}]}}