{"id":2227,"date":"2022-05-24T10:35:11","date_gmt":"2022-05-24T02:35:11","guid":{"rendered":"https:\/\/www.tesswave.com\/?post_type=product&#038;p=2227"},"modified":"2025-06-19T19:47:13","modified_gmt":"2025-06-19T11:47:13","slug":"2-4-ghz-12dbi-yagi-wifi-antenna","status":"publish","type":"product","link":"https:\/\/www.tesswave.com\/de\/product\/2-4-ghz-12dbi-yagi-wifi-antenna\/","title":{"rendered":"2.4GHz 12dBi Au\u00dfenrichtantenne Yagi WiFi"},"content":{"rendered":"<p>Unsere Yagi WiFi-Antenne arbeitet in 2.4GHz und 5GHz Frequenzband, Es ist eine kosteng\u00fcnstige Outdoor-Richtungsantenne WiFi, die haupts\u00e4chlich f\u00fcr Client-Installationen verwendet. Gleich wie die&nbsp;<a href=\"https:\/\/www.tesswave.com\/de\/products\/wifi-antennas\/panel-wifi-antennas\/\">Panel-WiFi-Antennen<\/a>Die Yagi-WiFi-Antenne verf\u00fcgt \u00fcber eine hohe Verst\u00e4rkung und einen schmalen Strahl, der ideal f\u00fcr Punkt-zu-Punkt- oder Punkt-zu-Mehrpunkt-Wireless-Verbindungen im Freien geeignet ist. Die Yagi-Antenne sind in der Regel mit Router, Access Point oder andere WiFi-Ger\u00e4te durch die Verwendung mit einem Koaxialkabel-Adapter verbunden, so werden ein&nbsp;<a href=\"https:\/\/www.tesswave.com\/de\/what-is-wireless-bridge\/\">Funkbr\u00fccke<\/a>&nbsp;die eine WiFi-Datenverbindung, die \u00dcbertragung von drahtlosen Videosignalen und andere drahtlose WiFi-Verbindungsanwendungen im Freien realisieren kann.<\/p>\n\n\n\n<p>Yagi-WiFi-Antennen sind eine sehr typische Richtantenne. Sie besteht aus mehreren hohlen Rohrelementen und einem Ausleger, die beide aus Aluminium gefertigt sind, diese Rohrelemente sind parallel zum Ausleger montiert, das Element am Ende der Zuf\u00fchrung ist am l\u00e4ngsten und wird als Reflektor verwendet, Antennen mit unterschiedlichen Frequenzen haben unterschiedliche L\u00e4ngen dieser Elemente, Hochfrequenz-Yagi-Antennen sind im Allgemeinen viel kleiner als Niederfrequenz-Antennen.&nbsp;<\/p>\n\n\n\n<p>Diese Yagi WiFi-Antennen m\u00fcssen auf einem Mast montiert werden, und es ist am besten, auf dem Dach oder einem h\u00f6heren Ort zu sein, um Signalverluste aufgrund von Hindernissen zu vermeiden. Die Antenne wird mit einem robusten Montagesatz geliefert, ihr einfaches Design erm\u00f6glicht eine einfache Installation, und es ist einfach, den Winkel der Antenne einzustellen, au\u00dferdem ist der Montagesatz so konzipiert, dass die Antenne horizontal oder vertikal montiert werden kann. Die Antenne ist aus Metall-Aluminium-Material, das nicht rostet und kann verschiedene raue Umgebungen im Freien zu widerstehen.<\/p>\n\n\n\n<p>Unsere Yagi-WiFi-Antenne wird mit einer typischen N-Buchse und 30cm RG58-Koaxialkabel geliefert, f\u00fcr die&nbsp;<a href=\"https:\/\/www.tesswave.com\/de\/customization\/\">kundenspezifische Auftr\u00e4ge<\/a>Wir k\u00f6nnen Sie auch mit anderen Anschl\u00fcssen (wie SMA, TNC und BNC etc.) und andere Art von Koaxialkabel (RG58U, LMR200 oder LMR240 etc.) liefern. WiFi Yagi-Antenne ist eine kosteng\u00fcnstige Richtantenne, kann es mittlere und lange Strecke WiFi-Verbindung bieten, wenn Sie ultra-lange Strecke Verbindung zu erreichen und haben genug Budget, k\u00f6nnen Sie versuchen, unsere&nbsp;<a href=\"https:\/\/www.tesswave.com\/de\/products\/wifi-antennas\/parabolic-wifi-antennas\/\">Parabolantenne f\u00fcr WiFi<\/a>&nbsp;die eine hohe Verst\u00e4rkung und einen ultra-schmalen Strahl hat.<\/p>\n\n\n\n<figure class=\"wp-block-table is-style-regular\"><table class=\"has-fixed-layout\"><tbody><tr><td>Modellnummer<\/td><td>TYC-2400-12E<\/td><\/tr><tr><td><strong>Elektrische Spezifikationen<\/strong><\/td><td><\/td><\/tr><tr><td>Frequenz-MHz<\/td><td>2400-2500<\/td><\/tr><tr><td>Verst\u00e4rkung-dBi<\/td><td>12<\/td><\/tr><tr><td>VSWR<\/td><td>&lt;1.5<\/td><\/tr><tr><td>Polarisierung<\/td><td>Vertikal<\/td><\/tr><tr><td>Horizontale Balkenbreite<\/td><td>48\u00b0<\/td><\/tr><tr><td>Vertikale Strahlbreite<\/td><td>48\u00b0<\/td><\/tr><tr><td>F\/B-Verh\u00e4ltnis-dB<\/td><td>\u226516<\/td><\/tr><tr><td>Impedanz-Widerstand<\/td><td>50<\/td><\/tr><tr><td>Max. Eingangsleistung-W<\/td><td>100<\/td><\/tr><tr><td>Blitzschutz<\/td><td>DC-Erde<\/td><\/tr><tr><td><strong>Mechanische Spezifikationen<\/strong><\/td><td>&nbsp;<\/td><\/tr><tr><td>Anschluss<\/td><td>N Weiblich<\/td><\/tr><tr><td>Abmessung-mm<\/td><td>350<\/td><\/tr><tr><td>Gewicht-kg<\/td><td>0.25<\/td><\/tr><tr><td>Montage-mm<\/td><td>Mast \u00d840-\u00d860<\/td><\/tr><tr><td>Rate Windgeschwindigkeit-km\/h<\/td><td>210<\/td><\/tr><tr><td>Betriebstemperatur<\/td><td>-40\u2103 - +65\u2103<\/td><\/tr><\/tbody><\/table><\/figure>","protected":false},"author":1,"featured_media":5031,"menu_order":0,"template":"","meta":{"_acf_changed":true},"product_cat":[243,332],"product_tag":[],"class_list":["post-2227","product","type-product","status-publish","has-post-thumbnail","hentry","product_cat-yagi-wifi-antennas","product_cat-2-4-ghz-antennas"],"acf":{"_sku":"TYC-2400-12E","product-image":[5031],"_price":"11","pdsms":null,"excerpt":"<ul>\r\n<li>Betrieb im Frequenzband 2400-2500MHz<\/li>\r\n<li>Hohe Verst\u00e4rkung f\u00fcr Punkt-zu-Punkt-Richtungsanwendungen im Freien<\/li>\r\n<li>Mastmontage im Freien<\/li>\r\n<li>N-Buchse mit 30cm RG58-Kabel (andere Optionen m\u00f6glich)<\/li>\r\n<li>Hergestellt aus Aluminium, langlebig f\u00fcr raue Au\u00dfenbedingungen<\/li>\r\n<\/ul>","faqs":""},"_links":{"self":[{"href":"https:\/\/www.tesswave.com\/de\/wp-json\/wp\/v2\/product\/2227","targetHints":{"allow":["GET"]}}],"collection":[{"href":"https:\/\/www.tesswave.com\/de\/wp-json\/wp\/v2\/product"}],"about":[{"href":"https:\/\/www.tesswave.com\/de\/wp-json\/wp\/v2\/types\/product"}],"author":[{"embeddable":true,"href":"https:\/\/www.tesswave.com\/de\/wp-json\/wp\/v2\/users\/1"}],"acf:attachment":[{"embeddable":true,"href":"https:\/\/www.tesswave.com\/de\/wp-json\/wp\/v2\/media\/5031"}],"wp:featuredmedia":[{"embeddable":true,"href":"https:\/\/www.tesswave.com\/de\/wp-json\/wp\/v2\/media\/5031"}],"wp:attachment":[{"href":"https:\/\/www.tesswave.com\/de\/wp-json\/wp\/v2\/media?parent=2227"}],"wp:term":[{"taxonomy":"product_cat","embeddable":true,"href":"https:\/\/www.tesswave.com\/de\/wp-json\/wp\/v2\/product_cat?post=2227"},{"taxonomy":"product_tag","embeddable":true,"href":"https:\/\/www.tesswave.com\/de\/wp-json\/wp\/v2\/product_tag?post=2227"}],"curies":[{"name":"wp","href":"https:\/\/api.w.org\/{rel}","templated":true}]}}