{"id":2230,"date":"2022-05-24T10:43:07","date_gmt":"2022-05-24T02:43:07","guid":{"rendered":"https:\/\/www.tesswave.com\/?post_type=product&#038;p=2230"},"modified":"2025-06-19T19:45:55","modified_gmt":"2025-06-19T11:45:55","slug":"5ghz-12dbi-outdoor-omni-wifi-antenna","status":"publish","type":"product","link":"https:\/\/www.tesswave.com\/de\/product\/5ghz-12dbi-outdoor-omni-wifi-antenna\/","title":{"rendered":"5.1-5.8GHz 12dBi Omnidirektionale WiFi-Au\u00dfenantenne"},"content":{"rendered":"<p>Wir bieten eine Reihe von omnidirektionalen WiFi-Antennen f\u00fcr den Au\u00dfenbereich an, die auf dem 5GHz-Frequenzband arbeiten, das weitgehend kompatibel mit den drahtlosen&nbsp;<a href=\"https:\/\/www.tesswave.com\/de\/what-are-the-ieee-802-11-standards\/\">IEEE-Normen<\/a>&nbsp;802.11b\/g\/n, sind sie ideal f\u00fcr den Einsatz an einem WiFi-Router, Modem, Access Point, Repeater, WiFi-Booster und Gateway \u00fcber Koaxialkabel oder direkt an das drahtlose Ger\u00e4t angeschlossen. Unsere omnidirektionalen WLAN-Antennen werden in der Regel in folgenden Bereichen eingesetzt: \u00f6ffentliches WLAN, Zoos, \u00f6ffentliche Parks und Erholungsgebiete im Freien, sowie die meisten Yachth\u00e4fen und Wohnmobilparks.<\/p>\n\n\n\n<p>Die Omni-WiFi-Antenne hat keine Richtwirkung, strahlt ein Signal in einem 360-Grad-Muster ab, das ideal f\u00fcr Systeme ist, bei denen die Richtung zur Gegenstelle unbekannt oder ver\u00e4nderbar ist. Sie sind entworfen, um die Signalst\u00e4rke und Reichweite Ihrer WiFi-Ger\u00e4te zu erh\u00f6hen, hohe Verst\u00e4rkung mit mehr Leistung in alle Richtungen ist perfekt f\u00fcr Outdoor-Punkt-zu-Multi-Punkt-WiFi-Abdeckung.<\/p>\n\n\n\n<p>Diese Outdoor omnidirektionale WiFi-Antennen sind langlebig f\u00fcr die Installation im Freien mit dem Glasfaser-oder UV-PVC-Radom und IP66-rated Abdichtung, sind alle unsere Antennen gehen mit einem Heavy-Duty-Montage-Kit k\u00f6nnen Sie einfach und schnell zu installieren unsere Antennen auf einem Mast.<\/p>\n\n\n\n<p>Wir bieten sowohl SISO- (Single Input Single Output) als auch MIMO- (Multiple Input Multiple Output) Antennenoptionen an, um den Anforderungen Ihrer Ger\u00e4te gerecht zu werden. Da die meisten modernen WiFi-Ger\u00e4te jetzt MIMO-Technologie unterst\u00fctzen, recommend unsere<a href=\"https:\/\/www.tesswave.com\/de\/products\/mimo-antennas\/mimo-omni-antennas\/\">MIMO Omnidirektionale Antenne<\/a> die mit mehreren Anschl\u00fcssen f\u00fcr nahtlose Kompatibilit\u00e4t mit drahtlosen Ger\u00e4ten mit mehreren Anschl\u00fcssen ausgestattet ist.<\/p>\n\n\n\n<p>Dar\u00fcber hinaus bieten wir eine breite Palette an gerichteten WiFi-Antennen an, darunter Panel-, Yagi-, Sektor- und Parabolantennenmodelle, die den unterschiedlichen Anforderungen an die Konnektivit\u00e4t gerecht werden.<\/p>\n\n\n\n<p>F\u00fcr weitere Informationen oder ein kostenloses Angebot besuchen Sie unsere Website oder kontaktieren Sie uns direkt!<\/p>\n\n\n\n<figure class=\"wp-block-table is-style-stripes\"><table class=\"has-fixed-layout\"><tbody><tr><td><strong>Elektrische Spezifikationen<\/strong><\/td><td>&nbsp;<\/td><\/tr><tr><td>Frequenz<\/td><td>5150-5850 MHz<\/td><\/tr><tr><td>Gewinnen Sie<\/td><td>12 dBi<\/td><\/tr><tr><td>VSWR<\/td><td>&lt;1.5<\/td><\/tr><tr><td>Polarisierung<\/td><td>Vertikal<\/td><\/tr><tr><td>Horizontale Balkenbreite<\/td><td>360\u00b0<\/td><\/tr><tr><td>Vertikale Strahlbreite<\/td><td>8\u00b0<\/td><\/tr><tr><td>Impedanz<\/td><td>50 Ohm<\/td><\/tr><tr><td>Max. Eingangsleistung<\/td><td>100W<\/td><\/tr><tr><td>Blitzschutz<\/td><td>DC-Erde<\/td><\/tr><tr><td><strong>Mechanische Spezifikationen<\/strong><\/td><td>&nbsp;<\/td><\/tr><tr><td>Anschluss<\/td><td>N Weiblich<\/td><\/tr><tr><td>Dimension<\/td><td>\u00d820\u00d7480mm<\/td><\/tr><tr><td>Gewicht<\/td><td>0,5kg<\/td><\/tr><tr><td>Montage<\/td><td>Mast \u00d840-\u00d860 mm<\/td><\/tr><tr><td>Material des Radoms<\/td><td>Fiberglas (Wei\u00df)<\/td><\/tr><tr><td>Rate Windgeschwindigkeit<\/td><td>210km\/h<\/td><\/tr><tr><td>Betriebstemperatur<\/td><td>-40\u2103 - +65\u2103<\/td><\/tr><\/tbody><\/table><\/figure>","protected":false},"author":1,"featured_media":4965,"menu_order":0,"template":"","meta":{"_acf_changed":true},"product_cat":[242,334],"product_tag":[],"class_list":["post-2230","product","type-product","status-publish","has-post-thumbnail","hentry","product_cat-omnidirectional-wifi-antennas","product_cat-5-ghz-antennas"],"acf":{"_sku":"TOF-5158-12V","product-image":[4965],"_price":"25","pdsms":null,"excerpt":"<ul>\r\n<li>Betrieb im Frequenzband 5150-5850MHz<\/li>\r\n<li>Echte 12dBi hohe Verst\u00e4rkung<\/li>\r\n<li>Omnidirektionale Antenne, ideal f\u00fcr die Abdeckung von Au\u00dfensignalen<\/li>\r\n<li>Mastmontage im Freien<\/li>\r\n<li>Robustes, wetterfestes Fiberglas-Antennengeh\u00e4use<\/li>\r\n<li>Abmessungen: \u00d820\u00d7480mm<\/li>\r\n<li>IP55 regen- und staubdicht<\/li>\r\n<li>Typische N-Buchse<\/li>\r\n<\/ul>","faqs":""},"_links":{"self":[{"href":"https:\/\/www.tesswave.com\/de\/wp-json\/wp\/v2\/product\/2230","targetHints":{"allow":["GET"]}}],"collection":[{"href":"https:\/\/www.tesswave.com\/de\/wp-json\/wp\/v2\/product"}],"about":[{"href":"https:\/\/www.tesswave.com\/de\/wp-json\/wp\/v2\/types\/product"}],"author":[{"embeddable":true,"href":"https:\/\/www.tesswave.com\/de\/wp-json\/wp\/v2\/users\/1"}],"acf:attachment":[{"embeddable":true,"href":"https:\/\/www.tesswave.com\/de\/wp-json\/wp\/v2\/media\/4965"}],"wp:featuredmedia":[{"embeddable":true,"href":"https:\/\/www.tesswave.com\/de\/wp-json\/wp\/v2\/media\/4965"}],"wp:attachment":[{"href":"https:\/\/www.tesswave.com\/de\/wp-json\/wp\/v2\/media?parent=2230"}],"wp:term":[{"taxonomy":"product_cat","embeddable":true,"href":"https:\/\/www.tesswave.com\/de\/wp-json\/wp\/v2\/product_cat?post=2230"},{"taxonomy":"product_tag","embeddable":true,"href":"https:\/\/www.tesswave.com\/de\/wp-json\/wp\/v2\/product_tag?post=2230"}],"curies":[{"name":"wp","href":"https:\/\/api.w.org\/{rel}","templated":true}]}}