{"id":2237,"date":"2022-05-24T10:55:53","date_gmt":"2022-05-24T02:55:53","guid":{"rendered":"https:\/\/www.tesswave.com\/?post_type=product&#038;p=2237"},"modified":"2025-06-19T19:44:04","modified_gmt":"2025-06-19T11:44:04","slug":"2-4-ghz-12dbi-outdoor-omni-wifi-antenna","status":"publish","type":"product","link":"https:\/\/www.tesswave.com\/de\/product\/2-4-ghz-12dbi-outdoor-omni-wifi-antenna\/","title":{"rendered":"2.4GHz 12dBi Au\u00dfenantenne mit hoher Verst\u00e4rkung, omnidirektional WiFi Antenne"},"content":{"rendered":"<p>Die TOF-2400-Serie mit hoher Verst\u00e4rkung und omnidirektionaler WLAN-Antenne wurde f\u00fcr die WLAN-Signalabdeckung im Freien entwickelt und erh\u00f6ht die Signalst\u00e4rke und Reichweite Ihrer 2.4GHz-WiFi-Ger\u00e4te, einschlie\u00dflich Router, Gateways, Modems, Br\u00fccken, Booster und Repeater in alle Richtungen. Arbeiten auf 2400-2500MHz Frequenzband, ist es ideal Anzug f\u00fcr viele Anwendungen wie Wi-Fi, Bluetooth, Zigbee, IoT, <a href=\"https:\/\/www.tesswave.com\/de\/what-are-lora-and-lorawan\/\">LoRa\/LoRaWAN<\/a> und RFID usw.,<\/p>\n\n\n\n<p><strong>FEATURES:<\/strong><\/p>\n\n\n\n<ul class=\"wp-block-list\">\n<li>Hohe Verst\u00e4rkung f\u00fcr den Au\u00dfenbereich zur Maximierung der WiFi-Signalabdeckung<\/li>\n\n\n\n<li>Entwickelt f\u00fcr hohe Leistung, hervorragende Abstrahlcharakteristik<\/li>\n\n\n\n<li>Gut VSWR, weniger als 1,5 oder besser<\/li>\n\n\n\n<li>Witterungsbest\u00e4ndig f\u00fcr den Au\u00dfenbereich mit langlebiger Fiberglas-Antennenhaube und IP66-Schutzklasse<\/li>\n\n\n\n<li>Typische N-Buchse, die mit den meisten drahtlosen Ger\u00e4ten kompatibel ist<\/li>\n\n\n\n<li>Ein Satz hochbelastbarer Mast- oder Wandmontages\u00e4tze f\u00fcr verschiedene Umgebungen<\/li>\n<\/ul>\n\n\n\n<p>Die 2.4GHz Outdoor omnidirektionale WiFi-Antenne strahlt ein Signal in einem 360-Grad-Muster, dass das Signal maximale Entfernung \u00fcbertragen, wie es m\u00f6glich ist, seine ready-to-use Design k\u00f6nnen Sie es zu Ihrem Router oder Access Point schnell zu befestigen, um die h\u00f6chste WiFi-Signal in alle Richtung zu \u00fcbertragen. Aber bitte beachten Sie, k\u00f6nnen Sie nur eine 2.4GHz WiFi-Antenne auf die Ger\u00e4te, die Unterst\u00fctzung 2.4GHz Frequenzband ist anbringen.<\/p>\n\n\n\n<h2 class=\"wp-block-heading\">\u00dcberlegenes Design<\/h2>\n\n\n\n<p>Die Omni-WiFi-Antenne konstruieren von Vollkupfer-Elemente gew\u00e4hrleisten seine \u00fcberlegene elektrische Leistung, Metall-Elemente gekennzeichnet bessere und stabilere Leistung. Durable Fiberglas-Geh\u00e4use ist f\u00fcr die Installation im Freien gegen Staub und regen, kann es rauen Bedingungen im Freien zu widerstehen. Ausgestattet mit einer typischen N-Typ-Buchse in der Unterseite der Antenne ist auch gut f\u00fcr wasserdicht, um zu verhindern, dass Wasser wieder in, neben, N-Typ-Anschluss ist weitgehend kompatibel mit den meisten drahtlosen Ger\u00e4ten, die mit einem Koaxialkabel.<\/p>\n\n\n\n<h2 class=\"wp-block-heading\">Installation der Antenne<\/h2>\n\n\n\n<p>Alle unsere Antennen kommen mit einem Satz von Heavy-Duty-Montage-Kit geh\u00f6ren U-Bolzen und Muttern, sie sind sehr einfach an einem Mast oder an der Wand direkt zu installieren. Die Omni-Antenne in der Regel installieren, um das Dach ohne Hindernisse zu maximun \u00fcbertragen das WiFi-Signal an die Endbenutzer.<\/p>\n\n\n\n<h2 class=\"wp-block-heading\">Personalisierung<\/h2>\n\n\n\n<p>Wir akzeptieren die kundenspezifische Anpassung einschlie\u00dflich Stecker, Frequenz, Antenne Aussehen, Montage-Kit, und Logo-Druck, Verpackung usw.,<\/p>\n\n\n\n<p>&nbsp;<\/p>\n\n\n\n<figure class=\"wp-block-table\"><table class=\"has-fixed-layout\"><tbody><tr><td><strong>Elektrische Spezifikationen<\/strong><\/td><td><\/td><\/tr><tr><td>Frequenz<\/td><td>2400-2500 MHz<\/td><\/tr><tr><td>Gewinnen Sie<\/td><td>12 dBi<\/td><\/tr><tr><td>VSWR<\/td><td>&lt;1.5<\/td><\/tr><tr><td>Polarisierung<\/td><td>Vertikal<\/td><\/tr><tr><td>Horizontale Balkenbreite<\/td><td>360\u00b0<\/td><\/tr><tr><td>Vertikale Strahlbreite<\/td><td>7.5\u00b0<\/td><\/tr><tr><td>Impedanz<\/td><td>50 Ohm<\/td><\/tr><tr><td>Max. Eingangsleistung<\/td><td>100W<\/td><\/tr><tr><td>Blitzschutz<\/td><td>DC-Erde<\/td><\/tr><tr><td><strong>Mechanische Spezifikationen<\/strong><\/td><td>&nbsp;<\/td><\/tr><tr><td>Anschluss<\/td><td>N Weiblich<\/td><\/tr><tr><td>Dimension<\/td><td>\u00d825\u00d7960mm<\/td><\/tr><tr><td>Gewicht<\/td><td>0,7 kg<\/td><\/tr><tr><td>Montage<\/td><td>Mast \u00d840-\u00d860 mm<\/td><\/tr><tr><td>Material des Radoms<\/td><td>Fiberglas (Wei\u00df)<\/td><\/tr><tr><td>Rate Windgeschwindigkeit<\/td><td>210km\/h<\/td><\/tr><tr><td>Schutz gegen Eindringen<\/td><td>IP66<\/td><\/tr><tr><td>Betriebstemperatur<\/td><td>-40\u2103 - +65\u2103<\/td><\/tr><\/tbody><\/table><\/figure>\n\n\n\n<p>&nbsp;<\/p>","protected":false},"author":1,"featured_media":4970,"menu_order":0,"template":"","meta":{"_acf_changed":true},"product_cat":[242,332,254],"product_tag":[],"class_list":["post-2237","product","type-product","status-publish","has-post-thumbnail","hentry","product_cat-omnidirectional-wifi-antennas","product_cat-2-4-ghz-antennas","product_cat-2-4-ghz-lora-antennas"],"acf":{"_sku":"TOF-2400-12V","product-image":[4970],"_price":"25","pdsms":null,"excerpt":"<ul>\r\n<li>Betrieb im Frequenzband 2.4\/5GHz<\/li>\r\n<li>Hochwertige Kupferelemente im Inneren sorgen f\u00fcr eine hohe Verst\u00e4rkung<\/li>\r\n<li>Strahlt das Signal in alle Richtungen ab, ideal f\u00fcr die Abdeckung von Au\u00dfensignalen<\/li>\r\n<li>Mastmontage im Freien<\/li>\r\n<li>Robustes, wetterfestes Fiberglas-Antennengeh\u00e4use<\/li>\r\n<li>IP66 regen- und staubdicht<\/li>\r\n<li>Typische N-Buchse (andere Stecker m\u00f6glich)<\/li>\r\n<\/ul>","faqs":""},"_links":{"self":[{"href":"https:\/\/www.tesswave.com\/de\/wp-json\/wp\/v2\/product\/2237","targetHints":{"allow":["GET"]}}],"collection":[{"href":"https:\/\/www.tesswave.com\/de\/wp-json\/wp\/v2\/product"}],"about":[{"href":"https:\/\/www.tesswave.com\/de\/wp-json\/wp\/v2\/types\/product"}],"author":[{"embeddable":true,"href":"https:\/\/www.tesswave.com\/de\/wp-json\/wp\/v2\/users\/1"}],"acf:attachment":[{"embeddable":true,"href":"https:\/\/www.tesswave.com\/de\/wp-json\/wp\/v2\/media\/4970"}],"wp:featuredmedia":[{"embeddable":true,"href":"https:\/\/www.tesswave.com\/de\/wp-json\/wp\/v2\/media\/4970"}],"wp:attachment":[{"href":"https:\/\/www.tesswave.com\/de\/wp-json\/wp\/v2\/media?parent=2237"}],"wp:term":[{"taxonomy":"product_cat","embeddable":true,"href":"https:\/\/www.tesswave.com\/de\/wp-json\/wp\/v2\/product_cat?post=2237"},{"taxonomy":"product_tag","embeddable":true,"href":"https:\/\/www.tesswave.com\/de\/wp-json\/wp\/v2\/product_tag?post=2237"}],"curies":[{"name":"wp","href":"https:\/\/api.w.org\/{rel}","templated":true}]}}