{"id":2255,"date":"2022-05-24T11:43:03","date_gmt":"2022-05-24T03:43:03","guid":{"rendered":"https:\/\/www.tesswave.com\/?post_type=product&#038;p=2255"},"modified":"2025-06-19T19:39:04","modified_gmt":"2025-06-19T11:39:04","slug":"5ghz-23dbi-directional-wifi-panel-antenna","status":"publish","type":"product","link":"https:\/\/www.tesswave.com\/de\/product\/5ghz-23dbi-directional-wifi-panel-antenna\/","title":{"rendered":"5,1\u20135,8 GHz 23 dBi Outdoor-Hochgewinn-Direktional-Flach-Patch-Panel-WLAN-Antenne"},"content":{"rendered":"<figure class=\"wp-block-table is-style-regular\"><table class=\"has-fixed-layout\"><tbody><tr><td><strong>Elektrische Spezifikationen<\/strong><\/td><td><\/td><\/tr><tr><td>Frequenz-MHz<\/td><td>5150-5850<\/td><\/tr><tr><td>Verst\u00e4rkung-dBi<\/td><td>23<\/td><\/tr><tr><td>VSWR<\/td><td>&lt;1.5<\/td><\/tr><tr><td>Polarisierung<\/td><td>Vertikal<\/td><\/tr><tr><td>Horizontale Balkenbreite<\/td><td>10\u00b0<\/td><\/tr><tr><td>Vertikale Strahlbreite<\/td><td>10\u00b0<\/td><\/tr><tr><td>F\/B-Verh\u00e4ltnis<\/td><td>\u226523dB<\/td><\/tr><tr><td>Impedanz-Widerstand<\/td><td>50 <\/td><\/tr><tr><td>Max. Eingangsleistung-W<\/td><td>100<\/td><\/tr><tr><td>Blitzschutz<\/td><td>DC-Erde<\/td><\/tr><tr><td><strong>Mechanische Spezifikationen<\/strong><\/td><td>&nbsp;<\/td><\/tr><tr><td>Anschluss<\/td><td>N Weiblich<\/td><\/tr><tr><td>Abmessung-mm<\/td><td>305\u00d7305\u00d725<\/td><\/tr><tr><td>Gewicht-kg<\/td><td>1.2<\/td><\/tr><tr><td>Montage-mm<\/td><td>Mast \u00d840-\u00d860 <\/td><\/tr><tr><td>Material des Radoms<\/td><td>ABS<\/td><\/tr><tr><td>Rate Windgeschwindigkeit<\/td><td>210km\/h<\/td><\/tr><tr><td>Betriebstemperatur<\/td><td>-40\u2103 - +65\u2103<\/td><\/tr><\/tbody><\/table><\/figure>","protected":false},"author":1,"featured_media":5110,"menu_order":0,"template":"","meta":{"_acf_changed":true},"product_cat":[241,334],"product_tag":[],"class_list":["post-2255","product","type-product","status-publish","has-post-thumbnail","hentry","product_cat-flat-panel-wifi-antennas","product_cat-5-ghz-antennas"],"acf":{"_sku":"TPC-5158-23E","product-image":[5110],"_price":"27","pdsms":null,"excerpt":"<ul>\r\n<li>Betrieb im Frequenzband 5150-5850MHz<\/li>\r\n<li>Richtantenne f\u00fcr Punkt-zu-Punkt-Anwendungen im Freien<\/li>\r\n<li>Masthalterung f\u00fcr Au\u00dfeninstallation<\/li>\r\n<li>UV-gesch\u00fctztes ABS-Antennengeh\u00e4use f\u00fcr wetterfeste<\/li>\r\n<li>N Buchse<\/li>\r\n<li>IP55 regen- und staubdicht<\/li>\r\n<\/ul>","faqs":""},"_links":{"self":[{"href":"https:\/\/www.tesswave.com\/de\/wp-json\/wp\/v2\/product\/2255","targetHints":{"allow":["GET"]}}],"collection":[{"href":"https:\/\/www.tesswave.com\/de\/wp-json\/wp\/v2\/product"}],"about":[{"href":"https:\/\/www.tesswave.com\/de\/wp-json\/wp\/v2\/types\/product"}],"author":[{"embeddable":true,"href":"https:\/\/www.tesswave.com\/de\/wp-json\/wp\/v2\/users\/1"}],"acf:attachment":[{"embeddable":true,"href":"https:\/\/www.tesswave.com\/de\/wp-json\/wp\/v2\/media\/5110"}],"wp:featuredmedia":[{"embeddable":true,"href":"https:\/\/www.tesswave.com\/de\/wp-json\/wp\/v2\/media\/5110"}],"wp:attachment":[{"href":"https:\/\/www.tesswave.com\/de\/wp-json\/wp\/v2\/media?parent=2255"}],"wp:term":[{"taxonomy":"product_cat","embeddable":true,"href":"https:\/\/www.tesswave.com\/de\/wp-json\/wp\/v2\/product_cat?post=2255"},{"taxonomy":"product_tag","embeddable":true,"href":"https:\/\/www.tesswave.com\/de\/wp-json\/wp\/v2\/product_tag?post=2255"}],"curies":[{"name":"wp","href":"https:\/\/api.w.org\/{rel}","templated":true}]}}