{"id":2275,"date":"2022-05-24T16:58:42","date_gmt":"2022-05-24T08:58:42","guid":{"rendered":"https:\/\/www.tesswave.com\/?post_type=product&#038;p=2275"},"modified":"2025-06-19T19:38:25","modified_gmt":"2025-06-19T11:38:25","slug":"2-4-ghz-18dbi-directional-panel-antenna","status":"publish","type":"product","link":"https:\/\/www.tesswave.com\/de\/product\/2-4-ghz-18dbi-directional-panel-antenna\/","title":{"rendered":"2.4GHz 18dBi Au\u00dfenantenne mit hoher Verst\u00e4rkung und Richtwirkung f\u00fcr WiFi"},"content":{"rendered":"<figure class=\"wp-block-table is-style-regular\"><table class=\"has-fixed-layout\"><tbody><tr><td><strong>Elektrische Spezifikationen<\/strong><\/td><td>&nbsp;<\/td><\/tr><tr><td>Frequenz<\/td><td>2400-2500 MHz<\/td><\/tr><tr><td>Gewinnen Sie<\/td><td>18 dBi<\/td><\/tr><tr><td>VSWR<\/td><td>&lt;1.5<\/td><\/tr><tr><td>Polarisierung<\/td><td>Vertikal<\/td><\/tr><tr><td>Horizontale Balkenbreite<\/td><td>20\u00b0<\/td><\/tr><tr><td>Vertikale Strahlbreite<\/td><td>20\u00b0<\/td><\/tr><tr><td>F\/B-Verh\u00e4ltnis<\/td><td>\u226520dB<\/td><\/tr><tr><td>Impedanz<\/td><td>50 Ohm<\/td><\/tr><tr><td>Max. Eingangsleistung<\/td><td>100W<\/td><\/tr><tr><td>Blitzschutz<\/td><td>DC-Erde<\/td><\/tr><tr><td><strong>Mechanische Spezifikationen<\/strong><\/td><td>&nbsp;<\/td><\/tr><tr><td>Anschluss<\/td><td>N Weiblich<\/td><\/tr><tr><td>Dimension<\/td><td>305\u00d7305\u00d725mm<\/td><\/tr><tr><td>Gewicht<\/td><td>0,7 kg<\/td><\/tr><tr><td>Montage<\/td><td>Mast \u00d840-\u00d860 mm<\/td><\/tr><tr><td>Material des Radoms<\/td><td>ABS<\/td><\/tr><tr><td>Rate Windgeschwindigkeit<\/td><td>210km\/h<\/td><\/tr><tr><td>Betriebstemperatur<\/td><td>-40\u2103 - +65\u2103<\/td><\/tr><\/tbody><\/table><\/figure>","protected":false},"author":1,"featured_media":5097,"menu_order":0,"template":"","meta":{"_acf_changed":true},"product_cat":[241,332],"product_tag":[],"class_list":["post-2275","product","type-product","status-publish","has-post-thumbnail","hentry","product_cat-flat-panel-wifi-antennas","product_cat-2-4-ghz-antennas"],"acf":{"_sku":"TPC-2400-18E","product-image":[5097],"_price":"29","pdsms":null,"excerpt":"<ul>\r\n<li>Betrieb im Frequenzband 2400-2500MHz<\/li>\r\n<li>Echte 18dBi hohe Verst\u00e4rkung<\/li>\r\n<li>20 Grad schmale Abstrahlbreite f\u00fcr Punkt zu Punkt<\/li>\r\n<li>Mastmontage im Freien<\/li>\r\n<li>Robustes, wetterfestes ABS-Antennengeh\u00e4use<\/li>\r\n<li>Abmessungen: 305\u00d7305\u00d725 mm<\/li>\r\n<li>N Buchse<\/li>\r\n<li>IP55 regen- und staubdicht<\/li>\r\n<\/ul>","faqs":""},"_links":{"self":[{"href":"https:\/\/www.tesswave.com\/de\/wp-json\/wp\/v2\/product\/2275","targetHints":{"allow":["GET"]}}],"collection":[{"href":"https:\/\/www.tesswave.com\/de\/wp-json\/wp\/v2\/product"}],"about":[{"href":"https:\/\/www.tesswave.com\/de\/wp-json\/wp\/v2\/types\/product"}],"author":[{"embeddable":true,"href":"https:\/\/www.tesswave.com\/de\/wp-json\/wp\/v2\/users\/1"}],"acf:attachment":[{"embeddable":true,"href":"https:\/\/www.tesswave.com\/de\/wp-json\/wp\/v2\/media\/5097"}],"wp:featuredmedia":[{"embeddable":true,"href":"https:\/\/www.tesswave.com\/de\/wp-json\/wp\/v2\/media\/5097"}],"wp:attachment":[{"href":"https:\/\/www.tesswave.com\/de\/wp-json\/wp\/v2\/media?parent=2275"}],"wp:term":[{"taxonomy":"product_cat","embeddable":true,"href":"https:\/\/www.tesswave.com\/de\/wp-json\/wp\/v2\/product_cat?post=2275"},{"taxonomy":"product_tag","embeddable":true,"href":"https:\/\/www.tesswave.com\/de\/wp-json\/wp\/v2\/product_tag?post=2275"}],"curies":[{"name":"wp","href":"https:\/\/api.w.org\/{rel}","templated":true}]}}