{"id":2297,"date":"2022-05-25T11:45:48","date_gmt":"2022-05-25T03:45:48","guid":{"rendered":"https:\/\/www.tesswave.com\/?post_type=product&#038;p=2297"},"modified":"2025-06-19T19:34:49","modified_gmt":"2025-06-19T11:34:49","slug":"2-4-5-ghz-13dbi-mimo-panel-antenna","status":"publish","type":"product","link":"https:\/\/www.tesswave.com\/de\/product\/2-4-5-ghz-13dbi-mimo-panel-antenna\/","title":{"rendered":"2.4\/5GHz 13dBi Direktionale Dualband 4\u00d74 MIMO Panel Antenne f\u00fcr den Au\u00dfenbereich"},"content":{"rendered":"<figure class=\"wp-block-table is-style-regular\"><table class=\"has-fixed-layout\"><tbody><tr><td><strong>Elektrische Spezifikationen<\/strong><\/td><td>&nbsp;<\/td><td>&nbsp;<\/td><\/tr><tr><td>Frequenz-MHz<\/td><td>2400-2500<\/td><td>4900-5850<\/td><\/tr><tr><td>Verst\u00e4rkung-dBi<\/td><td>10<\/td><td>13<\/td><\/tr><tr><td>VSWR<\/td><td>&lt;2<\/td><td>&nbsp;<\/td><\/tr><tr><td>Polarisierung<\/td><td>2\u00d7Horizontal und 2\u00d7Vertikal<\/td><td>&nbsp;<\/td><\/tr><tr><td>Horizontale Balkenbreite<\/td><td>50\u00b0<\/td><td>44\u00b0<\/td><\/tr><tr><td>Vertikale Strahlbreite<\/td><td>48\u00b0<\/td><td>40\u00b0<\/td><\/tr><tr><td>F\/B-Verh\u00e4ltnis<\/td><td>\u226520dB<\/td><td>&nbsp;<\/td><\/tr><tr><td>Isolierung<\/td><td>\u226528dB<\/td><td>&nbsp;<\/td><\/tr><tr><td>Impedanz<\/td><td>50 Ohm<\/td><td>&nbsp;<\/td><\/tr><tr><td>Max. Eingangsleistung<\/td><td>100W<\/td><td>&nbsp;<\/td><\/tr><tr><td>Blitzschutz<\/td><td>DC-Erde<\/td><td>&nbsp;<\/td><\/tr><tr><td><strong>Mechanische Spezifikationen<\/strong><\/td><td>&nbsp;<\/td><td>&nbsp;<\/td><\/tr><tr><td>Anschluss<\/td><td>4\u00d7N Weiblich<\/td><td>&nbsp;<\/td><\/tr><tr><td>Dimension<\/td><td>250\u00d7250\u00d740mm<\/td><td>&nbsp;<\/td><\/tr><tr><td>Gewicht<\/td><td>0,5kg<\/td><td>&nbsp;<\/td><\/tr><tr><td>Montage<\/td><td>Mast \u00d840-\u00d860 mm<\/td><td>&nbsp;<\/td><\/tr><tr><td>Material des Radoms<\/td><td>ABS<\/td><td>&nbsp;<\/td><\/tr><tr><td>Rate Windgeschwindigkeit<\/td><td>210km\/h<\/td><td>&nbsp;<\/td><\/tr><tr><td>Betriebstemperatur<\/td><td>-40\u2103 - +65\u2103<\/td><td>&nbsp;<\/td><\/tr><\/tbody><\/table><\/figure>","protected":false},"author":1,"featured_media":4818,"menu_order":0,"template":"","meta":{"_acf_changed":true},"product_cat":[128,335,327,241],"product_tag":[],"class_list":["post-2297","product","type-product","status-publish","has-post-thumbnail","hentry","product_cat-mimo-panel-antennas","product_cat-2-4-5-ghz-antennas","product_cat-dual-band-wifi-antennas","product_cat-flat-panel-wifi-antennas"],"acf":{"_sku":"TPC-2458-13BD","product-image":[4818],"_price":"25","pdsms":null,"excerpt":"<ul>\r\n<li>Betrieb im Zweifrequenzband 2400-2500\/4900-5850MHz<\/li>\r\n<li>Echte Verst\u00e4rkung 10dbi@2.4GHz, 13dBi@5GHz<\/li>\r\n<li>Richtantenne f\u00fcr Punkt-zu-Punkt-Anwendungen im Freien<\/li>\r\n<li>Masthalterung f\u00fcr Au\u00dfeninstallation<\/li>\r\n<li>UV-gesch\u00fctztes ABS-Antennengeh\u00e4use f\u00fcr wetterfeste<\/li>\r\n<li>Abmessungen: 250\u00d7250\u00d740mm<\/li>\r\n<li>4\u00d7N Buchse<\/li>\r\n<li>IP55 regen- und staubdicht<\/li>\r\n<\/ul>","faqs":""},"_links":{"self":[{"href":"https:\/\/www.tesswave.com\/de\/wp-json\/wp\/v2\/product\/2297","targetHints":{"allow":["GET"]}}],"collection":[{"href":"https:\/\/www.tesswave.com\/de\/wp-json\/wp\/v2\/product"}],"about":[{"href":"https:\/\/www.tesswave.com\/de\/wp-json\/wp\/v2\/types\/product"}],"author":[{"embeddable":true,"href":"https:\/\/www.tesswave.com\/de\/wp-json\/wp\/v2\/users\/1"}],"acf:attachment":[{"embeddable":true,"href":"https:\/\/www.tesswave.com\/de\/wp-json\/wp\/v2\/media\/4818"}],"wp:featuredmedia":[{"embeddable":true,"href":"https:\/\/www.tesswave.com\/de\/wp-json\/wp\/v2\/media\/4818"}],"wp:attachment":[{"href":"https:\/\/www.tesswave.com\/de\/wp-json\/wp\/v2\/media?parent=2297"}],"wp:term":[{"taxonomy":"product_cat","embeddable":true,"href":"https:\/\/www.tesswave.com\/de\/wp-json\/wp\/v2\/product_cat?post=2297"},{"taxonomy":"product_tag","embeddable":true,"href":"https:\/\/www.tesswave.com\/de\/wp-json\/wp\/v2\/product_tag?post=2297"}],"curies":[{"name":"wp","href":"https:\/\/api.w.org\/{rel}","templated":true}]}}