{"id":2300,"date":"2022-05-25T11:48:08","date_gmt":"2022-05-25T03:48:08","guid":{"rendered":"https:\/\/www.tesswave.com\/?post_type=product&#038;p=2300"},"modified":"2025-06-19T19:34:31","modified_gmt":"2025-06-19T11:34:31","slug":"2-4-5-ghz-8dbi-4-port-mimo-panel-antenna","status":"publish","type":"product","link":"https:\/\/www.tesswave.com\/de\/product\/2-4-5-ghz-8dbi-4-port-mimo-panel-antenna\/","title":{"rendered":"2,4\/5GHz 8dBi Richtantenne f\u00fcr den Au\u00dfenbereich, Dualband, 4 Anschl\u00fcsse, MIMO-Panel-Antenne"},"content":{"rendered":"<figure class=\"wp-block-table\"><table><tbody><tr><td><strong>Elektrische Spezifikationen<\/strong><\/td><td colspan=\"2\"><\/td><\/tr><tr><td>Frequenz-MHz<\/td><td>2400-2500<\/td><td>4900-5850<\/td><\/tr><tr><td>Verst\u00e4rkung-dBi<\/td><td>7.5<\/td><td>8<\/td><\/tr><tr><td>VSWR<\/td><td colspan=\"2\">&lt;2<\/td><\/tr><tr><td>Polarisierung<\/td><td colspan=\"2\">2\u00d7Horizontal und 2\u00d7Vertikal<\/td><\/tr><tr><td>Horizontale Balkenbreite<\/td><td>70\u00b0<\/td><td>65\u00b0<\/td><\/tr><tr><td>Vertikale Strahlbreite<\/td><td>65\u00b0<\/td><td>62\u00b0<\/td><\/tr><tr><td>F\/B-Verh\u00e4ltnis<\/td><td colspan=\"2\">\u226515dB<\/td><\/tr><tr><td>Isolierung<\/td><td colspan=\"2\">\u226515dB<\/td><\/tr><tr><td>Impedanz<\/td><td colspan=\"2\">50 Ohm<\/td><\/tr><tr><td>Max. Eingangsleistung<\/td><td colspan=\"2\">100W<\/td><\/tr><tr><td>Blitzschutz<\/td><td colspan=\"2\">DC-Erde<\/td><\/tr><tr><td><strong>Mechanische Spezifikationen<\/strong><\/td><td colspan=\"2\">&nbsp;<\/td><\/tr><tr><td>Anschluss<\/td><td colspan=\"2\">4\u00d7RP-SMA-Stecker<\/td><\/tr><tr><td>Dimension<\/td><td colspan=\"2\">140\u00d7120\u00d740mm<\/td><\/tr><tr><td>Gewicht<\/td><td colspan=\"2\">0,3kg<\/td><\/tr><tr><td>Montage<\/td><td colspan=\"2\">Mast \u00d840-\u00d860 mm<\/td><\/tr><tr><td>Material des Radoms<\/td><td colspan=\"2\">ABS<\/td><\/tr><tr><td>Rate Windgeschwindigkeit<\/td><td colspan=\"2\">210km\/h<\/td><\/tr><tr><td>Betriebstemperatur<\/td><td colspan=\"2\">-40\u2103 - +65\u2103<\/td><\/tr><\/tbody><\/table><\/figure>","protected":false},"author":1,"featured_media":4797,"menu_order":0,"template":"","meta":{"_acf_changed":true},"product_cat":[128,335,327,241],"product_tag":[],"class_list":["post-2300","product","type-product","status-publish","has-post-thumbnail","hentry","product_cat-mimo-panel-antennas","product_cat-2-4-5-ghz-antennas","product_cat-dual-band-wifi-antennas","product_cat-flat-panel-wifi-antennas"],"acf":{"_sku":"TPC-2458-8BD","product-image":[4797],"_price":"19","pdsms":null,"excerpt":"<ul>\r\n<li>Betrieb im Doppelfrequenzband 2400-2500\/5150-5850MHz<\/li>\r\n<li>Echte 8dBi hohe Verst\u00e4rkung<\/li>\r\n<li>Richtantenne f\u00fcr Punkt-zu-Punkt-Anwendungen im Freien<\/li>\r\n<li>Masthalterung f\u00fcr Au\u00dfeninstallation<\/li>\r\n<li>UV-gesch\u00fctztes ABS-Antennengeh\u00e4use f\u00fcr wetterfeste<\/li>\r\n<li>Abmessungen: 140\u00d7120\u00d740mm<\/li>\r\n<li>4\u00d7N Buchse<\/li>\r\n<li>IP55 regen- und staubdicht<\/li>\r\n<\/ul>","faqs":""},"_links":{"self":[{"href":"https:\/\/www.tesswave.com\/de\/wp-json\/wp\/v2\/product\/2300","targetHints":{"allow":["GET"]}}],"collection":[{"href":"https:\/\/www.tesswave.com\/de\/wp-json\/wp\/v2\/product"}],"about":[{"href":"https:\/\/www.tesswave.com\/de\/wp-json\/wp\/v2\/types\/product"}],"author":[{"embeddable":true,"href":"https:\/\/www.tesswave.com\/de\/wp-json\/wp\/v2\/users\/1"}],"acf:attachment":[{"embeddable":true,"href":"https:\/\/www.tesswave.com\/de\/wp-json\/wp\/v2\/media\/4797"}],"wp:featuredmedia":[{"embeddable":true,"href":"https:\/\/www.tesswave.com\/de\/wp-json\/wp\/v2\/media\/4797"}],"wp:attachment":[{"href":"https:\/\/www.tesswave.com\/de\/wp-json\/wp\/v2\/media?parent=2300"}],"wp:term":[{"taxonomy":"product_cat","embeddable":true,"href":"https:\/\/www.tesswave.com\/de\/wp-json\/wp\/v2\/product_cat?post=2300"},{"taxonomy":"product_tag","embeddable":true,"href":"https:\/\/www.tesswave.com\/de\/wp-json\/wp\/v2\/product_tag?post=2300"}],"curies":[{"name":"wp","href":"https:\/\/api.w.org\/{rel}","templated":true}]}}