{"id":2306,"date":"2022-05-25T11:58:12","date_gmt":"2022-05-25T03:58:12","guid":{"rendered":"https:\/\/www.tesswave.com\/?post_type=product&#038;p=2306"},"modified":"2025-06-19T19:33:42","modified_gmt":"2025-06-19T11:33:42","slug":"2-4-5-ghz-20dbi-dual-band-panel-wifi-antenna","status":"publish","type":"product","link":"https:\/\/www.tesswave.com\/de\/product\/2-4-5-ghz-20dbi-dual-band-panel-wifi-antenna\/","title":{"rendered":"2,4\/5 GHz 20 dBi High Gain-Dualband-Panel-WLAN-Antenne f\u00fcr den Au\u00dfenbereich"},"content":{"rendered":"<figure class=\"wp-block-table is-style-regular\"><table class=\"has-fixed-layout\"><tbody><tr><td><strong>Elektrische Spezifikationen<\/strong><\/td><td><\/td><\/tr><tr><td>Frequenz-MHz<\/td><td>2400-2500\/5150-5850<\/td><\/tr><tr><td>Verst\u00e4rkung-dBi<\/td><td>16\/20<\/td><\/tr><tr><td>VSWR<\/td><td>&lt;2<\/td><\/tr><tr><td>Polarisierung<\/td><td>Vertikal<\/td><\/tr><tr><td>Horizontale Balkenbreite<\/td><td>22\u00b0\/11\u00b0<\/td><\/tr><tr><td>Vertikale Strahlbreite<\/td><td>22\u00b0\/11\u00b0<\/td><\/tr><tr><td>F\/B-Verh\u00e4ltnis-dB<\/td><td>\u226520<\/td><\/tr><tr><td>Impedanz-Widerstand<\/td><td>50 <\/td><\/tr><tr><td>Max. Eingangsleistung-W<\/td><td>100<\/td><\/tr><tr><td>Blitzschutz<\/td><td>DC-Erde<\/td><\/tr><tr><td><strong>Mechanische Spezifikationen<\/strong><\/td><td>&nbsp;<\/td><\/tr><tr><td>Anschluss<\/td><td>N Weiblich<\/td><\/tr><tr><td>Abmessung-mm<\/td><td>305\u00d7305\u00d725<\/td><\/tr><tr><td>Gewicht-kg<\/td><td>1.2<\/td><\/tr><tr><td>Montage-mm<\/td><td>Mast \u00d840-\u00d860 <\/td><\/tr><tr><td>Material des Radoms<\/td><td>ABS<\/td><\/tr><tr><td>Rate Windgeschwindigkeit<\/td><td>210km\/h<\/td><\/tr><tr><td>Betriebstemperatur<\/td><td>-40\u2103 - +65\u2103<\/td><\/tr><\/tbody><\/table><\/figure>","protected":false},"author":1,"featured_media":5092,"menu_order":0,"template":"","meta":{"_acf_changed":true},"product_cat":[241,335,327],"product_tag":[],"class_list":["post-2306","product","type-product","status-publish","has-post-thumbnail","hentry","product_cat-flat-panel-wifi-antennas","product_cat-2-4-5-ghz-antennas","product_cat-dual-band-wifi-antennas"],"acf":{"_sku":"TPC-2458-20E","product-image":[5092],"_price":"35","pdsms":null,"excerpt":"<ul>\r\n<li>Betrieb im Doppelfrequenzband 2400-2500\/5150-5850MHz<\/li>\r\n<li>Richtantenne f\u00fcr Punkt-zu-Punkt-Anwendungen im Freien<\/li>\r\n<li>Masthalterung f\u00fcr Au\u00dfeninstallation<\/li>\r\n<li>UV-gesch\u00fctztes ABS-Antennengeh\u00e4use f\u00fcr wetterfeste<\/li>\r\n<li>IP55 regen- und staubdicht<\/li>\r\n<\/ul>","faqs":""},"_links":{"self":[{"href":"https:\/\/www.tesswave.com\/de\/wp-json\/wp\/v2\/product\/2306","targetHints":{"allow":["GET"]}}],"collection":[{"href":"https:\/\/www.tesswave.com\/de\/wp-json\/wp\/v2\/product"}],"about":[{"href":"https:\/\/www.tesswave.com\/de\/wp-json\/wp\/v2\/types\/product"}],"author":[{"embeddable":true,"href":"https:\/\/www.tesswave.com\/de\/wp-json\/wp\/v2\/users\/1"}],"acf:attachment":[{"embeddable":true,"href":"https:\/\/www.tesswave.com\/de\/wp-json\/wp\/v2\/media\/5092"}],"wp:featuredmedia":[{"embeddable":true,"href":"https:\/\/www.tesswave.com\/de\/wp-json\/wp\/v2\/media\/5092"}],"wp:attachment":[{"href":"https:\/\/www.tesswave.com\/de\/wp-json\/wp\/v2\/media?parent=2306"}],"wp:term":[{"taxonomy":"product_cat","embeddable":true,"href":"https:\/\/www.tesswave.com\/de\/wp-json\/wp\/v2\/product_cat?post=2306"},{"taxonomy":"product_tag","embeddable":true,"href":"https:\/\/www.tesswave.com\/de\/wp-json\/wp\/v2\/product_tag?post=2306"}],"curies":[{"name":"wp","href":"https:\/\/api.w.org\/{rel}","templated":true}]}}