{"id":2348,"date":"2022-05-27T17:27:10","date_gmt":"2022-05-27T09:27:10","guid":{"rendered":"https:\/\/www.tesswave.com\/?post_type=product&#038;p=2348"},"modified":"2025-06-19T19:18:53","modified_gmt":"2025-06-19T11:18:53","slug":"2-4-5-ghz-mimo-parabolic-dish-antenna","status":"publish","type":"product","link":"https:\/\/www.tesswave.com\/de\/product\/2-4-5-ghz-mimo-parabolic-dish-antenna\/","title":{"rendered":"5GHz 32dBi Parabolische Parabolantenne f\u00fcr den Au\u00dfenbereich mit hoher Verst\u00e4rkung und MIMO-Richtcharakteristik"},"content":{"rendered":"<figure class=\"wp-block-table is-style-regular\"><table class=\"has-fixed-layout\"><tbody><tr><td><strong>Elektrische Spezifikationen<\/strong><\/td><td><\/td><\/tr><tr><td>Frequenz<\/td><td>4900-5850 MHz<\/td><\/tr><tr><td>Gewinnen Sie<\/td><td>32 dBi<\/td><\/tr><tr><td>VSWR<\/td><td>&lt;1.5<\/td><\/tr><tr><td>Polarisierung<\/td><td>Horizontal und vertikal<\/td><\/tr><tr><td>Horizontale Balkenbreite<\/td><td>3.3\u00b0<\/td><\/tr><tr><td>Vertikale Strahlbreite<\/td><td>3.3\u00b0<\/td><\/tr><tr><td>F\/B-Verh\u00e4ltnis<\/td><td>\u226540dB<\/td><\/tr><tr><td>Isolierung<\/td><td>\u226522dB<\/td><\/tr><tr><td>Impedanz<\/td><td>50 \u03a9<\/td><\/tr><tr><td>Max. Eingangsleistung<\/td><td>100W<\/td><\/tr><tr><td>Blitzschutz<\/td><td>DC-Erde<\/td><\/tr><tr><td><strong>Mechanische Spezifikationen<\/strong><\/td><td>&nbsp;<\/td><\/tr><tr><td>Anschluss<\/td><td>2xN Weiblich<\/td><\/tr><tr><td>Dimension<\/td><td>\u00d8900mm<\/td><\/tr><tr><td>Gewicht<\/td><td>5,5 kg<\/td><\/tr><tr><td>Montage<\/td><td>Mast \u00d840-\u00d860 mm<\/td><\/tr><tr><td>Rate Windgeschwindigkeit<\/td><td>210km\/h<\/td><\/tr><tr><td>Betriebstemperatur<\/td><td>-40\u2103 - +65\u2103<\/td><\/tr><\/tbody><\/table><\/figure>","protected":false},"author":1,"featured_media":5138,"menu_order":0,"template":"","meta":{"_acf_changed":true},"product_cat":[248,334,246],"product_tag":[],"class_list":["post-2348","product","type-product","status-publish","has-post-thumbnail","hentry","product_cat-mimo-parabolic-antennas","product_cat-5-ghz-antennas","product_cat-parabolic-wifi-antennas"],"acf":{"_sku":"TDC-4958-32D9","product-image":[5138],"_price":"89","pdsms":null,"excerpt":"<ul>\r\n<li>Betrieb im Frequenzband 4900-5850MHz f\u00fcr WiFi<\/li>\r\n<li>Echte hohe Verst\u00e4rkung f\u00fcr jeden Strahler<\/li>\r\n<li>V\/H doppelte Polarisation<\/li>\r\n<li>Mastmontage im Freien<\/li>\r\n<li>Hochbelastbare Montagehalterungen<\/li>\r\n<li>N Buchse<\/li>\r\n<\/ul>","faqs":""},"_links":{"self":[{"href":"https:\/\/www.tesswave.com\/de\/wp-json\/wp\/v2\/product\/2348","targetHints":{"allow":["GET"]}}],"collection":[{"href":"https:\/\/www.tesswave.com\/de\/wp-json\/wp\/v2\/product"}],"about":[{"href":"https:\/\/www.tesswave.com\/de\/wp-json\/wp\/v2\/types\/product"}],"author":[{"embeddable":true,"href":"https:\/\/www.tesswave.com\/de\/wp-json\/wp\/v2\/users\/1"}],"acf:attachment":[{"embeddable":true,"href":"https:\/\/www.tesswave.com\/de\/wp-json\/wp\/v2\/media\/5138"}],"wp:featuredmedia":[{"embeddable":true,"href":"https:\/\/www.tesswave.com\/de\/wp-json\/wp\/v2\/media\/5138"}],"wp:attachment":[{"href":"https:\/\/www.tesswave.com\/de\/wp-json\/wp\/v2\/media?parent=2348"}],"wp:term":[{"taxonomy":"product_cat","embeddable":true,"href":"https:\/\/www.tesswave.com\/de\/wp-json\/wp\/v2\/product_cat?post=2348"},{"taxonomy":"product_tag","embeddable":true,"href":"https:\/\/www.tesswave.com\/de\/wp-json\/wp\/v2\/product_tag?post=2348"}],"curies":[{"name":"wp","href":"https:\/\/api.w.org\/{rel}","templated":true}]}}