{"id":2370,"date":"2022-05-27T21:21:56","date_gmt":"2022-05-27T13:21:56","guid":{"rendered":"https:\/\/www.tesswave.com\/?post_type=product&#038;p=2370"},"modified":"2025-06-19T19:16:16","modified_gmt":"2025-06-19T11:16:16","slug":"2-4-ghz-13dbi-outdoor-mimo-omni-antenna","status":"publish","type":"product","link":"https:\/\/www.tesswave.com\/de\/product\/2-4-ghz-13dbi-outdoor-mimo-omni-antenna\/","title":{"rendered":"2.4GHz 13dBi Dual polarisierte 2\u00d72 MIMO Omnidirektionale WiFi Antenne f\u00fcr den Au\u00dfenbereich"},"content":{"rendered":"<figure class=\"wp-block-table is-style-regular\"><table class=\"has-fixed-layout\"><tbody><tr><td><strong>Elektrische Spezifikationen<\/strong><\/td><td><\/td><\/tr><tr><td>Frequenz-MHz<\/td><td>2400-2500<\/td><\/tr><tr><td>Verst\u00e4rkung-dBi<\/td><td>13<\/td><\/tr><tr><td>VSWR<\/td><td>&lt;1.8<\/td><\/tr><tr><td>Polarisierung<\/td><td>Horizontal und vertikal<\/td><\/tr><tr><td>Horizontale Balkenbreite<\/td><td>360\u00b0<\/td><\/tr><tr><td>Vertikale Strahlbreite<\/td><td>7.5\u00b0<\/td><\/tr><tr><td>Impedanz-Widerstand<\/td><td>50<\/td><\/tr><tr><td>Max. Eingangsleistung-W<\/td><td>100<\/td><\/tr><tr><td>Blitzschutz<\/td><td>DC-Erde<\/td><\/tr><tr><td><strong>Mechanische Spezifikationen<\/strong><\/td><td>&nbsp;<\/td><\/tr><tr><td>Anschluss<\/td><td>2\u00d7N Buchse<\/td><\/tr><tr><td>Abmessung-mm<\/td><td>\u00d884\u00d71200<\/td><\/tr><tr><td>Gewicht-kg<\/td><td>1.2<\/td><\/tr><tr><td>Montage-mm<\/td><td>Mast \u00d840-\u00d860<\/td><\/tr><tr><td>Material des Radoms<\/td><td>UV-Best\u00e4ndigkeit PVC<\/td><\/tr><tr><td>Rate Windgeschwindigkeit<\/td><td>210km\/h<\/td><\/tr><tr><td>Betriebstemperatur<\/td><td>-40\u2103 - +65\u2103<\/td><\/tr><\/tbody><\/table><\/figure>","protected":false},"author":1,"featured_media":5123,"menu_order":0,"template":"","meta":{"_acf_changed":true},"product_cat":[242,332,247],"product_tag":[],"class_list":["post-2370","product","type-product","status-publish","has-post-thumbnail","hentry","product_cat-omnidirectional-wifi-antennas","product_cat-2-4-ghz-antennas","product_cat-mimo-omni-antennas"],"acf":{"_sku":"TOF-2400-13D","product-image":[5123],"_price":"62","pdsms":null,"excerpt":"<ul>\r\n<li>Frequenz: 2400-2500MHz<\/li>\r\n<li>Hohe Verst\u00e4rkung f\u00fcr jeden Anschluss<\/li>\r\n<li>Zwei unabh\u00e4ngige Antennenelemente in einem Antennenradom<\/li>\r\n<li>Vertikale und horizontale Doppelpolarisation<\/li>\r\n<li>Mast- oder Wandmontage im Freien<\/li>\r\n<li>360\u00b0 omnidirektionale Signalabstrahlung f\u00fcr Punkt-zu-Mehrpunkt-Anwendungen<\/li>\r\n<li>Robustes wetterfestes UV-gesch\u00fctztes PVC-Antennengeh\u00e4use<\/li>\r\n<li>Integrierte 2\u00d7N-Buchse<\/li>\r\n<\/ul>","faqs":""},"_links":{"self":[{"href":"https:\/\/www.tesswave.com\/de\/wp-json\/wp\/v2\/product\/2370","targetHints":{"allow":["GET"]}}],"collection":[{"href":"https:\/\/www.tesswave.com\/de\/wp-json\/wp\/v2\/product"}],"about":[{"href":"https:\/\/www.tesswave.com\/de\/wp-json\/wp\/v2\/types\/product"}],"author":[{"embeddable":true,"href":"https:\/\/www.tesswave.com\/de\/wp-json\/wp\/v2\/users\/1"}],"acf:attachment":[{"embeddable":true,"href":"https:\/\/www.tesswave.com\/de\/wp-json\/wp\/v2\/media\/5123"}],"wp:featuredmedia":[{"embeddable":true,"href":"https:\/\/www.tesswave.com\/de\/wp-json\/wp\/v2\/media\/5123"}],"wp:attachment":[{"href":"https:\/\/www.tesswave.com\/de\/wp-json\/wp\/v2\/media?parent=2370"}],"wp:term":[{"taxonomy":"product_cat","embeddable":true,"href":"https:\/\/www.tesswave.com\/de\/wp-json\/wp\/v2\/product_cat?post=2370"},{"taxonomy":"product_tag","embeddable":true,"href":"https:\/\/www.tesswave.com\/de\/wp-json\/wp\/v2\/product_tag?post=2370"}],"curies":[{"name":"wp","href":"https:\/\/api.w.org\/{rel}","templated":true}]}}