{"id":2408,"date":"2022-05-30T11:33:27","date_gmt":"2022-05-30T03:33:27","guid":{"rendered":"https:\/\/www.tesswave.com\/?post_type=product&#038;p=2408"},"modified":"2025-06-19T19:08:33","modified_gmt":"2025-06-19T11:08:33","slug":"1900mhz-outdoor-omni-fiberglass-antenna","status":"publish","type":"product","link":"https:\/\/www.tesswave.com\/de\/product\/1900mhz-outdoor-omni-fiberglass-antenna\/","title":{"rendered":"1920-2170MHz 11dBi Glasfaserantenne f\u00fcr den Au\u00dfenbereich mit hoher Verst\u00e4rkung (Omni)"},"content":{"rendered":"<figure class=\"wp-block-table is-style-regular\"><table class=\"has-fixed-layout\"><tbody><tr><td><strong>Elektrische Spezifikationen<\/strong><\/td><td>&nbsp;<\/td><\/tr><tr><td>Frequenz-MHz<\/td><td>1920-2170<\/td><\/tr><tr><td>Verst\u00e4rkung-dBi<\/td><td>11<\/td><\/tr><tr><td>VSWR<\/td><td>&lt;1.5<\/td><\/tr><tr><td>Polarisierung<\/td><td>Vertikal<\/td><\/tr><tr><td>Horizontale Balkenbreite<\/td><td>360\u00b0<\/td><\/tr><tr><td>Vertikale Strahlbreite<\/td><td>8\u00b0<\/td><\/tr><tr><td>Impedanz-Widerstand<\/td><td>50<\/td><\/tr><tr><td>Max. Eingangsleistung-W<\/td><td>100<\/td><\/tr><tr><td>Blitzschutz<\/td><td>DC-Erde<\/td><\/tr><tr><td><strong>Mechanische Spezifikationen<\/strong><\/td><td>&nbsp;<\/td><\/tr><tr><td>Anschluss<\/td><td>N Weiblich<\/td><\/tr><tr><td>Abmessung-mm<\/td><td>\u00d820\u00d71250<\/td><\/tr><tr><td>Gewicht-kg<\/td><td>0.85<\/td><\/tr><tr><td>Montage-mm<\/td><td>Mast \u00d840-\u00d860<\/td><\/tr><tr><td>Material des Radoms<\/td><td>Fiberglas (Wei\u00df)<\/td><\/tr><tr><td>Rate Windgeschwindigkeit<\/td><td>210km\/h<\/td><\/tr><tr><td>Betriebstemperatur<\/td><td>-40\u2103 - +65\u2103<\/td><\/tr><tr><td>IP-Einstufung<\/td><td>IP66<\/td><\/tr><\/tbody><\/table><\/figure>","protected":false},"author":1,"featured_media":4974,"menu_order":0,"template":"","meta":{"_acf_changed":true},"product_cat":[250,331],"product_tag":[],"class_list":["post-2408","product","type-product","status-publish","has-post-thumbnail","hentry","product_cat-2g-3g-omnidirectional-antennas","product_cat-1800-1900-mhz-antennas"],"acf":{"_sku":"TOF-1921-11V","product-image":[4974],"_price":"28","pdsms":null,"excerpt":"<ul>\r\n<li>Betrieb im Frequenzband 1920-2170MHz<\/li>\r\n<li>Geeignet f\u00fcr zellulare Anwendungen<\/li>\r\n<li>Omnidirektionale Abstrahlung f\u00fcr 360 Grad Signalabdeckung im Freien<\/li>\r\n<li>Mastmontage im Freien<\/li>\r\n<li>Robustes, wetterfestes Fiberglas-Antennengeh\u00e4use<\/li>\r\n<li>Typische N-Buchse<\/li>\r\n<\/ul>","faqs":""},"_links":{"self":[{"href":"https:\/\/www.tesswave.com\/de\/wp-json\/wp\/v2\/product\/2408","targetHints":{"allow":["GET"]}}],"collection":[{"href":"https:\/\/www.tesswave.com\/de\/wp-json\/wp\/v2\/product"}],"about":[{"href":"https:\/\/www.tesswave.com\/de\/wp-json\/wp\/v2\/types\/product"}],"author":[{"embeddable":true,"href":"https:\/\/www.tesswave.com\/de\/wp-json\/wp\/v2\/users\/1"}],"acf:attachment":[{"embeddable":true,"href":"https:\/\/www.tesswave.com\/de\/wp-json\/wp\/v2\/media\/4974"}],"wp:featuredmedia":[{"embeddable":true,"href":"https:\/\/www.tesswave.com\/de\/wp-json\/wp\/v2\/media\/4974"}],"wp:attachment":[{"href":"https:\/\/www.tesswave.com\/de\/wp-json\/wp\/v2\/media?parent=2408"}],"wp:term":[{"taxonomy":"product_cat","embeddable":true,"href":"https:\/\/www.tesswave.com\/de\/wp-json\/wp\/v2\/product_cat?post=2408"},{"taxonomy":"product_tag","embeddable":true,"href":"https:\/\/www.tesswave.com\/de\/wp-json\/wp\/v2\/product_tag?post=2408"}],"curies":[{"name":"wp","href":"https:\/\/api.w.org\/{rel}","templated":true}]}}