{"id":2426,"date":"2022-05-30T14:42:54","date_gmt":"2022-05-30T06:42:54","guid":{"rendered":"https:\/\/www.tesswave.com\/?post_type=product&#038;p=2426"},"modified":"2025-06-19T19:07:12","modified_gmt":"2025-06-19T11:07:12","slug":"800-900-mhz-8dbi-outdoor-omnidirectional-antenna","status":"publish","type":"product","link":"https:\/\/www.tesswave.com\/de\/product\/800-900-mhz-8dbi-outdoor-omnidirectional-antenna\/","title":{"rendered":"824-960MHz 8dBi Glasfaserantenne mit hoher Verst\u00e4rkung f\u00fcr den Au\u00dfenbereich mit Rundstrahlcharakteristik"},"content":{"rendered":"<figure class=\"wp-block-table is-style-regular\"><table class=\"has-fixed-layout\"><tbody><tr><td><strong>Elektrische Spezifikationen<\/strong><\/td><td>&nbsp;<\/td><\/tr><tr><td>Frequenz-MHz<\/td><td>824-960<\/td><\/tr><tr><td>Verst\u00e4rkung-dBi<\/td><td>8<\/td><\/tr><tr><td>VSWR<\/td><td>&lt;1.8<\/td><\/tr><tr><td>Polarisierung<\/td><td>Vertikal<\/td><\/tr><tr><td>Horizontale Balkenbreite<\/td><td>360\u00b0<\/td><\/tr><tr><td>Vertikale Strahlbreite<\/td><td>16\u00b0<\/td><\/tr><tr><td>Impedanz-Widerstand<\/td><td>50<\/td><\/tr><tr><td>Max. Eingangsleistung-W<\/td><td>100<\/td><\/tr><tr><td>Blitzschutz<\/td><td>DC-Erde<\/td><\/tr><tr><td><strong>Mechanische Spezifikationen<\/strong><\/td><td>&nbsp;<\/td><\/tr><tr><td>Anschluss<\/td><td>N Weiblich<\/td><\/tr><tr><td>Abmessung-mm<\/td><td>\u00d825\u00d71540<\/td><\/tr><tr><td>Gewicht-kg<\/td><td>0.9<\/td><\/tr><tr><td>Montage-mm<\/td><td>Mast \u00d840-\u00d860<\/td><\/tr><tr><td>Material des Radoms<\/td><td>Fiberglas (Wei\u00df)<\/td><\/tr><tr><td>Rate Windgeschwindigkeit<\/td><td>210km\/h<\/td><\/tr><tr><td>Betriebstemperatur<\/td><td>-40\u2103 - +65\u2103<\/td><\/tr><\/tbody><\/table><\/figure>","protected":false},"author":1,"featured_media":4989,"menu_order":0,"template":"","meta":{"_acf_changed":true},"product_cat":[250,330],"product_tag":[],"class_list":["post-2426","product","type-product","status-publish","has-post-thumbnail","hentry","product_cat-2g-3g-omnidirectional-antennas","product_cat-800-900-mhz-antennas"],"acf":{"_sku":"TOF-82960-8V","product-image":[4989],"_price":"29","pdsms":null,"excerpt":"<ul>\r\n<li>Betrieb im Frequenzband 806-960MHz<\/li>\r\n<li>Geeignet f\u00fcr Mobilfunk-, LoRa-, RFID-, ISM-, Helium- usw. Anwendungen<\/li>\r\n<li>Omnidirektionale Abstrahlung f\u00fcr 360 Grad Signalabdeckung im Freien<\/li>\r\n<li>Mastmontage im Freien<\/li>\r\n<li>Robustes, wetterfestes Fiberglas-Antennengeh\u00e4use<\/li>\r\n<li>Typische N-Buchse<\/li>\r\n<\/ul>","faqs":""},"_links":{"self":[{"href":"https:\/\/www.tesswave.com\/de\/wp-json\/wp\/v2\/product\/2426","targetHints":{"allow":["GET"]}}],"collection":[{"href":"https:\/\/www.tesswave.com\/de\/wp-json\/wp\/v2\/product"}],"about":[{"href":"https:\/\/www.tesswave.com\/de\/wp-json\/wp\/v2\/types\/product"}],"author":[{"embeddable":true,"href":"https:\/\/www.tesswave.com\/de\/wp-json\/wp\/v2\/users\/1"}],"acf:attachment":[{"embeddable":true,"href":"https:\/\/www.tesswave.com\/de\/wp-json\/wp\/v2\/media\/4989"}],"wp:featuredmedia":[{"embeddable":true,"href":"https:\/\/www.tesswave.com\/de\/wp-json\/wp\/v2\/media\/4989"}],"wp:attachment":[{"href":"https:\/\/www.tesswave.com\/de\/wp-json\/wp\/v2\/media?parent=2426"}],"wp:term":[{"taxonomy":"product_cat","embeddable":true,"href":"https:\/\/www.tesswave.com\/de\/wp-json\/wp\/v2\/product_cat?post=2426"},{"taxonomy":"product_tag","embeddable":true,"href":"https:\/\/www.tesswave.com\/de\/wp-json\/wp\/v2\/product_tag?post=2426"}],"curies":[{"name":"wp","href":"https:\/\/api.w.org\/{rel}","templated":true}]}}