{"id":2429,"date":"2022-05-30T14:45:28","date_gmt":"2022-05-30T06:45:28","guid":{"rendered":"https:\/\/www.tesswave.com\/?post_type=product&#038;p=2429"},"modified":"2025-06-19T19:06:52","modified_gmt":"2025-06-19T11:06:52","slug":"800-900-mhz-6-5-dbi-outdoor-omni-antenna","status":"publish","type":"product","link":"https:\/\/www.tesswave.com\/de\/product\/800-900-mhz-6-5-dbi-outdoor-omni-antenna\/","title":{"rendered":"824-960MHz 6.5dBi Glasfaserantenne f\u00fcr den Au\u00dfenbereich mit Rundstrahlcharakteristik f\u00fcr Basisstationen"},"content":{"rendered":"<figure class=\"wp-block-table is-style-regular\"><table class=\"has-fixed-layout\"><tbody><tr><td><strong>Elektrische Spezifikationen<\/strong><\/td><td>&nbsp;<\/td><\/tr><tr><td>Frequenz<\/td><td>824-960 MHz<\/td><\/tr><tr><td>Gewinnen Sie<\/td><td>6.5 dBi<\/td><\/tr><tr><td>VSWR<\/td><td>&lt;1.8<\/td><\/tr><tr><td>Polarisierung<\/td><td>Vertikal<\/td><\/tr><tr><td>Horizontale Balkenbreite<\/td><td>360\u00b0<\/td><\/tr><tr><td>Vertikale Strahlbreite<\/td><td>30\u00b0<\/td><\/tr><tr><td>Impedanz<\/td><td>50 Ohm<\/td><\/tr><tr><td>Max. Eingangsleistung<\/td><td>100W<\/td><\/tr><tr><td>Blitzschutz<\/td><td>DC-Erde<\/td><\/tr><tr><td><strong>Mechanische Spezifikationen<\/strong><\/td><td>&nbsp;<\/td><\/tr><tr><td>Anschluss<\/td><td>N Weiblich<\/td><\/tr><tr><td>Dimension<\/td><td>\u00d820\u00d7965mm<\/td><\/tr><tr><td>Gewicht<\/td><td>0,7 kg<\/td><\/tr><tr><td>Montage<\/td><td>Mast \u00d840-\u00d860 mm<\/td><\/tr><tr><td>Material des Radoms<\/td><td>Fiberglas (Wei\u00df)<\/td><\/tr><tr><td>Rate Windgeschwindigkeit<\/td><td>210km\/h<\/td><\/tr><tr><td>Betriebstemperatur<\/td><td>-40\u2103 - +65\u2103<\/td><\/tr><\/tbody><\/table><\/figure>","protected":false},"author":1,"featured_media":4895,"menu_order":0,"template":"","meta":{"_acf_changed":true},"product_cat":[250,330],"product_tag":[],"class_list":["post-2429","product","type-product","status-publish","has-post-thumbnail","hentry","product_cat-2g-3g-omnidirectional-antennas","product_cat-800-900-mhz-antennas"],"acf":{"_sku":"TOF-82960-7V","product-image":[4895],"_price":"25","pdsms":null,"excerpt":"<ul>\r\n<li>Betrieben im Frequenzband 824-960MHz<\/li>\r\n<li>Echte 6.5dBi hohe Verst\u00e4rkung<\/li>\r\n<li>Geeignet f\u00fcr Mobilfunk-, LoRa-, RFID-, ISM-, Helium- usw. Anwendungen<\/li>\r\n<li>Omnidirektionale Abstrahlung f\u00fcr 360 Grad Signalabdeckung im Freien<\/li>\r\n<li>Mastmontage im Freien<\/li>\r\n<li>Robustes, wetterfestes Fiberglas-Antennengeh\u00e4use<\/li>\r\n<li>Abmessungen: \u00d820\u00d7965mm<\/li>\r\n<li>Typische N-Buchse<\/li>\r\n<\/ul>","faqs":""},"_links":{"self":[{"href":"https:\/\/www.tesswave.com\/de\/wp-json\/wp\/v2\/product\/2429","targetHints":{"allow":["GET"]}}],"collection":[{"href":"https:\/\/www.tesswave.com\/de\/wp-json\/wp\/v2\/product"}],"about":[{"href":"https:\/\/www.tesswave.com\/de\/wp-json\/wp\/v2\/types\/product"}],"author":[{"embeddable":true,"href":"https:\/\/www.tesswave.com\/de\/wp-json\/wp\/v2\/users\/1"}],"acf:attachment":[{"embeddable":true,"href":"https:\/\/www.tesswave.com\/de\/wp-json\/wp\/v2\/media\/4895"}],"wp:featuredmedia":[{"embeddable":true,"href":"https:\/\/www.tesswave.com\/de\/wp-json\/wp\/v2\/media\/4895"}],"wp:attachment":[{"href":"https:\/\/www.tesswave.com\/de\/wp-json\/wp\/v2\/media?parent=2429"}],"wp:term":[{"taxonomy":"product_cat","embeddable":true,"href":"https:\/\/www.tesswave.com\/de\/wp-json\/wp\/v2\/product_cat?post=2429"},{"taxonomy":"product_tag","embeddable":true,"href":"https:\/\/www.tesswave.com\/de\/wp-json\/wp\/v2\/product_tag?post=2429"}],"curies":[{"name":"wp","href":"https:\/\/api.w.org\/{rel}","templated":true}]}}