{"id":2456,"date":"2022-05-30T17:04:13","date_gmt":"2022-05-30T09:04:13","guid":{"rendered":"https:\/\/www.tesswave.com\/?post_type=product&#038;p=2456"},"modified":"2025-06-19T19:03:59","modified_gmt":"2025-06-19T11:03:59","slug":"outdoor-2x2-mimo-4g-directional-antenna","status":"publish","type":"product","link":"https:\/\/www.tesswave.com\/de\/product\/outdoor-2x2-mimo-4g-directional-antenna\/","title":{"rendered":"698-2700MHz Externe 2\u00d72 MIMO 4G LTE Richtfunkantenne f\u00fcr den Au\u00dfenbereich"},"content":{"rendered":"<figure class=\"wp-block-table is-style-regular\"><table class=\"has-fixed-layout\"><tbody><tr><td><strong>Elektrische Spezifikationen<\/strong><\/td><td>&nbsp;<\/td><\/tr><tr><td>Frequenz-MHz<\/td><td>698-960\/1710-2700<\/td><\/tr><tr><td>Verst\u00e4rkung-dBi<\/td><td>8\/8.5<\/td><\/tr><tr><td>VSWR<\/td><td>&lt;2<\/td><\/tr><tr><td>Polarisierung<\/td><td>\u00b145\u00b0<\/td><\/tr><tr><td>Horizontale Balkenbreite<\/td><td>80\u00b0<\/td><\/tr><tr><td>Vertikale Strahlbreite<\/td><td>65\u00b0<\/td><\/tr><tr><td>F\/B-Verh\u00e4ltnis<\/td><td>\u226518dB<\/td><\/tr><tr><td>Isolierung<\/td><td>\u226520dB<\/td><\/tr><tr><td>Impedanz<\/td><td>50 Ohm<\/td><\/tr><tr><td>Max. Eingangsleistung<\/td><td>100W<\/td><\/tr><tr><td>Blitzschutz<\/td><td>DC-Erde<\/td><\/tr><tr><td><strong>Mechanische Spezifikationen<\/strong><\/td><td>&nbsp;<\/td><\/tr><tr><td>Anschluss<\/td><td>2\u00d7N Buchse<\/td><\/tr><tr><td>Dimension<\/td><td>300\u00d7180\u00d780 mm<\/td><\/tr><tr><td>Gewicht<\/td><td>0,5kg<\/td><\/tr><tr><td>Montage<\/td><td>Mast \u00d840-\u00d860 mm<\/td><\/tr><tr><td>Material des Radoms<\/td><td>ABS<\/td><\/tr><tr><td>Rate Windgeschwindigkeit<\/td><td>210km\/h<\/td><\/tr><tr><td>Betriebstemperatur<\/td><td>-40\u2103 - +65\u2103<\/td><\/tr><\/tbody><\/table><\/figure>","protected":false},"author":1,"featured_media":5082,"menu_order":0,"template":"","meta":{"_acf_changed":true},"product_cat":[87,337,128],"product_tag":[],"class_list":["post-2456","product","type-product","status-publish","has-post-thumbnail","hentry","product_cat-4g-lte-antennas","product_cat-698-2700-mhz-antennas","product_cat-mimo-panel-antennas"],"acf":{"_sku":"TPC-0727-9X","product-image":[5082],"_price":"29","pdsms":null,"excerpt":"<ul>\r\n<li>Betrieb im Frequenzband 698-960\/1710-2700MHz<\/li>\r\n<li>Geeignet f\u00fcr WiFi-, GSM-, 3G-, 4G-LTE-Anwendungen usw.<\/li>\r\n<li>Echte 8-8,5 dBi hohe Verst\u00e4rkung f\u00fcr jeden Strahler<\/li>\r\n<li>\u00b145\u00b0 doppelte schr\u00e4ge Kreuzpolarisation<\/li>\r\n<li>Inklusive Montagesatz<\/li>\r\n<li>Robustes, UV-gesch\u00fctztes ABS-Antennengeh\u00e4use<\/li>\r\n<li>Abmessungen: 300\u00d7180\u00d780 mm<\/li>\r\n<li>2\u00d7N Buchse<\/li>\r\n<\/ul>","faqs":""},"_links":{"self":[{"href":"https:\/\/www.tesswave.com\/de\/wp-json\/wp\/v2\/product\/2456","targetHints":{"allow":["GET"]}}],"collection":[{"href":"https:\/\/www.tesswave.com\/de\/wp-json\/wp\/v2\/product"}],"about":[{"href":"https:\/\/www.tesswave.com\/de\/wp-json\/wp\/v2\/types\/product"}],"author":[{"embeddable":true,"href":"https:\/\/www.tesswave.com\/de\/wp-json\/wp\/v2\/users\/1"}],"acf:attachment":[{"embeddable":true,"href":"https:\/\/www.tesswave.com\/de\/wp-json\/wp\/v2\/media\/5082"}],"wp:featuredmedia":[{"embeddable":true,"href":"https:\/\/www.tesswave.com\/de\/wp-json\/wp\/v2\/media\/5082"}],"wp:attachment":[{"href":"https:\/\/www.tesswave.com\/de\/wp-json\/wp\/v2\/media?parent=2456"}],"wp:term":[{"taxonomy":"product_cat","embeddable":true,"href":"https:\/\/www.tesswave.com\/de\/wp-json\/wp\/v2\/product_cat?post=2456"},{"taxonomy":"product_tag","embeddable":true,"href":"https:\/\/www.tesswave.com\/de\/wp-json\/wp\/v2\/product_tag?post=2456"}],"curies":[{"name":"wp","href":"https:\/\/api.w.org\/{rel}","templated":true}]}}