{"id":7517,"date":"2023-09-20T11:09:41","date_gmt":"2023-09-20T03:09:41","guid":{"rendered":"https:\/\/www.tesswave.com\/?post_type=product&#038;p=7517"},"modified":"2025-06-19T17:38:44","modified_gmt":"2025-06-19T09:38:44","slug":"3-3-3-8-ghz-18dbi-panel-antenna","status":"publish","type":"product","link":"https:\/\/www.tesswave.com\/de\/product\/3-3-3-8-ghz-18dbi-panel-antenna\/","title":{"rendered":"3.3-3.8 GHz 18dBi Au\u00dfenantenne mit hoher Verst\u00e4rkung und Richtwirkung f\u00fcr WiMax"},"content":{"rendered":"<figure class=\"wp-block-table\"><table class=\"has-fixed-layout\"><tbody><tr><td><strong>Elektrische Spezifikationen<\/strong><\/td><td>&nbsp;<\/td><\/tr><tr><td>Frequenz<\/td><td>3300-3800 MHz<\/td><\/tr><tr><td>Gewinnen Sie<\/td><td>18 dBi<\/td><\/tr><tr><td>VSWR<\/td><td>&lt;2<\/td><\/tr><tr><td>Polarisierung<\/td><td>Vertikal<\/td><\/tr><tr><td>Horizontale Balkenbreite<\/td><td>21\u00b0<\/td><\/tr><tr><td>Vertikale Strahlbreite<\/td><td>21\u00b0<\/td><\/tr><tr><td>F\/B-Verh\u00e4ltnis<\/td><td>\u226520dB<\/td><\/tr><tr><td>Impedanz<\/td><td>50 Ohm<\/td><\/tr><tr><td>Max. Eingangsleistung<\/td><td>100W<\/td><\/tr><tr><td>Blitzschutz<\/td><td>DC-Erde<\/td><\/tr><tr><td><strong>Mechanische Spezifikationen<\/strong><\/td><td>&nbsp;<\/td><\/tr><tr><td>Anschluss<\/td><td>N Weiblich<\/td><\/tr><tr><td>Dimension<\/td><td>250\u00d7250\u00d725mm<\/td><\/tr><tr><td>Gewicht<\/td><td>0,7 kg<\/td><\/tr><tr><td>Montage<\/td><td>Mast \u00d840-\u00d860 mm<\/td><\/tr><tr><td>Material des Radoms<\/td><td>ABS<\/td><\/tr><tr><td>Rate Windgeschwindigkeit<\/td><td>210km\/h<\/td><\/tr><tr><td>Betriebstemperatur<\/td><td>-40\u2103 - +65\u2103<\/td><\/tr><\/tbody><\/table><\/figure>","protected":false},"author":1,"featured_media":7518,"menu_order":0,"template":"","meta":{"_acf_changed":true},"product_cat":[260,333],"product_tag":[],"class_list":["post-7517","product","type-product","status-publish","has-post-thumbnail","hentry","product_cat-panel-wimax-antennas","product_cat-3-ghz-antennas"],"acf":{"_sku":"TPC-3338-18E","product-image":[7518],"_price":"","pdsms":null,"excerpt":"<ul>\r\n<li>Betrieb im Frequenzband 3300-3800MHz<\/li>\r\n<li>Echte 18dBi hohe Verst\u00e4rkung<\/li>\r\n<li>Schmale Richtstrahlbreite f\u00fcr Punkt-zu-Punkt-Verbindungen<\/li>\r\n<li>Mastmontage im Freien<\/li>\r\n<li>Robustes, wetterfestes ABS-Antennengeh\u00e4use<\/li>\r\n<li>Abmessungen: 250\u00d7250\u00d725mm<\/li>\r\n<li>N Buchse<\/li>\r\n<li>IP66 regen- und staubdicht<\/li>\r\n<\/ul>","faqs":""},"_links":{"self":[{"href":"https:\/\/www.tesswave.com\/de\/wp-json\/wp\/v2\/product\/7517","targetHints":{"allow":["GET"]}}],"collection":[{"href":"https:\/\/www.tesswave.com\/de\/wp-json\/wp\/v2\/product"}],"about":[{"href":"https:\/\/www.tesswave.com\/de\/wp-json\/wp\/v2\/types\/product"}],"author":[{"embeddable":true,"href":"https:\/\/www.tesswave.com\/de\/wp-json\/wp\/v2\/users\/1"}],"acf:attachment":[{"embeddable":true,"href":"https:\/\/www.tesswave.com\/de\/wp-json\/wp\/v2\/media\/7518"}],"wp:featuredmedia":[{"embeddable":true,"href":"https:\/\/www.tesswave.com\/de\/wp-json\/wp\/v2\/media\/7518"}],"wp:attachment":[{"href":"https:\/\/www.tesswave.com\/de\/wp-json\/wp\/v2\/media?parent=7517"}],"wp:term":[{"taxonomy":"product_cat","embeddable":true,"href":"https:\/\/www.tesswave.com\/de\/wp-json\/wp\/v2\/product_cat?post=7517"},{"taxonomy":"product_tag","embeddable":true,"href":"https:\/\/www.tesswave.com\/de\/wp-json\/wp\/v2\/product_tag?post=7517"}],"curies":[{"name":"wp","href":"https:\/\/api.w.org\/{rel}","templated":true}]}}