{"id":7574,"date":"2023-09-21T21:59:21","date_gmt":"2023-09-21T13:59:21","guid":{"rendered":"https:\/\/www.tesswave.com\/?post_type=product&#038;p=7574"},"modified":"2025-06-19T17:35:31","modified_gmt":"2025-06-19T09:35:31","slug":"2-4-7-2-ghz-outdoor-omni-3-ports-mimo-antenna","status":"publish","type":"product","link":"https:\/\/www.tesswave.com\/de\/product\/2-4-7-2-ghz-outdoor-omni-3-ports-mimo-antenna\/","title":{"rendered":"2400-7125MHz Omnidirektionale 3\u00d73 MIMO WiFi 6E Antenne f\u00fcr den Au\u00dfenbereich 3-Anschl\u00fcsse"},"content":{"rendered":"<figure class=\"wp-block-table\"><table class=\"has-fixed-layout\"><tbody><tr><td><strong>Elektrische Spezifikationen<\/strong><\/td><td colspan=\"2\">&nbsp;<\/td><\/tr><tr><td>Frequenz-MHz<\/td><td>2400-2500<\/td><td>4900-7125<\/td><\/tr><tr><td>Verst\u00e4rkung-dBi<\/td><td>4<\/td><td>6<\/td><\/tr><tr><td>VSWR<\/td><td>&lt;1.5<\/td><td>&lt;2.2<\/td><\/tr><tr><td>Polarisierung<\/td><td colspan=\"2\">Vertikal<\/td><\/tr><tr><td>Horizontale Balkenbreite<\/td><td colspan=\"2\">360\u00b0<\/td><\/tr><tr><td>Vertikale Strahlbreite<\/td><td>48\u00b0<\/td><td>28\u00b0<\/td><\/tr><tr><td>Impedanz<\/td><td colspan=\"2\">50\u03a9<\/td><\/tr><tr><td>Max. Eingangsleistung<\/td><td colspan=\"2\">50W<\/td><\/tr><tr><td>Blitzschutz<\/td><td colspan=\"2\">DC-Erde<\/td><\/tr><tr><td><strong>Mechanische Spezifikationen<\/strong><\/td><td colspan=\"2\">&nbsp;<\/td><\/tr><tr><td>Anschluss<\/td><td colspan=\"2\">3\u00d7RP SMA Stecker<\/td><\/tr><tr><td>Dimension<\/td><td colspan=\"2\">\u00d8128\u00d7220 mm<\/td><\/tr><tr><td>Gewicht<\/td><td colspan=\"2\">1,3 kg<\/td><\/tr><tr><td>Montage<\/td><td colspan=\"2\">Mast \u00d830-\u00d850 mm<\/td><\/tr><tr><td>Material des Radoms<\/td><td colspan=\"2\">UV-Best\u00e4ndigkeit PVC<\/td><\/tr><tr><td>Rate Windgeschwindigkeit<\/td><td colspan=\"2\">210km\/h<\/td><\/tr><tr><td>Betriebstemperatur<\/td><td colspan=\"2\">-40\u2103 - +65\u2103<\/td><\/tr><\/tbody><\/table><\/figure>","protected":false},"author":1,"featured_media":7575,"menu_order":0,"template":"","meta":{"_acf_changed":true},"product_cat":[166,338,247],"product_tag":[],"class_list":["post-7574","product","type-product","status-publish","has-post-thumbnail","hentry","product_cat-wifi-6-6e-antennas","product_cat-2400-7125-mhz-antennas","product_cat-mimo-omni-antennas"],"acf":{"_sku":"TOF-2472-6CV","product-image":[7575],"_price":"","pdsms":null,"excerpt":"<ul>\r\n<li>Betrieb im Frequenzband 2400-2500\/4900-7125MHz an jedem Anschluss<\/li>\r\n<li>Echte Verst\u00e4rkung: 4dBi@2.4GHz und 6dBi@5\/6GHz<\/li>\r\n<li>Drei unabh\u00e4ngige vertikale Antennen in einem einzigen Geh\u00e4use<\/li>\r\n<li>Mastmontage im Freien<\/li>\r\n<li>Robustes, UV-gesch\u00fctztes PVC-Antennengeh\u00e4use<\/li>\r\n<li>Abmessungen: \u03a6128\u00d7220 mm<\/li>\r\n<li>3\u00d7RP-SMA Stecker mit 30cm Kabel<\/li>\r\n<\/ul>","faqs":""},"_links":{"self":[{"href":"https:\/\/www.tesswave.com\/de\/wp-json\/wp\/v2\/product\/7574","targetHints":{"allow":["GET"]}}],"collection":[{"href":"https:\/\/www.tesswave.com\/de\/wp-json\/wp\/v2\/product"}],"about":[{"href":"https:\/\/www.tesswave.com\/de\/wp-json\/wp\/v2\/types\/product"}],"author":[{"embeddable":true,"href":"https:\/\/www.tesswave.com\/de\/wp-json\/wp\/v2\/users\/1"}],"acf:attachment":[{"embeddable":true,"href":"https:\/\/www.tesswave.com\/de\/wp-json\/wp\/v2\/media\/7575"}],"wp:featuredmedia":[{"embeddable":true,"href":"https:\/\/www.tesswave.com\/de\/wp-json\/wp\/v2\/media\/7575"}],"wp:attachment":[{"href":"https:\/\/www.tesswave.com\/de\/wp-json\/wp\/v2\/media?parent=7574"}],"wp:term":[{"taxonomy":"product_cat","embeddable":true,"href":"https:\/\/www.tesswave.com\/de\/wp-json\/wp\/v2\/product_cat?post=7574"},{"taxonomy":"product_tag","embeddable":true,"href":"https:\/\/www.tesswave.com\/de\/wp-json\/wp\/v2\/product_tag?post=7574"}],"curies":[{"name":"wp","href":"https:\/\/api.w.org\/{rel}","templated":true}]}}