{"id":2181,"date":"2022-05-23T18:15:58","date_gmt":"2022-05-23T10:15:58","guid":{"rendered":"https:\/\/www.tesswave.com\/?post_type=product&#038;p=2181"},"modified":"2025-06-19T19:51:37","modified_gmt":"2025-06-19T11:51:37","slug":"2-4-ghz-16dbi-120-degree-mimo-sector-antenna","status":"publish","type":"product","link":"https:\/\/www.tesswave.com\/es\/product\/2-4-ghz-16dbi-120-degree-mimo-sector-antenna\/","title":{"rendered":"2.4GHz 16dBi 120 Grados Direccional 2\u00d72 MIMO Antena Sectorial"},"content":{"rendered":"<figure class=\"wp-block-table\"><table><tbody><tr><td><strong>Especificaciones el\u00e9ctricas<\/strong><\/td><td>&nbsp;<\/td><\/tr><tr><td>Frecuencia<\/td><td>2400-2500 MHz<\/td><\/tr><tr><td>Gane<\/td><td>16 dBi<\/td><\/tr><tr><td>VSWR<\/td><td>&lt;1.8<\/td><\/tr><tr><td>Polarizaci\u00f3n<\/td><td>Horizontal y vertical<\/td><\/tr><tr><td>Anchura del haz horizontal<\/td><td>120\u00b0<\/td><\/tr><tr><td>Anchura del haz vertical<\/td><td>6\u00b0<\/td><\/tr><tr><td>Relaci\u00f3n F\/B<\/td><td>\u226520dB<\/td><\/tr><tr><td>Aislamiento<\/td><td>\u226528dB<\/td><\/tr><tr><td>Impedancia<\/td><td>50 ohmios<\/td><\/tr><tr><td>M\u00e1x. Potencia de entrada<\/td><td>100W<\/td><\/tr><tr><td>Protecci\u00f3n contra el rayo<\/td><td>DC Tierra<\/td><\/tr><tr><td><strong>Especificaciones mec\u00e1nicas<\/strong><\/td><td>&nbsp;<\/td><\/tr><tr><td>Conector<\/td><td>2\u00d7N Hembra<\/td><\/tr><tr><td>Dimensi\u00f3n<\/td><td>1300\u00d7134\u00d764mm<\/td><\/tr><tr><td>Peso<\/td><td>3,5 kg<\/td><\/tr><tr><td>Montaje<\/td><td>M\u00e1stil \u00d840-\u00d860 mm<\/td><\/tr><tr><td>Material del radomo<\/td><td>PVC resistente a los rayos UV<\/td><\/tr><tr><td>Velocidad del viento<\/td><td>210 km\/h<\/td><\/tr><tr><td>Temperatura de funcionamiento<\/td><td>-40\u2103 - +65\u2103<\/td><\/tr><\/tbody><\/table><\/figure>","protected":false},"author":1,"featured_media":5058,"menu_order":0,"template":"","meta":{"_acf_changed":true},"product_cat":[131,332,244],"product_tag":[],"class_list":["post-2181","product","type-product","status-publish","has-post-thumbnail","hentry","product_cat-mimo-sector-antennas","product_cat-2-4-ghz-antennas","product_cat-sector-wifi-antennas"],"acf":{"_sku":"TSC-2400-16D120","product-image":[5058],"_price":"49","pdsms":null,"excerpt":"<ul>\r\n<li>Funciona en la banda de frecuencia 2400-2500MHz para WiFi<\/li>\r\n<li>Doble polarizaci\u00f3n V\/H<\/li>\r\n<li>Instalaci\u00f3n exterior en poste<\/li>\r\n<li>Soportes de montaje de alta resistencia<\/li>\r\n<li>Robusta carcasa de antena de PVC con protecci\u00f3n UV<\/li>\r\n<li>Conector 2\u00d7N hembra<\/li>\r\n<\/ul>","faqs":""},"_links":{"self":[{"href":"https:\/\/www.tesswave.com\/es\/wp-json\/wp\/v2\/product\/2181","targetHints":{"allow":["GET"]}}],"collection":[{"href":"https:\/\/www.tesswave.com\/es\/wp-json\/wp\/v2\/product"}],"about":[{"href":"https:\/\/www.tesswave.com\/es\/wp-json\/wp\/v2\/types\/product"}],"author":[{"embeddable":true,"href":"https:\/\/www.tesswave.com\/es\/wp-json\/wp\/v2\/users\/1"}],"acf:attachment":[{"embeddable":true,"href":"https:\/\/www.tesswave.com\/es\/wp-json\/wp\/v2\/media\/5058"}],"wp:featuredmedia":[{"embeddable":true,"href":"https:\/\/www.tesswave.com\/es\/wp-json\/wp\/v2\/media\/5058"}],"wp:attachment":[{"href":"https:\/\/www.tesswave.com\/es\/wp-json\/wp\/v2\/media?parent=2181"}],"wp:term":[{"taxonomy":"product_cat","embeddable":true,"href":"https:\/\/www.tesswave.com\/es\/wp-json\/wp\/v2\/product_cat?post=2181"},{"taxonomy":"product_tag","embeddable":true,"href":"https:\/\/www.tesswave.com\/es\/wp-json\/wp\/v2\/product_tag?post=2181"}],"curies":[{"name":"wp","href":"https:\/\/api.w.org\/{rel}","templated":true}]}}