{"id":2200,"date":"2022-05-24T08:34:35","date_gmt":"2022-05-24T00:34:35","guid":{"rendered":"https:\/\/www.tesswave.com\/?post_type=product&#038;p=2200"},"modified":"2025-06-19T19:49:56","modified_gmt":"2025-06-19T11:49:56","slug":"5-8-ghz-26dbi-parabolic-wifi-antenna","status":"publish","type":"product","link":"https:\/\/www.tesswave.com\/es\/product\/5-8-ghz-26dbi-parabolic-wifi-antenna\/","title":{"rendered":"5.8GHz 26dBi Antena WiFi Parab\u00f3lica de Rejilla de Alta Ganancia"},"content":{"rendered":"<figure class=\"wp-block-table\"><table><tbody><tr><td><strong>Especificaciones el\u00e9ctricas<\/strong><\/td><td><\/td><\/tr><tr><td>Frecuencia<\/td><td>5725-5850 MHz<\/td><\/tr><tr><td>Gane<\/td><td>26 dBi<\/td><\/tr><tr><td>VSWR<\/td><td>&lt;1.5<\/td><\/tr><tr><td>Polarizaci\u00f3n<\/td><td>Vertical<\/td><\/tr><tr><td>Anchura del haz horizontal<\/td><td>6\u00b0<\/td><\/tr><tr><td>Anchura del haz vertical<\/td><td>9\u00b0<\/td><\/tr><tr><td>Relaci\u00f3n F\/B<\/td><td>\u226525dB<\/td><\/tr><tr><td>Impedancia<\/td><td>50 ohmios<\/td><\/tr><tr><td>M\u00e1x. Potencia de entrada<\/td><td>100W<\/td><\/tr><tr><td>Protecci\u00f3n contra el rayo<\/td><td>DC Tierra<\/td><\/tr><tr><td><strong>Especificaciones mec\u00e1nicas<\/strong><\/td><td>&nbsp;<\/td><\/tr><tr><td>Conector<\/td><td>N Mujer<\/td><\/tr><tr><td>Dimensi\u00f3n<\/td><td>400\u00d7600mm<\/td><\/tr><tr><td>Peso<\/td><td>2kg<\/td><\/tr><tr><td>Montaje<\/td><td>M\u00e1stil \u00d840-\u00d860 mm<\/td><\/tr><tr><td>Velocidad del viento<\/td><td>210 km\/h<\/td><\/tr><tr><td>Temperatura de funcionamiento<\/td><td>-40\u2103 - +65\u2103<\/td><\/tr><\/tbody><\/table><\/figure>","protected":false},"author":1,"featured_media":5061,"menu_order":0,"template":"","meta":{"_acf_changed":true},"product_cat":[246,334],"product_tag":[],"class_list":["post-2200","product","type-product","status-publish","has-post-thumbnail","hentry","product_cat-parabolic-wifi-antennas","product_cat-5-ghz-antennas"],"acf":{"_sku":"TGC-5800-26E6","product-image":[5061],"_price":"29","pdsms":null,"excerpt":"<ul>\r\n<li>Funciona en la banda de frecuencias 5725-5850MHz para WiFi<\/li>\r\n<li>Dise\u00f1o de alta ganancia<\/li>\r\n<li>Ideal para conexiones punto a punto de largo alcance en exteriores<\/li>\r\n<li>Instalaci\u00f3n exterior en poste<\/li>\r\n<li>Soportes de montaje de alta resistencia<\/li>\r\n<li>N Conector hembra<\/li>\r\n<\/ul>","faqs":""},"_links":{"self":[{"href":"https:\/\/www.tesswave.com\/es\/wp-json\/wp\/v2\/product\/2200","targetHints":{"allow":["GET"]}}],"collection":[{"href":"https:\/\/www.tesswave.com\/es\/wp-json\/wp\/v2\/product"}],"about":[{"href":"https:\/\/www.tesswave.com\/es\/wp-json\/wp\/v2\/types\/product"}],"author":[{"embeddable":true,"href":"https:\/\/www.tesswave.com\/es\/wp-json\/wp\/v2\/users\/1"}],"acf:attachment":[{"embeddable":true,"href":"https:\/\/www.tesswave.com\/es\/wp-json\/wp\/v2\/media\/5061"}],"wp:featuredmedia":[{"embeddable":true,"href":"https:\/\/www.tesswave.com\/es\/wp-json\/wp\/v2\/media\/5061"}],"wp:attachment":[{"href":"https:\/\/www.tesswave.com\/es\/wp-json\/wp\/v2\/media?parent=2200"}],"wp:term":[{"taxonomy":"product_cat","embeddable":true,"href":"https:\/\/www.tesswave.com\/es\/wp-json\/wp\/v2\/product_cat?post=2200"},{"taxonomy":"product_tag","embeddable":true,"href":"https:\/\/www.tesswave.com\/es\/wp-json\/wp\/v2\/product_tag?post=2200"}],"curies":[{"name":"wp","href":"https:\/\/api.w.org\/{rel}","templated":true}]}}