{"id":2227,"date":"2022-05-24T10:35:11","date_gmt":"2022-05-24T02:35:11","guid":{"rendered":"https:\/\/www.tesswave.com\/?post_type=product&#038;p=2227"},"modified":"2025-06-19T19:47:13","modified_gmt":"2025-06-19T11:47:13","slug":"2-4-ghz-12dbi-yagi-wifi-antenna","status":"publish","type":"product","link":"https:\/\/www.tesswave.com\/es\/product\/2-4-ghz-12dbi-yagi-wifi-antenna\/","title":{"rendered":"2.4GHz 12dBi Antena WiFi Direccional Yagi Exterior"},"content":{"rendered":"<p>Nuestra antena WiFi Yagi funciona en la banda de frecuencia 2.4GHz y 5GHz, Es una antena WiFi direccional de exterior econ\u00f3mica que se utiliza principalmente para instalaciones de clientes. Igual que la&nbsp;<a href=\"https:\/\/www.tesswave.com\/es\/products\/wifi-antennas\/panel-wifi-antennas\/\">antenas WiFi de panel<\/a>La antena Yagi WiFi tambi\u00e9n cuenta con alta ganancia y haz estrecho que es ideal para el traje al aire libre punto a punto o punto a multipunto de conexi\u00f3n inal\u00e1mbrica. La antena Yagi general est\u00e1n conectados al router, punto de acceso u otros dispositivos WiFi mediante el uso de un adaptador de cable coaxial, por lo tanto convertirse en un&nbsp;<a href=\"https:\/\/www.tesswave.com\/es\/what-is-wireless-bridge\/\">puente inal\u00e1mbrico<\/a>&nbsp;que puede realizar la conexi\u00f3n de datos WiFi, transmitir se\u00f1ales de v\u00eddeo inal\u00e1mbricas y otras aplicaciones de conexi\u00f3n WiFi inal\u00e1mbrica en exteriores.<\/p>\n\n\n\n<p>Las antenas WiFi Yagi es una antena direccional muy t\u00edpica. Se compone de m\u00faltiples elementos de tubo hueco y una pluma que son a la vez de aluminio, estos elementos de tubo est\u00e1n montados en paralelo a la pluma, el elemento en el extremo de la alimentaci\u00f3n es m\u00e1s largo y se utiliza como un reflector, antenas con diferentes frecuencias tienen diferentes longitudes de estos elementos, de alta frecuencia antenas Yagi general son mucho m\u00e1s peque\u00f1os en tama\u00f1o que las antenas de baja frecuencia.&nbsp;<\/p>\n\n\n\n<p>Estas antenas WiFi Yagi necesitan ser montadas en un m\u00e1stil, y es mejor que sea en el tejado o en un lugar m\u00e1s alto para evitar la p\u00e9rdida de se\u00f1al debido a obstrucciones. La antena viene con un kit de montaje de alta resistencia, su dise\u00f1o simple le permite instalarlo f\u00e1cilmente, y es f\u00e1cil de ajustar el \u00e1ngulo de la antena, adem\u00e1s, el kit de montaje est\u00e1 dise\u00f1ado para permitir que la antena se monta horizontal o verticalmente. La antena est\u00e1 hecha de material met\u00e1lico de aluminio, que no se oxida y puede soportar diversos entornos exteriores dif\u00edciles.<\/p>\n\n\n\n<p>Nuestra antena WiFi Yagi viene con un conector hembra N t\u00edpico y 30cm de cable coaxial RG58, para aquellos&nbsp;<a href=\"https:\/\/www.tesswave.com\/es\/customization\/\">pedidos personalizados<\/a>Tambi\u00e9n podemos suministrarle con otros conectores (como SMA, TNC y BNC, etc,) y otro tipo de cable coaxial (RG58U, LMR200 o LMR240, etc). WiFi Yagi antena es una antena direccional rentable, puede proporcionar conexi\u00f3n WiFi de media y larga distancia, si usted necesita para lograr la conexi\u00f3n de ultra-larga distancia y tienen suficiente presupuesto, puede probar nuestro&nbsp;<a href=\"https:\/\/www.tesswave.com\/es\/products\/wifi-antennas\/parabolic-wifi-antennas\/\">antena parab\u00f3lica WiFi<\/a>&nbsp;de alta ganancia y haz ultraestrecho.<\/p>\n\n\n\n<figure class=\"wp-block-table is-style-regular\"><table class=\"has-fixed-layout\"><tbody><tr><td>N\u00famero de modelo<\/td><td>TYC-2400-12E<\/td><\/tr><tr><td><strong>Especificaciones el\u00e9ctricas<\/strong><\/td><td><\/td><\/tr><tr><td>Frecuencia-MHz<\/td><td>2400-2500<\/td><\/tr><tr><td>Ganancia-dBi<\/td><td>12<\/td><\/tr><tr><td>VSWR<\/td><td>&lt;1.5<\/td><\/tr><tr><td>Polarizaci\u00f3n<\/td><td>Vertical<\/td><\/tr><tr><td>Anchura del haz horizontal<\/td><td>48\u00b0<\/td><\/tr><tr><td>Anchura del haz vertical<\/td><td>48\u00b0<\/td><\/tr><tr><td>Relaci\u00f3n F\/B-dB<\/td><td>\u226516<\/td><\/tr><tr><td>Impedancia-ohmios<\/td><td>50<\/td><\/tr><tr><td>M\u00e1x. Potencia de entrada-P<\/td><td>100<\/td><\/tr><tr><td>Protecci\u00f3n contra el rayo<\/td><td>DC Tierra<\/td><\/tr><tr><td><strong>Especificaciones mec\u00e1nicas<\/strong><\/td><td>&nbsp;<\/td><\/tr><tr><td>Conector<\/td><td>N Mujer<\/td><\/tr><tr><td>Dimensi\u00f3n-mm<\/td><td>350<\/td><\/tr><tr><td>Peso-kg<\/td><td>0.25<\/td><\/tr><tr><td>Montaje-mm<\/td><td>M\u00e1stil \u00d840-\u00d860<\/td><\/tr><tr><td>Velocidad del viento-km\/h<\/td><td>210<\/td><\/tr><tr><td>Temperatura de funcionamiento<\/td><td>-40\u2103 - +65\u2103<\/td><\/tr><\/tbody><\/table><\/figure>","protected":false},"author":1,"featured_media":5031,"menu_order":0,"template":"","meta":{"_acf_changed":true},"product_cat":[243,332],"product_tag":[],"class_list":["post-2227","product","type-product","status-publish","has-post-thumbnail","hentry","product_cat-yagi-wifi-antennas","product_cat-2-4-ghz-antennas"],"acf":{"_sku":"TYC-2400-12E","product-image":[5031],"_price":"11","pdsms":null,"excerpt":"<ul>\r\n<li>Funciona en la banda de frecuencias 2400-2500MHz<\/li>\r\n<li>Alta ganancia para uso direccional punto a punto en exteriores<\/li>\r\n<li>Instalaci\u00f3n exterior en poste<\/li>\r\n<li>N Conector hembra con cable 30cm RG58(acepta otras opciones)<\/li>\r\n<li>Fabricado en aluminio, duradero para entornos exteriores hostiles<\/li>\r\n<\/ul>","faqs":""},"_links":{"self":[{"href":"https:\/\/www.tesswave.com\/es\/wp-json\/wp\/v2\/product\/2227","targetHints":{"allow":["GET"]}}],"collection":[{"href":"https:\/\/www.tesswave.com\/es\/wp-json\/wp\/v2\/product"}],"about":[{"href":"https:\/\/www.tesswave.com\/es\/wp-json\/wp\/v2\/types\/product"}],"author":[{"embeddable":true,"href":"https:\/\/www.tesswave.com\/es\/wp-json\/wp\/v2\/users\/1"}],"acf:attachment":[{"embeddable":true,"href":"https:\/\/www.tesswave.com\/es\/wp-json\/wp\/v2\/media\/5031"}],"wp:featuredmedia":[{"embeddable":true,"href":"https:\/\/www.tesswave.com\/es\/wp-json\/wp\/v2\/media\/5031"}],"wp:attachment":[{"href":"https:\/\/www.tesswave.com\/es\/wp-json\/wp\/v2\/media?parent=2227"}],"wp:term":[{"taxonomy":"product_cat","embeddable":true,"href":"https:\/\/www.tesswave.com\/es\/wp-json\/wp\/v2\/product_cat?post=2227"},{"taxonomy":"product_tag","embeddable":true,"href":"https:\/\/www.tesswave.com\/es\/wp-json\/wp\/v2\/product_tag?post=2227"}],"curies":[{"name":"wp","href":"https:\/\/api.w.org\/{rel}","templated":true}]}}