{"id":2230,"date":"2022-05-24T10:43:07","date_gmt":"2022-05-24T02:43:07","guid":{"rendered":"https:\/\/www.tesswave.com\/?post_type=product&#038;p=2230"},"modified":"2025-06-19T19:45:55","modified_gmt":"2025-06-19T11:45:55","slug":"5ghz-12dbi-outdoor-omni-wifi-antenna","status":"publish","type":"product","link":"https:\/\/www.tesswave.com\/es\/product\/5ghz-12dbi-outdoor-omni-wifi-antenna\/","title":{"rendered":"5.1-5.8GHz 12dBi Antena WiFi omnidireccional para exteriores"},"content":{"rendered":"<p>Ofrecemos una gama de antenas WiFi omnidireccionales de exterior que funcionan en la banda de frecuencia 5GHz, que es ampliamente compatible con los sistemas inal\u00e1mbricos&nbsp;<a href=\"https:\/\/www.tesswave.com\/es\/what-are-the-ieee-802-11-standards\/\">normas IEEE<\/a>&nbsp;802.11b\/g\/n, son ideales para su uso en un router WiFi, m\u00f3dem, punto de acceso, repetidor, WiFi booster y puerta de enlace a trav\u00e9s de cable coaxial o adjuntarlo al dispositivo inal\u00e1mbrico directamente. Nuestras antenas wifi omnidireccionales se utilizan generalmente en las siguientes aplicaciones: WiFi p\u00fablico, zool\u00f3gicos, parques p\u00fablicos y \u00e1reas de recreaci\u00f3n al aire libre, junto con la mayor\u00eda de los puertos deportivos y RV Parks.<\/p>\n\n\n\n<p>La antena WiFi omni no tiene directividad, irradia una se\u00f1al en un patr\u00f3n de 360 grados que es ideal para sistemas donde la direcci\u00f3n hacia el terminal remoto es desconocida o cambiante. Est\u00e1n dise\u00f1adas para aumentar la intensidad de la se\u00f1al y el alcance de sus dispositivos WiFi, de alta ganancia con m\u00e1s potencia en todas las direcciones es perfecta para la cobertura WiFi punto a multipunto en exteriores.<\/p>\n\n\n\n<p>Estas antenas WiFi omnidireccionales al aire libre son duraderos para la instalaci\u00f3n al aire libre con la fibra de vidrio o UV-PVC radomo y sellado IP66-clasificado, todas nuestras antenas son ir con un kit de montaje de alta resistencia le permiten f\u00e1cil y r\u00e1pida de instalar nuestras antenas en un poste.<\/p>\n\n\n\n<p>Ofrecemos opciones de antena SISO (entrada \u00fanica, salida \u00fanica) y MIMO (entrada m\u00faltiple, salida m\u00faltiple) para adaptarse a los requisitos de su dispositivo. Dado que la mayor\u00eda de los dispositivos WiFi modernos ahora soportan la tecnolog\u00eda MIMO, recommendemos nuestra<a href=\"https:\/\/www.tesswave.com\/es\/products\/mimo-antennas\/mimo-omni-antennas\/\">Antena omnidireccional MIMO<\/a> que incorpora varios puertos para una compatibilidad perfecta con dispositivos inal\u00e1mbricos multipuerto.<\/p>\n\n\n\n<p>Adem\u00e1s, ofrecemos una amplia gama de antenas WiFi direccionales, incluidos los modelos Panel, Yagi, Sector y Parab\u00f3lica, para satisfacer diversas necesidades de conectividad.<\/p>\n\n\n\n<p>Para obtener m\u00e1s informaci\u00f3n o un presupuesto gratuito, visite nuestro sitio web o p\u00f3ngase en contacto con nosotros directamente.<\/p>\n\n\n\n<figure class=\"wp-block-table is-style-stripes\"><table class=\"has-fixed-layout\"><tbody><tr><td><strong>Especificaciones el\u00e9ctricas<\/strong><\/td><td>&nbsp;<\/td><\/tr><tr><td>Frecuencia<\/td><td>5150-5850 MHz<\/td><\/tr><tr><td>Gane<\/td><td>12 dBi<\/td><\/tr><tr><td>VSWR<\/td><td>&lt;1.5<\/td><\/tr><tr><td>Polarizaci\u00f3n<\/td><td>Vertical<\/td><\/tr><tr><td>Anchura del haz horizontal<\/td><td>360\u00b0<\/td><\/tr><tr><td>Anchura del haz vertical<\/td><td>8\u00b0<\/td><\/tr><tr><td>Impedancia<\/td><td>50 ohmios<\/td><\/tr><tr><td>M\u00e1x. Potencia de entrada<\/td><td>100W<\/td><\/tr><tr><td>Protecci\u00f3n contra el rayo<\/td><td>DC Tierra<\/td><\/tr><tr><td><strong>Especificaciones mec\u00e1nicas<\/strong><\/td><td>&nbsp;<\/td><\/tr><tr><td>Conector<\/td><td>N Mujer<\/td><\/tr><tr><td>Dimensi\u00f3n<\/td><td>\u00d820\u00d7480mm<\/td><\/tr><tr><td>Peso<\/td><td>0,5 kg<\/td><\/tr><tr><td>Montaje<\/td><td>M\u00e1stil \u00d840-\u00d860 mm<\/td><\/tr><tr><td>Material del radomo<\/td><td>Fibra de vidrio (blanco)<\/td><\/tr><tr><td>Velocidad del viento<\/td><td>210 km\/h<\/td><\/tr><tr><td>Temperatura de funcionamiento<\/td><td>-40\u2103 - +65\u2103<\/td><\/tr><\/tbody><\/table><\/figure>","protected":false},"author":1,"featured_media":4965,"menu_order":0,"template":"","meta":{"_acf_changed":true},"product_cat":[242,334],"product_tag":[],"class_list":["post-2230","product","type-product","status-publish","has-post-thumbnail","hentry","product_cat-omnidirectional-wifi-antennas","product_cat-5-ghz-antennas"],"acf":{"_sku":"TOF-5158-12V","product-image":[4965],"_price":"25","pdsms":null,"excerpt":"<ul>\r\n<li>Funciona en la banda de frecuencias 5150-5850MHz<\/li>\r\n<li>Alta ganancia True 12dBi<\/li>\r\n<li>Antena omnidireccional, ideal para cubrir la se\u00f1al en exteriores<\/li>\r\n<li>Instalaci\u00f3n exterior en poste<\/li>\r\n<li>Robusta carcasa de antena de fibra de vidrio resistente a la intemperie<\/li>\r\n<li>Dimensiones: \u00d820\u00d7480mm<\/li>\r\n<li>IP55 resistente a la lluvia y al polvo<\/li>\r\n<li>T\u00edpico conector N hembra<\/li>\r\n<\/ul>","faqs":""},"_links":{"self":[{"href":"https:\/\/www.tesswave.com\/es\/wp-json\/wp\/v2\/product\/2230","targetHints":{"allow":["GET"]}}],"collection":[{"href":"https:\/\/www.tesswave.com\/es\/wp-json\/wp\/v2\/product"}],"about":[{"href":"https:\/\/www.tesswave.com\/es\/wp-json\/wp\/v2\/types\/product"}],"author":[{"embeddable":true,"href":"https:\/\/www.tesswave.com\/es\/wp-json\/wp\/v2\/users\/1"}],"acf:attachment":[{"embeddable":true,"href":"https:\/\/www.tesswave.com\/es\/wp-json\/wp\/v2\/media\/4965"}],"wp:featuredmedia":[{"embeddable":true,"href":"https:\/\/www.tesswave.com\/es\/wp-json\/wp\/v2\/media\/4965"}],"wp:attachment":[{"href":"https:\/\/www.tesswave.com\/es\/wp-json\/wp\/v2\/media?parent=2230"}],"wp:term":[{"taxonomy":"product_cat","embeddable":true,"href":"https:\/\/www.tesswave.com\/es\/wp-json\/wp\/v2\/product_cat?post=2230"},{"taxonomy":"product_tag","embeddable":true,"href":"https:\/\/www.tesswave.com\/es\/wp-json\/wp\/v2\/product_tag?post=2230"}],"curies":[{"name":"wp","href":"https:\/\/api.w.org\/{rel}","templated":true}]}}