{"id":2237,"date":"2022-05-24T10:55:53","date_gmt":"2022-05-24T02:55:53","guid":{"rendered":"https:\/\/www.tesswave.com\/?post_type=product&#038;p=2237"},"modified":"2025-06-19T19:44:04","modified_gmt":"2025-06-19T11:44:04","slug":"2-4-ghz-12dbi-outdoor-omni-wifi-antenna","status":"publish","type":"product","link":"https:\/\/www.tesswave.com\/es\/product\/2-4-ghz-12dbi-outdoor-omni-wifi-antenna\/","title":{"rendered":"2.4GHz 12dBi Antena WiFi Omnidireccional de Alta Ganancia para Exterior"},"content":{"rendered":"<p>La serie TOF-2400 antena wifi omnidireccional de alta ganancia dise\u00f1ado para la cobertura de la se\u00f1al wifi al aire libre, el aumento de la intensidad de la se\u00f1al y el alcance de sus dispositivos Wi-Fi 2.4GHz incluyendo routers, pasarelas, m\u00f3dems, puentes, amplificadores y repetidores en todas las direcciones. Trabajando en la banda de frecuencia 2400-2500MHz, es traje ideal para un mont\u00f3n de aplicaciones como Wi-Fi, Bluetooth, Zigbee, IoT, <a href=\"https:\/\/www.tesswave.com\/es\/what-are-lora-and-lorawan\/\">LoRa\/LoRaWAN<\/a> y RFID, etc,<\/p>\n\n\n\n<p><strong>CARACTER\u00cdSTICAS:<\/strong><\/p>\n\n\n\n<ul class=\"wp-block-list\">\n<li>Alta ganancia para maximizar la cobertura de la se\u00f1al WiFi en exteriores<\/li>\n\n\n\n<li>Dise\u00f1ado para un alto rendimiento, excelente patr\u00f3n de radiaci\u00f3n<\/li>\n\n\n\n<li>Buen VSWR, menos de 1,5 o mejor<\/li>\n\n\n\n<li>Resistente a la intemperie, con radomo de antena de fibra de vidrio duradero y protecci\u00f3n de sellado IP66<\/li>\n\n\n\n<li>T\u00edpico conector N hembra compatible con la mayor\u00eda de dispositivos inal\u00e1mbricos<\/li>\n\n\n\n<li>Kit de montaje en pared o poste de alta resistencia para diversos entornos<\/li>\n<\/ul>\n\n\n\n<p>El 2.4GHz antena wifi omnidireccional al aire libre irradia una se\u00f1al en un patr\u00f3n de 360 grados que transmite la se\u00f1al a la m\u00e1xima distancia posible como sea posible, su dise\u00f1o listo para usar le permiten conectarlo a sus routers existen o punto de acceso de forma r\u00e1pida para transmitir la se\u00f1al WiFi m\u00e1s alta en todas las direcciones. Pero tenga en cuenta, s\u00f3lo se puede conectar una antena WiFi 2.4GHz a los dispositivos que es el apoyo 2.4GHz banda de frecuencia.<\/p>\n\n\n\n<h2 class=\"wp-block-heading\">Dise\u00f1o superior<\/h2>\n\n\n\n<p>La antena Omni WiFi est\u00e1 fabricada con elementos de cobre para garantizar un rendimiento el\u00e9ctrico superior, los elementos met\u00e1licos ofrecen un rendimiento mejor y m\u00e1s estable. Carcasa de fibra de vidrio durable est\u00e1 dise\u00f1ado para la instalaci\u00f3n al aire libre contra el polvo y la lluvia, puede soportar duras condiciones al aire libre. Equipado con un conector hembra de tipo N t\u00edpico en la parte inferior de la antena tambi\u00e9n es bueno para impermeable para evitar que el agua se ejecute de nuevo en, al lado, conector de tipo N es ampliamente compatible con la mayor\u00eda de los equipos inal\u00e1mbricos que utilizan un cable coaxial.<\/p>\n\n\n\n<h2 class=\"wp-block-heading\">Instalaci\u00f3n de antenas<\/h2>\n\n\n\n<p>Todas nuestras antenas vienen con un conjunto de kit de montaje de alta resistencia incluyen pernos en U y tuercas, son muy f\u00e1ciles de instalar a un poste o en la pared directamente. La antena omni suele instalar en el techo sin ning\u00fan obst\u00e1culo para maximun transmitir la se\u00f1al WiFi a los usuarios finales.<\/p>\n\n\n\n<h2 class=\"wp-block-heading\">Personalizaci\u00f3n<\/h2>\n\n\n\n<p>Aceptamos el servicio de personalizaci\u00f3n, incluido el conector, la frecuencia, el aspecto de la antena, el kit de montaje y la impresi\u00f3n del logotipo, el embalaje, etc,<\/p>\n\n\n\n<p>&nbsp;<\/p>\n\n\n\n<figure class=\"wp-block-table\"><table class=\"has-fixed-layout\"><tbody><tr><td><strong>Especificaciones el\u00e9ctricas<\/strong><\/td><td><\/td><\/tr><tr><td>Frecuencia<\/td><td>2400-2500 MHz<\/td><\/tr><tr><td>Gane<\/td><td>12 dBi<\/td><\/tr><tr><td>VSWR<\/td><td>&lt;1.5<\/td><\/tr><tr><td>Polarizaci\u00f3n<\/td><td>Vertical<\/td><\/tr><tr><td>Anchura del haz horizontal<\/td><td>360\u00b0<\/td><\/tr><tr><td>Anchura del haz vertical<\/td><td>7.5\u00b0<\/td><\/tr><tr><td>Impedancia<\/td><td>50 ohmios<\/td><\/tr><tr><td>M\u00e1x. Potencia de entrada<\/td><td>100W<\/td><\/tr><tr><td>Protecci\u00f3n contra el rayo<\/td><td>DC Tierra<\/td><\/tr><tr><td><strong>Especificaciones mec\u00e1nicas<\/strong><\/td><td>&nbsp;<\/td><\/tr><tr><td>Conector<\/td><td>N Mujer<\/td><\/tr><tr><td>Dimensi\u00f3n<\/td><td>\u00d825\u00d7960mm<\/td><\/tr><tr><td>Peso<\/td><td>0,7 kg<\/td><\/tr><tr><td>Montaje<\/td><td>M\u00e1stil \u00d840-\u00d860 mm<\/td><\/tr><tr><td>Material del radomo<\/td><td>Fibra de vidrio (blanco)<\/td><\/tr><tr><td>Velocidad del viento<\/td><td>210 km\/h<\/td><\/tr><tr><td>Protecci\u00f3n contra la penetraci\u00f3n<\/td><td>IP66<\/td><\/tr><tr><td>Temperatura de funcionamiento<\/td><td>-40\u2103 - +65\u2103<\/td><\/tr><\/tbody><\/table><\/figure>\n\n\n\n<p>&nbsp;<\/p>","protected":false},"author":1,"featured_media":4970,"menu_order":0,"template":"","meta":{"_acf_changed":true},"product_cat":[242,332,254],"product_tag":[],"class_list":["post-2237","product","type-product","status-publish","has-post-thumbnail","hentry","product_cat-omnidirectional-wifi-antennas","product_cat-2-4-ghz-antennas","product_cat-2-4-ghz-lora-antennas"],"acf":{"_sku":"TOF-2400-12V","product-image":[4970],"_price":"25","pdsms":null,"excerpt":"<ul>\r\n<li>Funciona en la banda de frecuencias 2,4\/5GHz<\/li>\r\n<li>Los elementos de cobre de calidad en el interior aseguran una alta ganancia<\/li>\r\n<li>Irradia la se\u00f1al en todas direcciones, ideal para cubrir la se\u00f1al en exteriores<\/li>\r\n<li>Instalaci\u00f3n exterior en poste<\/li>\r\n<li>Robusta carcasa de antena de fibra de vidrio resistente a la intemperie<\/li>\r\n<li>IP66 resistente a la lluvia y al polvo<\/li>\r\n<li>Conector N hembra t\u00edpico (acepta otros conectores)<\/li>\r\n<\/ul>","faqs":""},"_links":{"self":[{"href":"https:\/\/www.tesswave.com\/es\/wp-json\/wp\/v2\/product\/2237","targetHints":{"allow":["GET"]}}],"collection":[{"href":"https:\/\/www.tesswave.com\/es\/wp-json\/wp\/v2\/product"}],"about":[{"href":"https:\/\/www.tesswave.com\/es\/wp-json\/wp\/v2\/types\/product"}],"author":[{"embeddable":true,"href":"https:\/\/www.tesswave.com\/es\/wp-json\/wp\/v2\/users\/1"}],"acf:attachment":[{"embeddable":true,"href":"https:\/\/www.tesswave.com\/es\/wp-json\/wp\/v2\/media\/4970"}],"wp:featuredmedia":[{"embeddable":true,"href":"https:\/\/www.tesswave.com\/es\/wp-json\/wp\/v2\/media\/4970"}],"wp:attachment":[{"href":"https:\/\/www.tesswave.com\/es\/wp-json\/wp\/v2\/media?parent=2237"}],"wp:term":[{"taxonomy":"product_cat","embeddable":true,"href":"https:\/\/www.tesswave.com\/es\/wp-json\/wp\/v2\/product_cat?post=2237"},{"taxonomy":"product_tag","embeddable":true,"href":"https:\/\/www.tesswave.com\/es\/wp-json\/wp\/v2\/product_tag?post=2237"}],"curies":[{"name":"wp","href":"https:\/\/api.w.org\/{rel}","templated":true}]}}