{"id":2246,"date":"2022-05-24T11:22:58","date_gmt":"2022-05-24T03:22:58","guid":{"rendered":"https:\/\/www.tesswave.com\/?post_type=product&#038;p=2246"},"modified":"2025-06-19T19:39:51","modified_gmt":"2025-06-19T11:39:51","slug":"5ghz-19dbi-mimo-panel-antenna","status":"publish","type":"product","link":"https:\/\/www.tesswave.com\/es\/product\/5ghz-19dbi-mimo-panel-antenna\/","title":{"rendered":"5.1-5.8GHz 19dBi 2\u00d72 Dual Polarized MIMO WiFi Panel Antena"},"content":{"rendered":"<figure class=\"wp-block-table is-style-regular\"><table class=\"has-fixed-layout\"><tbody><tr><td><strong>Especificaciones el\u00e9ctricas<\/strong><\/td><td>&nbsp;<\/td><\/tr><tr><td>Frecuencia<\/td><td>5150-5850 MHz<\/td><\/tr><tr><td>Gane<\/td><td>19 dBi<\/td><\/tr><tr><td>VSWR<\/td><td>&lt;1.5<\/td><\/tr><tr><td>Polarizaci\u00f3n<\/td><td>Horizontal y vertical<\/td><\/tr><tr><td>Anchura del haz horizontal<\/td><td>17\u00b0<\/td><\/tr><tr><td>Anchura del haz vertical<\/td><td>17\u00b0<\/td><\/tr><tr><td>Relaci\u00f3n F\/B<\/td><td>\u226523dB<\/td><\/tr><tr><td>Impedancia<\/td><td>50 ohmios<\/td><\/tr><tr><td>M\u00e1x. Potencia de entrada<\/td><td>100W<\/td><\/tr><tr><td>Protecci\u00f3n contra el rayo<\/td><td>DC Tierra<\/td><\/tr><tr><td><strong>Especificaciones mec\u00e1nicas<\/strong><\/td><td>&nbsp;<\/td><\/tr><tr><td>Conector<\/td><td>2\u00d7N Hembra<\/td><\/tr><tr><td>Dimensi\u00f3n<\/td><td>305\u00d7305\u00d725mm<\/td><\/tr><tr><td>Peso<\/td><td>0,7 kg<\/td><\/tr><tr><td>Montaje<\/td><td>M\u00e1stil \u00d840-\u00d860 mm<\/td><\/tr><tr><td>Material del radomo<\/td><td>ABS<\/td><\/tr><tr><td>Velocidad del viento<\/td><td>210 km\/h<\/td><\/tr><tr><td>Temperatura de funcionamiento<\/td><td>-40\u2103 - +65\u2103<\/td><\/tr><\/tbody><\/table><\/figure>","protected":false},"author":1,"featured_media":5116,"menu_order":0,"template":"","meta":{"_acf_changed":true},"product_cat":[128,334,241],"product_tag":[],"class_list":["post-2246","product","type-product","status-publish","has-post-thumbnail","hentry","product_cat-mimo-panel-antennas","product_cat-5-ghz-antennas","product_cat-flat-panel-wifi-antennas"],"acf":{"_sku":"TPC-5158-19D","product-image":[5116],"_price":"35","pdsms":null,"excerpt":"<ul>\r\n<li>Funciona en la banda de frecuencias 5150-5850MHz<\/li>\r\n<li>Alta ganancia True 19dBi<\/li>\r\n<li>Doble polarizaci\u00f3n V\/H<\/li>\r\n<li>Antena direccional para aplicaciones punto a punto en exteriores<\/li>\r\n<li>Montaje en poste para instalaci\u00f3n en exteriores<\/li>\r\n<li>Carcasa de la antena en ABS con protecci\u00f3n UV para protegerla de la intemperie<\/li>\r\n<li>Dimensiones: 305\u00d7305\u00d725mm<\/li>\r\n<li>Conector 2\u00d7N hembra<\/li>\r\n<li>IP55 resistente a la lluvia y al polvo<\/li>\r\n<\/ul>","faqs":""},"_links":{"self":[{"href":"https:\/\/www.tesswave.com\/es\/wp-json\/wp\/v2\/product\/2246","targetHints":{"allow":["GET"]}}],"collection":[{"href":"https:\/\/www.tesswave.com\/es\/wp-json\/wp\/v2\/product"}],"about":[{"href":"https:\/\/www.tesswave.com\/es\/wp-json\/wp\/v2\/types\/product"}],"author":[{"embeddable":true,"href":"https:\/\/www.tesswave.com\/es\/wp-json\/wp\/v2\/users\/1"}],"acf:attachment":[{"embeddable":true,"href":"https:\/\/www.tesswave.com\/es\/wp-json\/wp\/v2\/media\/5116"}],"wp:featuredmedia":[{"embeddable":true,"href":"https:\/\/www.tesswave.com\/es\/wp-json\/wp\/v2\/media\/5116"}],"wp:attachment":[{"href":"https:\/\/www.tesswave.com\/es\/wp-json\/wp\/v2\/media?parent=2246"}],"wp:term":[{"taxonomy":"product_cat","embeddable":true,"href":"https:\/\/www.tesswave.com\/es\/wp-json\/wp\/v2\/product_cat?post=2246"},{"taxonomy":"product_tag","embeddable":true,"href":"https:\/\/www.tesswave.com\/es\/wp-json\/wp\/v2\/product_tag?post=2246"}],"curies":[{"name":"wp","href":"https:\/\/api.w.org\/{rel}","templated":true}]}}