{"id":2275,"date":"2022-05-24T16:58:42","date_gmt":"2022-05-24T08:58:42","guid":{"rendered":"https:\/\/www.tesswave.com\/?post_type=product&#038;p=2275"},"modified":"2025-06-19T19:38:25","modified_gmt":"2025-06-19T11:38:25","slug":"2-4-ghz-18dbi-directional-panel-antenna","status":"publish","type":"product","link":"https:\/\/www.tesswave.com\/es\/product\/2-4-ghz-18dbi-directional-panel-antenna\/","title":{"rendered":"2.4GHz 18dBi Antena de panel WiFi direccional de alta ganancia para exteriores"},"content":{"rendered":"<figure class=\"wp-block-table is-style-regular\"><table class=\"has-fixed-layout\"><tbody><tr><td><strong>Especificaciones el\u00e9ctricas<\/strong><\/td><td>&nbsp;<\/td><\/tr><tr><td>Frecuencia<\/td><td>2400-2500 MHz<\/td><\/tr><tr><td>Gane<\/td><td>18 dBi<\/td><\/tr><tr><td>VSWR<\/td><td>&lt;1.5<\/td><\/tr><tr><td>Polarizaci\u00f3n<\/td><td>Vertical<\/td><\/tr><tr><td>Anchura del haz horizontal<\/td><td>20\u00b0<\/td><\/tr><tr><td>Anchura del haz vertical<\/td><td>20\u00b0<\/td><\/tr><tr><td>Relaci\u00f3n F\/B<\/td><td>\u226520dB<\/td><\/tr><tr><td>Impedancia<\/td><td>50 ohmios<\/td><\/tr><tr><td>M\u00e1x. Potencia de entrada<\/td><td>100W<\/td><\/tr><tr><td>Protecci\u00f3n contra el rayo<\/td><td>DC Tierra<\/td><\/tr><tr><td><strong>Especificaciones mec\u00e1nicas<\/strong><\/td><td>&nbsp;<\/td><\/tr><tr><td>Conector<\/td><td>N Mujer<\/td><\/tr><tr><td>Dimensi\u00f3n<\/td><td>305\u00d7305\u00d725mm<\/td><\/tr><tr><td>Peso<\/td><td>0,7 kg<\/td><\/tr><tr><td>Montaje<\/td><td>M\u00e1stil \u00d840-\u00d860 mm<\/td><\/tr><tr><td>Material del radomo<\/td><td>ABS<\/td><\/tr><tr><td>Velocidad del viento<\/td><td>210 km\/h<\/td><\/tr><tr><td>Temperatura de funcionamiento<\/td><td>-40\u2103 - +65\u2103<\/td><\/tr><\/tbody><\/table><\/figure>","protected":false},"author":1,"featured_media":5097,"menu_order":0,"template":"","meta":{"_acf_changed":true},"product_cat":[241,332],"product_tag":[],"class_list":["post-2275","product","type-product","status-publish","has-post-thumbnail","hentry","product_cat-flat-panel-wifi-antennas","product_cat-2-4-ghz-antennas"],"acf":{"_sku":"TPC-2400-18E","product-image":[5097],"_price":"29","pdsms":null,"excerpt":"<ul>\r\n<li>Funciona en la banda de frecuencias 2400-2500MHz<\/li>\r\n<li>Alta ganancia True 18dBi<\/li>\r\n<li>Ancho de haz estrecho de 20 grados para punto a punto<\/li>\r\n<li>Instalaci\u00f3n exterior en poste<\/li>\r\n<li>Robusta carcasa de antena de ABS resistente a la intemperie<\/li>\r\n<li>Dimensiones: 305\u00d7305\u00d725 mm<\/li>\r\n<li>N Conector hembra<\/li>\r\n<li>IP55 resistente a la lluvia y al polvo<\/li>\r\n<\/ul>","faqs":""},"_links":{"self":[{"href":"https:\/\/www.tesswave.com\/es\/wp-json\/wp\/v2\/product\/2275","targetHints":{"allow":["GET"]}}],"collection":[{"href":"https:\/\/www.tesswave.com\/es\/wp-json\/wp\/v2\/product"}],"about":[{"href":"https:\/\/www.tesswave.com\/es\/wp-json\/wp\/v2\/types\/product"}],"author":[{"embeddable":true,"href":"https:\/\/www.tesswave.com\/es\/wp-json\/wp\/v2\/users\/1"}],"acf:attachment":[{"embeddable":true,"href":"https:\/\/www.tesswave.com\/es\/wp-json\/wp\/v2\/media\/5097"}],"wp:featuredmedia":[{"embeddable":true,"href":"https:\/\/www.tesswave.com\/es\/wp-json\/wp\/v2\/media\/5097"}],"wp:attachment":[{"href":"https:\/\/www.tesswave.com\/es\/wp-json\/wp\/v2\/media?parent=2275"}],"wp:term":[{"taxonomy":"product_cat","embeddable":true,"href":"https:\/\/www.tesswave.com\/es\/wp-json\/wp\/v2\/product_cat?post=2275"},{"taxonomy":"product_tag","embeddable":true,"href":"https:\/\/www.tesswave.com\/es\/wp-json\/wp\/v2\/product_tag?post=2275"}],"curies":[{"name":"wp","href":"https:\/\/api.w.org\/{rel}","templated":true}]}}