{"id":2293,"date":"2022-05-25T11:43:02","date_gmt":"2022-05-25T03:43:02","guid":{"rendered":"https:\/\/www.tesswave.com\/?post_type=product&#038;p=2293"},"modified":"2025-06-19T19:35:06","modified_gmt":"2025-06-19T11:35:06","slug":"2-4-5-ghz-15dbi-mimo-panel-antenna","status":"publish","type":"product","link":"https:\/\/www.tesswave.com\/es\/product\/2-4-5-ghz-15dbi-mimo-panel-antenna\/","title":{"rendered":"2.4\/5GHz 15dBi Direccional Doble Banda 4\u00d74 MIMO Panel Antena"},"content":{"rendered":"<figure class=\"wp-block-table is-style-regular\"><table class=\"has-fixed-layout\"><tbody><tr><td><strong>Especificaciones el\u00e9ctricas<\/strong><\/td><td>&nbsp;<\/td><td>&nbsp;<\/td><\/tr><tr><td>Frecuencia-MHz<\/td><td>2400-2500<\/td><td>4900-5850<\/td><\/tr><tr><td>Ganancia-dBi<\/td><td>12.5<\/td><td>14.5<\/td><\/tr><tr><td>VSWR<\/td><td>&lt;2<\/td><td>&nbsp;<\/td><\/tr><tr><td>Polarizaci\u00f3n<\/td><td>2\u00d7Horizontal y 2\u00d7Vertical<\/td><td>&nbsp;<\/td><\/tr><tr><td>Anchura del haz horizontal<\/td><td>40\u00b0<\/td><td>30\u00b0<\/td><\/tr><tr><td>Anchura del haz vertical<\/td><td>40\u00b0<\/td><td>28\u00b0<\/td><\/tr><tr><td>Relaci\u00f3n F\/B<\/td><td>\u226520dB<\/td><td>&nbsp;<\/td><\/tr><tr><td>Aislamiento<\/td><td>\u226528dB<\/td><td>&nbsp;<\/td><\/tr><tr><td>Impedancia<\/td><td>50 ohmios<\/td><td>&nbsp;<\/td><\/tr><tr><td>M\u00e1x. Potencia de entrada<\/td><td>100W<\/td><td>&nbsp;<\/td><\/tr><tr><td>Protecci\u00f3n contra el rayo<\/td><td>DC Tierra<\/td><td>&nbsp;<\/td><\/tr><tr><td><strong>Especificaciones mec\u00e1nicas<\/strong><\/td><td>&nbsp;<\/td><td>&nbsp;<\/td><\/tr><tr><td>Conector<\/td><td>4\u00d7N Hembra<\/td><td>&nbsp;<\/td><\/tr><tr><td>Dimensi\u00f3n<\/td><td>305\u00d7305\u00d725mm<\/td><td>&nbsp;<\/td><\/tr><tr><td>Peso<\/td><td>0,7 kg<\/td><td>&nbsp;<\/td><\/tr><tr><td>Montaje<\/td><td>M\u00e1stil \u00d840-\u00d860 mm<\/td><td>&nbsp;<\/td><\/tr><tr><td>Material del radomo<\/td><td>ABS<\/td><td>&nbsp;<\/td><\/tr><tr><td>Velocidad del viento<\/td><td>210 km\/h<\/td><td>&nbsp;<\/td><\/tr><tr><td>Temperatura de funcionamiento<\/td><td>-40\u2103 - +65\u2103<\/td><td>&nbsp;<\/td><\/tr><\/tbody><\/table><\/figure>","protected":false},"author":1,"featured_media":4822,"menu_order":0,"template":"","meta":{"_acf_changed":true},"product_cat":[128,335,327,241],"product_tag":[],"class_list":["post-2293","product","type-product","status-publish","has-post-thumbnail","hentry","product_cat-mimo-panel-antennas","product_cat-2-4-5-ghz-antennas","product_cat-dual-band-wifi-antennas","product_cat-flat-panel-wifi-antennas"],"acf":{"_sku":"TPC-2458-15BD","product-image":[4822],"_price":"29","pdsms":null,"excerpt":"<ul>\r\n<li>Funciona en la banda de doble frecuencia 2400-2500\/4900-5850MHz<\/li>\r\n<li>Ganancia real 12.5dbi@2.4GHz, 14,5dBi@5GHz<\/li>\r\n<li>Antena direccional para aplicaciones punto a punto en exteriores<\/li>\r\n<li>Montaje en poste para instalaci\u00f3n en exteriores<\/li>\r\n<li>Carcasa de la antena en ABS con protecci\u00f3n UV para protegerla de la intemperie<\/li>\r\n<li>Dimensiones: 305\u00d7305\u00d725mm<\/li>\r\n<li>Conector 4\u00d7N hembra<\/li>\r\n<li>IP55 resistente a la lluvia y al polvo<\/li>\r\n<\/ul>","faqs":""},"_links":{"self":[{"href":"https:\/\/www.tesswave.com\/es\/wp-json\/wp\/v2\/product\/2293","targetHints":{"allow":["GET"]}}],"collection":[{"href":"https:\/\/www.tesswave.com\/es\/wp-json\/wp\/v2\/product"}],"about":[{"href":"https:\/\/www.tesswave.com\/es\/wp-json\/wp\/v2\/types\/product"}],"author":[{"embeddable":true,"href":"https:\/\/www.tesswave.com\/es\/wp-json\/wp\/v2\/users\/1"}],"acf:attachment":[{"embeddable":true,"href":"https:\/\/www.tesswave.com\/es\/wp-json\/wp\/v2\/media\/4822"}],"wp:featuredmedia":[{"embeddable":true,"href":"https:\/\/www.tesswave.com\/es\/wp-json\/wp\/v2\/media\/4822"}],"wp:attachment":[{"href":"https:\/\/www.tesswave.com\/es\/wp-json\/wp\/v2\/media?parent=2293"}],"wp:term":[{"taxonomy":"product_cat","embeddable":true,"href":"https:\/\/www.tesswave.com\/es\/wp-json\/wp\/v2\/product_cat?post=2293"},{"taxonomy":"product_tag","embeddable":true,"href":"https:\/\/www.tesswave.com\/es\/wp-json\/wp\/v2\/product_tag?post=2293"}],"curies":[{"name":"wp","href":"https:\/\/api.w.org\/{rel}","templated":true}]}}