{"id":2300,"date":"2022-05-25T11:48:08","date_gmt":"2022-05-25T03:48:08","guid":{"rendered":"https:\/\/www.tesswave.com\/?post_type=product&#038;p=2300"},"modified":"2025-06-19T19:34:31","modified_gmt":"2025-06-19T11:34:31","slug":"2-4-5-ghz-8dbi-4-port-mimo-panel-antenna","status":"publish","type":"product","link":"https:\/\/www.tesswave.com\/es\/product\/2-4-5-ghz-8dbi-4-port-mimo-panel-antenna\/","title":{"rendered":"2,4\/5GHz 8dBi Antena de panel MIMO direccional de doble banda y 4 puertos para exteriores"},"content":{"rendered":"<figure class=\"wp-block-table\"><table><tbody><tr><td><strong>Especificaciones el\u00e9ctricas<\/strong><\/td><td colspan=\"2\"><\/td><\/tr><tr><td>Frecuencia-MHz<\/td><td>2400-2500<\/td><td>4900-5850<\/td><\/tr><tr><td>Ganancia-dBi<\/td><td>7.5<\/td><td>8<\/td><\/tr><tr><td>VSWR<\/td><td colspan=\"2\">&lt;2<\/td><\/tr><tr><td>Polarizaci\u00f3n<\/td><td colspan=\"2\">2\u00d7Horizontal y 2\u00d7Vertical<\/td><\/tr><tr><td>Anchura del haz horizontal<\/td><td>70\u00b0<\/td><td>65\u00b0<\/td><\/tr><tr><td>Anchura del haz vertical<\/td><td>65\u00b0<\/td><td>62\u00b0<\/td><\/tr><tr><td>Relaci\u00f3n F\/B<\/td><td colspan=\"2\">\u226515dB<\/td><\/tr><tr><td>Aislamiento<\/td><td colspan=\"2\">\u226515dB<\/td><\/tr><tr><td>Impedancia<\/td><td colspan=\"2\">50 ohmios<\/td><\/tr><tr><td>M\u00e1x. Potencia de entrada<\/td><td colspan=\"2\">100W<\/td><\/tr><tr><td>Protecci\u00f3n contra el rayo<\/td><td colspan=\"2\">DC Tierra<\/td><\/tr><tr><td><strong>Especificaciones mec\u00e1nicas<\/strong><\/td><td colspan=\"2\">&nbsp;<\/td><\/tr><tr><td>Conector<\/td><td colspan=\"2\">4\u00d7RP-SMA Macho<\/td><\/tr><tr><td>Dimensi\u00f3n<\/td><td colspan=\"2\">140\u00d7120\u00d740mm<\/td><\/tr><tr><td>Peso<\/td><td colspan=\"2\">0,3 kg<\/td><\/tr><tr><td>Montaje<\/td><td colspan=\"2\">M\u00e1stil \u00d840-\u00d860 mm<\/td><\/tr><tr><td>Material del radomo<\/td><td colspan=\"2\">ABS<\/td><\/tr><tr><td>Velocidad del viento<\/td><td colspan=\"2\">210 km\/h<\/td><\/tr><tr><td>Temperatura de funcionamiento<\/td><td colspan=\"2\">-40\u2103 - +65\u2103<\/td><\/tr><\/tbody><\/table><\/figure>","protected":false},"author":1,"featured_media":4797,"menu_order":0,"template":"","meta":{"_acf_changed":true},"product_cat":[128,335,327,241],"product_tag":[],"class_list":["post-2300","product","type-product","status-publish","has-post-thumbnail","hentry","product_cat-mimo-panel-antennas","product_cat-2-4-5-ghz-antennas","product_cat-dual-band-wifi-antennas","product_cat-flat-panel-wifi-antennas"],"acf":{"_sku":"TPC-2458-8BD","product-image":[4797],"_price":"19","pdsms":null,"excerpt":"<ul>\r\n<li>Funciona en la banda de doble frecuencia 2400-2500\/5150-5850MHz<\/li>\r\n<li>Alta ganancia True 8dBi<\/li>\r\n<li>Antena direccional para aplicaciones punto a punto en exteriores<\/li>\r\n<li>Montaje en poste para instalaci\u00f3n en exteriores<\/li>\r\n<li>Carcasa de la antena en ABS con protecci\u00f3n UV para protegerla de la intemperie<\/li>\r\n<li>Dimensiones: 140\u00d7120\u00d740mm<\/li>\r\n<li>Conector 4\u00d7N hembra<\/li>\r\n<li>IP55 resistente a la lluvia y al polvo<\/li>\r\n<\/ul>","faqs":""},"_links":{"self":[{"href":"https:\/\/www.tesswave.com\/es\/wp-json\/wp\/v2\/product\/2300","targetHints":{"allow":["GET"]}}],"collection":[{"href":"https:\/\/www.tesswave.com\/es\/wp-json\/wp\/v2\/product"}],"about":[{"href":"https:\/\/www.tesswave.com\/es\/wp-json\/wp\/v2\/types\/product"}],"author":[{"embeddable":true,"href":"https:\/\/www.tesswave.com\/es\/wp-json\/wp\/v2\/users\/1"}],"acf:attachment":[{"embeddable":true,"href":"https:\/\/www.tesswave.com\/es\/wp-json\/wp\/v2\/media\/4797"}],"wp:featuredmedia":[{"embeddable":true,"href":"https:\/\/www.tesswave.com\/es\/wp-json\/wp\/v2\/media\/4797"}],"wp:attachment":[{"href":"https:\/\/www.tesswave.com\/es\/wp-json\/wp\/v2\/media?parent=2300"}],"wp:term":[{"taxonomy":"product_cat","embeddable":true,"href":"https:\/\/www.tesswave.com\/es\/wp-json\/wp\/v2\/product_cat?post=2300"},{"taxonomy":"product_tag","embeddable":true,"href":"https:\/\/www.tesswave.com\/es\/wp-json\/wp\/v2\/product_tag?post=2300"}],"curies":[{"name":"wp","href":"https:\/\/api.w.org\/{rel}","templated":true}]}}