{"id":2303,"date":"2022-05-25T11:55:22","date_gmt":"2022-05-25T03:55:22","guid":{"rendered":"https:\/\/www.tesswave.com\/?post_type=product&#038;p=2303"},"modified":"2025-06-19T19:34:11","modified_gmt":"2025-06-19T11:34:11","slug":"2-4-5-ghz-16dbi-dual-band-mimo-panel-antenna","status":"publish","type":"product","link":"https:\/\/www.tesswave.com\/es\/product\/2-4-5-ghz-16dbi-dual-band-mimo-panel-antenna\/","title":{"rendered":"2.4\/5GHz 16dBi High Gain Outdoor Dualband Dual Polarized MIMO Panel Antenna"},"content":{"rendered":"<figure class=\"wp-block-table is-style-regular\"><table class=\"has-fixed-layout\"><tbody><tr><td><strong>Especificaciones el\u00e9ctricas<\/strong><\/td><td>&nbsp;<\/td><td>&nbsp;<\/td><\/tr><tr><td>Frecuencia-MHz<\/td><td>2400-2500<\/td><td>4900-5850<\/td><\/tr><tr><td>Ganancia-dBi<\/td><td>13<\/td><td>16<\/td><\/tr><tr><td>VSWR<\/td><td>&lt;2<\/td><td>&nbsp;<\/td><\/tr><tr><td>Polarizaci\u00f3n<\/td><td>Horizontal y vertical<\/td><td>&nbsp;<\/td><\/tr><tr><td>Anchura del haz horizontal<\/td><td>40\u00b0<\/td><td>20\u00b0<\/td><\/tr><tr><td>Anchura del haz vertical<\/td><td>40\u00b0<\/td><td>21\u00b0<\/td><\/tr><tr><td>Relaci\u00f3n F\/B<\/td><td>\u226525dB<\/td><td>&nbsp;<\/td><\/tr><tr><td>Aislamiento<\/td><td>\u226528dB<\/td><td>&nbsp;<\/td><\/tr><tr><td>Impedancia<\/td><td>50 ohmios<\/td><td>&nbsp;<\/td><\/tr><tr><td>M\u00e1x. Potencia de entrada<\/td><td>100W<\/td><td>&nbsp;<\/td><\/tr><tr><td>Protecci\u00f3n contra el rayo<\/td><td>DC Tierra<\/td><td>&nbsp;<\/td><\/tr><tr><td><strong>Especificaciones mec\u00e1nicas<\/strong><\/td><td>&nbsp;<\/td><td>&nbsp;<\/td><\/tr><tr><td>Conector<\/td><td>2\u00d7N Hembra<\/td><td>&nbsp;<\/td><\/tr><tr><td>Dimensi\u00f3n<\/td><td>305\u00d7305\u00d725 mm<\/td><td>&nbsp;<\/td><\/tr><tr><td>Peso<\/td><td>1 kg<\/td><td>&nbsp;<\/td><\/tr><tr><td>Montaje<\/td><td>M\u00e1stil \u00d840-\u00d860 mm<\/td><td>&nbsp;<\/td><\/tr><tr><td>Material del radomo<\/td><td>ABS<\/td><td>&nbsp;<\/td><\/tr><tr><td>Velocidad del viento<\/td><td>210 km\/h<\/td><td>&nbsp;<\/td><\/tr><tr><td>Temperatura de funcionamiento<\/td><td>-40\u2103 - +65\u2103<\/td><td>&nbsp;<\/td><\/tr><\/tbody><\/table><\/figure>","protected":false},"author":1,"featured_media":5095,"menu_order":0,"template":"","meta":{"_acf_changed":true},"product_cat":[128,335,327,241],"product_tag":[],"class_list":["post-2303","product","type-product","status-publish","has-post-thumbnail","hentry","product_cat-mimo-panel-antennas","product_cat-2-4-5-ghz-antennas","product_cat-dual-band-wifi-antennas","product_cat-flat-panel-wifi-antennas"],"acf":{"_sku":"TPC-2458-16D","product-image":[5095],"_price":"29","pdsms":null,"excerpt":"<ul>\r\n<li>Funciona en la banda de doble frecuencia 2400-2500\/5150-5850MHz<\/li>\r\n<li>True 13\/16dBi de alta ganancia<\/li>\r\n<li>Antena direccional para aplicaciones punto a punto en exteriores<\/li>\r\n<li>Montaje en poste para instalaci\u00f3n en exteriores<\/li>\r\n<li>Carcasa de la antena en ABS con protecci\u00f3n UV para protegerla de la intemperie<\/li>\r\n<li>Dimensiones: 305\u00d7305\u00d725mm<\/li>\r\n<li>2*N Conector hembra<\/li>\r\n<li>IP55 resistente a la lluvia y al polvo<\/li>\r\n<\/ul>","faqs":""},"_links":{"self":[{"href":"https:\/\/www.tesswave.com\/es\/wp-json\/wp\/v2\/product\/2303","targetHints":{"allow":["GET"]}}],"collection":[{"href":"https:\/\/www.tesswave.com\/es\/wp-json\/wp\/v2\/product"}],"about":[{"href":"https:\/\/www.tesswave.com\/es\/wp-json\/wp\/v2\/types\/product"}],"author":[{"embeddable":true,"href":"https:\/\/www.tesswave.com\/es\/wp-json\/wp\/v2\/users\/1"}],"acf:attachment":[{"embeddable":true,"href":"https:\/\/www.tesswave.com\/es\/wp-json\/wp\/v2\/media\/5095"}],"wp:featuredmedia":[{"embeddable":true,"href":"https:\/\/www.tesswave.com\/es\/wp-json\/wp\/v2\/media\/5095"}],"wp:attachment":[{"href":"https:\/\/www.tesswave.com\/es\/wp-json\/wp\/v2\/media?parent=2303"}],"wp:term":[{"taxonomy":"product_cat","embeddable":true,"href":"https:\/\/www.tesswave.com\/es\/wp-json\/wp\/v2\/product_cat?post=2303"},{"taxonomy":"product_tag","embeddable":true,"href":"https:\/\/www.tesswave.com\/es\/wp-json\/wp\/v2\/product_tag?post=2303"}],"curies":[{"name":"wp","href":"https:\/\/api.w.org\/{rel}","templated":true}]}}