{"id":2306,"date":"2022-05-25T11:58:12","date_gmt":"2022-05-25T03:58:12","guid":{"rendered":"https:\/\/www.tesswave.com\/?post_type=product&#038;p=2306"},"modified":"2025-06-19T19:33:42","modified_gmt":"2025-06-19T11:33:42","slug":"2-4-5-ghz-20dbi-dual-band-panel-wifi-antenna","status":"publish","type":"product","link":"https:\/\/www.tesswave.com\/es\/product\/2-4-5-ghz-20dbi-dual-band-panel-wifi-antenna\/","title":{"rendered":"2.4\/5GHz 20dBi Antena WiFi Direccional de Doble Banda de Alta Ganancia para Exteriores"},"content":{"rendered":"<figure class=\"wp-block-table is-style-regular\"><table class=\"has-fixed-layout\"><tbody><tr><td><strong>Especificaciones el\u00e9ctricas<\/strong><\/td><td><\/td><\/tr><tr><td>Frecuencia-MHz<\/td><td>2400-2500\/5150-5850<\/td><\/tr><tr><td>Ganancia-dBi<\/td><td>16\/20<\/td><\/tr><tr><td>VSWR<\/td><td>&lt;2<\/td><\/tr><tr><td>Polarizaci\u00f3n<\/td><td>Vertical<\/td><\/tr><tr><td>Anchura del haz horizontal<\/td><td>22\u00b0\/11\u00b0<\/td><\/tr><tr><td>Anchura del haz vertical<\/td><td>22\u00b0\/11\u00b0<\/td><\/tr><tr><td>Relaci\u00f3n F\/B-dB<\/td><td>\u226520<\/td><\/tr><tr><td>Impedancia-ohmios<\/td><td>50 <\/td><\/tr><tr><td>M\u00e1x. Potencia de entrada-P<\/td><td>100<\/td><\/tr><tr><td>Protecci\u00f3n contra el rayo<\/td><td>DC Tierra<\/td><\/tr><tr><td><strong>Especificaciones mec\u00e1nicas<\/strong><\/td><td>&nbsp;<\/td><\/tr><tr><td>Conector<\/td><td>N Mujer<\/td><\/tr><tr><td>Dimensi\u00f3n-mm<\/td><td>305\u00d7305\u00d725<\/td><\/tr><tr><td>Peso-kg<\/td><td>1.2<\/td><\/tr><tr><td>Montaje-mm<\/td><td>M\u00e1stil \u00d840-\u00d860 <\/td><\/tr><tr><td>Material del radomo<\/td><td>ABS<\/td><\/tr><tr><td>Velocidad del viento<\/td><td>210 km\/h<\/td><\/tr><tr><td>Temperatura de funcionamiento<\/td><td>-40\u2103 - +65\u2103<\/td><\/tr><\/tbody><\/table><\/figure>","protected":false},"author":1,"featured_media":5092,"menu_order":0,"template":"","meta":{"_acf_changed":true},"product_cat":[241,335,327],"product_tag":[],"class_list":["post-2306","product","type-product","status-publish","has-post-thumbnail","hentry","product_cat-flat-panel-wifi-antennas","product_cat-2-4-5-ghz-antennas","product_cat-dual-band-wifi-antennas"],"acf":{"_sku":"TPC-2458-20E","product-image":[5092],"_price":"35","pdsms":null,"excerpt":"<ul>\r\n<li>Funciona en la banda de doble frecuencia 2400-2500\/5150-5850MHz<\/li>\r\n<li>Antena direccional para aplicaciones punto a punto en exteriores<\/li>\r\n<li>Montaje en poste para instalaci\u00f3n en exteriores<\/li>\r\n<li>Carcasa de la antena en ABS con protecci\u00f3n UV para protegerla de la intemperie<\/li>\r\n<li>IP55 resistente a la lluvia y al polvo<\/li>\r\n<\/ul>","faqs":""},"_links":{"self":[{"href":"https:\/\/www.tesswave.com\/es\/wp-json\/wp\/v2\/product\/2306","targetHints":{"allow":["GET"]}}],"collection":[{"href":"https:\/\/www.tesswave.com\/es\/wp-json\/wp\/v2\/product"}],"about":[{"href":"https:\/\/www.tesswave.com\/es\/wp-json\/wp\/v2\/types\/product"}],"author":[{"embeddable":true,"href":"https:\/\/www.tesswave.com\/es\/wp-json\/wp\/v2\/users\/1"}],"acf:attachment":[{"embeddable":true,"href":"https:\/\/www.tesswave.com\/es\/wp-json\/wp\/v2\/media\/5092"}],"wp:featuredmedia":[{"embeddable":true,"href":"https:\/\/www.tesswave.com\/es\/wp-json\/wp\/v2\/media\/5092"}],"wp:attachment":[{"href":"https:\/\/www.tesswave.com\/es\/wp-json\/wp\/v2\/media?parent=2306"}],"wp:term":[{"taxonomy":"product_cat","embeddable":true,"href":"https:\/\/www.tesswave.com\/es\/wp-json\/wp\/v2\/product_cat?post=2306"},{"taxonomy":"product_tag","embeddable":true,"href":"https:\/\/www.tesswave.com\/es\/wp-json\/wp\/v2\/product_tag?post=2306"}],"curies":[{"name":"wp","href":"https:\/\/api.w.org\/{rel}","templated":true}]}}