{"id":2332,"date":"2022-05-27T15:37:23","date_gmt":"2022-05-27T07:37:23","guid":{"rendered":"https:\/\/www.tesswave.com\/?post_type=product&#038;p=2332"},"modified":"2025-06-19T19:28:26","modified_gmt":"2025-06-19T11:28:26","slug":"915mhz-13dbi-2x2-mimo-sector-antenna","status":"publish","type":"product","link":"https:\/\/www.tesswave.com\/es\/product\/915mhz-13dbi-2x2-mimo-sector-antenna\/","title":{"rendered":"915MHz 13dBi Antena sectorial MIMO 2\u00d72 de 120\u00b0 y doble polaridad"},"content":{"rendered":"<figure class=\"wp-block-table is-style-regular\"><table class=\"has-fixed-layout\"><tbody><tr><td><strong>Especificaciones el\u00e9ctricas<\/strong><\/td><td>&nbsp;<\/td><\/tr><tr><td>Frecuencia-<\/td><td>902-928 MHz<\/td><\/tr><tr><td>Gane<\/td><td>13 dBi<\/td><\/tr><tr><td>VSWR<\/td><td>&lt;1.5<\/td><\/tr><tr><td>Polarizaci\u00f3n<\/td><td>\u00b145\u00b0<\/td><\/tr><tr><td>Anchura del haz horizontal<\/td><td>120\u00b0<\/td><\/tr><tr><td>Anchura del haz vertical<\/td><td>16\u00b0<\/td><\/tr><tr><td>Relaci\u00f3n F\/B<\/td><td>\u226523dB<\/td><\/tr><tr><td>Aislamiento<\/td><td>\u226528dB<\/td><\/tr><tr><td>Impedancia<\/td><td>50 ohmios<\/td><\/tr><tr><td>M\u00e1x. Potencia de entrada<\/td><td>100W<\/td><\/tr><tr><td>Protecci\u00f3n contra el rayo<\/td><td>DC Tierra<\/td><\/tr><tr><td><strong>Especificaciones mec\u00e1nicas<\/strong><\/td><td>&nbsp;<\/td><\/tr><tr><td>Conector<\/td><td>2\u00d7N Hembra<\/td><\/tr><tr><td>Dimensi\u00f3n<\/td><td>1200\u00d7290\u00d7130mm<\/td><\/tr><tr><td>Peso<\/td><td>3kg<\/td><\/tr><tr><td>Montaje<\/td><td>M\u00e1stil \u00d840-\u00d860 mm<\/td><\/tr><tr><td>Material del radomo<\/td><td>PVC resistente a los rayos UV<\/td><\/tr><tr><td>Velocidad del viento<\/td><td>210 km\/h<\/td><\/tr><tr><td>Temperatura de funcionamiento<\/td><td>-40\u2103 - +65\u2103<\/td><\/tr><\/tbody><\/table><\/figure>","protected":false},"author":1,"featured_media":5044,"menu_order":0,"template":"","meta":{"_acf_changed":true},"product_cat":[131,330],"product_tag":[],"class_list":["post-2332","product","type-product","status-publish","has-post-thumbnail","hentry","product_cat-mimo-sector-antennas","product_cat-800-900-mhz-antennas"],"acf":{"_sku":"TSC-90930-13X120","product-image":[5044],"_price":"69","pdsms":null,"excerpt":"<ul>\r\n<li>Funciona en la banda de frecuencias ISM 902-928MHz<\/li>\r\n<li>Apto para aplicaciones LoRa, RFID, ISM, Helium, etc.<\/li>\r\n<li>Ganancia real 13dBi para cada radiador<\/li>\r\n<li>Ancho de haz horizontal de 120 grados 3dB<\/li>\r\n<li>Polarizaci\u00f3n dual \u00b145<\/li>\r\n<li>Soportes de montaje resistentes<\/li>\r\n<li>Robusta carcasa de antena de PVC con protecci\u00f3n UV<\/li>\r\n<li>Dimensiones: 1200\u00d7290\u00d7130mm<\/li>\r\n<li>Conector 2\u00d7N hembra<\/li>\r\n<\/ul>","faqs":""},"_links":{"self":[{"href":"https:\/\/www.tesswave.com\/es\/wp-json\/wp\/v2\/product\/2332","targetHints":{"allow":["GET"]}}],"collection":[{"href":"https:\/\/www.tesswave.com\/es\/wp-json\/wp\/v2\/product"}],"about":[{"href":"https:\/\/www.tesswave.com\/es\/wp-json\/wp\/v2\/types\/product"}],"author":[{"embeddable":true,"href":"https:\/\/www.tesswave.com\/es\/wp-json\/wp\/v2\/users\/1"}],"acf:attachment":[{"embeddable":true,"href":"https:\/\/www.tesswave.com\/es\/wp-json\/wp\/v2\/media\/5044"}],"wp:featuredmedia":[{"embeddable":true,"href":"https:\/\/www.tesswave.com\/es\/wp-json\/wp\/v2\/media\/5044"}],"wp:attachment":[{"href":"https:\/\/www.tesswave.com\/es\/wp-json\/wp\/v2\/media?parent=2332"}],"wp:term":[{"taxonomy":"product_cat","embeddable":true,"href":"https:\/\/www.tesswave.com\/es\/wp-json\/wp\/v2\/product_cat?post=2332"},{"taxonomy":"product_tag","embeddable":true,"href":"https:\/\/www.tesswave.com\/es\/wp-json\/wp\/v2\/product_tag?post=2332"}],"curies":[{"name":"wp","href":"https:\/\/api.w.org\/{rel}","templated":true}]}}