{"id":2338,"date":"2022-05-27T15:41:33","date_gmt":"2022-05-27T07:41:33","guid":{"rendered":"https:\/\/www.tesswave.com\/?post_type=product&#038;p=2338"},"modified":"2025-06-19T19:21:34","modified_gmt":"2025-06-19T11:21:34","slug":"800-900-mhz-13dbi-mimo-sector-antenna","status":"publish","type":"product","link":"https:\/\/www.tesswave.com\/es\/product\/800-900-mhz-13dbi-mimo-sector-antenna\/","title":{"rendered":"824-960MHz 13dBi 120 Grados Polaridad Cruzada MIMO Antena Sectorial"},"content":{"rendered":"<figure class=\"wp-block-table is-style-regular\"><table class=\"has-fixed-layout\"><tbody><tr><td><strong>Especificaciones el\u00e9ctricas<\/strong><\/td><td>&nbsp;<\/td><\/tr><tr><td>Frecuencia<\/td><td>824-960 MHz<\/td><\/tr><tr><td>Gane<\/td><td>13 dBi<\/td><\/tr><tr><td>VSWR<\/td><td>&lt;1.5<\/td><\/tr><tr><td>Polarizaci\u00f3n<\/td><td>\u00b145\u00b0<\/td><\/tr><tr><td>Anchura del haz horizontal<\/td><td>120\u00b0<\/td><\/tr><tr><td>Anchura del haz vertical<\/td><td>16\u00b0<\/td><\/tr><tr><td>Relaci\u00f3n F\/B<\/td><td>\u226523dB<\/td><\/tr><tr><td>Aislamiento<\/td><td>\u226528dB<\/td><\/tr><tr><td>Impedancia<\/td><td>50 ohmios<\/td><\/tr><tr><td>M\u00e1x. Potencia de entrada<\/td><td>100W<\/td><\/tr><tr><td>Protecci\u00f3n contra el rayo<\/td><td>DC Tierra<\/td><\/tr><tr><td><strong>Especificaciones mec\u00e1nicas<\/strong><\/td><td>&nbsp;<\/td><\/tr><tr><td>Conector<\/td><td>2\u00d7N Hembra<\/td><\/tr><tr><td>Dimensi\u00f3n<\/td><td>1200\u00d7290\u00d7130mm<\/td><\/tr><tr><td>Peso<\/td><td>3kg<\/td><\/tr><tr><td>Montaje<\/td><td>M\u00e1stil \u00d840-\u00d860 mm<\/td><\/tr><tr><td>Material del radomo<\/td><td>PVC resistente a los rayos UV<\/td><\/tr><tr><td>Velocidad del viento<\/td><td>210 km\/h<\/td><\/tr><tr><td>Temperatura de funcionamiento<\/td><td>-40\u2103 - +65\u2103<\/td><\/tr><\/tbody><\/table><\/figure>","protected":false},"author":1,"featured_media":5040,"menu_order":0,"template":"","meta":{"_acf_changed":true},"product_cat":[131,251],"product_tag":[],"class_list":["post-2338","product","type-product","status-publish","has-post-thumbnail","hentry","product_cat-mimo-sector-antennas","product_cat-2g-3g-sector-antennas"],"acf":{"_sku":"TSC-82960-13X120","product-image":[5040],"_price":"69","pdsms":null,"excerpt":"<ul>\r\n<li>Funciona en la banda de frecuencias 824-960MHz<\/li>\r\n<li>Apto para aplicaciones celulares, LoRa, RFID, ISM, Helium, etc.<\/li>\r\n<li>Ganancia real 13dBi para cada radiador<\/li>\r\n<li>Ancho de haz horizontal de 120 grados 3dB<\/li>\r\n<li>Polarizaci\u00f3n dual \u00b145<\/li>\r\n<li>Soportes de montaje resistentes<\/li>\r\n<li>Robusta carcasa de antena de PVC con protecci\u00f3n UV<\/li>\r\n<li>Dimensiones: 1200\u00d7290\u00d7130mm<\/li>\r\n<li>Conector 2\u00d7N hembra<\/li>\r\n<\/ul>","faqs":""},"_links":{"self":[{"href":"https:\/\/www.tesswave.com\/es\/wp-json\/wp\/v2\/product\/2338","targetHints":{"allow":["GET"]}}],"collection":[{"href":"https:\/\/www.tesswave.com\/es\/wp-json\/wp\/v2\/product"}],"about":[{"href":"https:\/\/www.tesswave.com\/es\/wp-json\/wp\/v2\/types\/product"}],"author":[{"embeddable":true,"href":"https:\/\/www.tesswave.com\/es\/wp-json\/wp\/v2\/users\/1"}],"acf:attachment":[{"embeddable":true,"href":"https:\/\/www.tesswave.com\/es\/wp-json\/wp\/v2\/media\/5040"}],"wp:featuredmedia":[{"embeddable":true,"href":"https:\/\/www.tesswave.com\/es\/wp-json\/wp\/v2\/media\/5040"}],"wp:attachment":[{"href":"https:\/\/www.tesswave.com\/es\/wp-json\/wp\/v2\/media?parent=2338"}],"wp:term":[{"taxonomy":"product_cat","embeddable":true,"href":"https:\/\/www.tesswave.com\/es\/wp-json\/wp\/v2\/product_cat?post=2338"},{"taxonomy":"product_tag","embeddable":true,"href":"https:\/\/www.tesswave.com\/es\/wp-json\/wp\/v2\/product_tag?post=2338"}],"curies":[{"name":"wp","href":"https:\/\/api.w.org\/{rel}","templated":true}]}}