{"id":2351,"date":"2022-05-27T17:36:19","date_gmt":"2022-05-27T09:36:19","guid":{"rendered":"https:\/\/www.tesswave.com\/?post_type=product&#038;p=2351"},"modified":"2025-06-19T19:18:17","modified_gmt":"2025-06-19T11:18:17","slug":"5ghz-28dbi-mimo-dish-antenna","status":"publish","type":"product","link":"https:\/\/www.tesswave.com\/es\/product\/5ghz-28dbi-mimo-dish-antenna\/","title":{"rendered":"4.9-5.8GHz 28dBi Antena Parab\u00f3lica Direccional de Alta Ganancia 2\u00d72 MIMO Dish"},"content":{"rendered":"<figure class=\"wp-block-table is-style-regular\"><table class=\"has-fixed-layout\"><tbody><tr><td><strong>Especificaciones el\u00e9ctricas<\/strong><\/td><td>&nbsp;<\/td><\/tr><tr><td>Frecuencia<\/td><td>4900-5850 MHz<\/td><\/tr><tr><td>Gane<\/td><td>28 dBi<\/td><\/tr><tr><td>VSWR<\/td><td>&lt;1.5<\/td><\/tr><tr><td>Polarizaci\u00f3n<\/td><td>Horizontal y vertical<\/td><\/tr><tr><td>Anchura del haz horizontal<\/td><td>5\u00b0<\/td><\/tr><tr><td>Anchura del haz vertical<\/td><td>5\u00b0<\/td><\/tr><tr><td>Relaci\u00f3n F\/B<\/td><td>\u226535dB<\/td><\/tr><tr><td>Aislamiento<\/td><td>\u226524dB<\/td><\/tr><tr><td>Impedancia<\/td><td>50 ohmios<\/td><\/tr><tr><td>M\u00e1x. Potencia de entrada<\/td><td>100W<\/td><\/tr><tr><td>Protecci\u00f3n contra el rayo<\/td><td>DC Tierra<\/td><\/tr><tr><td><strong>Especificaciones mec\u00e1nicas<\/strong><\/td><td>&nbsp;<\/td><\/tr><tr><td>Conector<\/td><td>2xN Hembra<\/td><\/tr><tr><td>Dimensi\u00f3n<\/td><td>\u00d8600mm<\/td><\/tr><tr><td>Peso<\/td><td>5 kg<\/td><\/tr><tr><td>Montaje<\/td><td>M\u00e1stil \u00d840-\u00d860 mm<\/td><\/tr><tr><td>Velocidad del viento<\/td><td>210 km\/h<\/td><\/tr><tr><td>Temperatura de funcionamiento<\/td><td>-40\u2103 - +65\u2103<\/td><\/tr><\/tbody><\/table><\/figure>","protected":false},"author":1,"featured_media":5136,"menu_order":0,"template":"","meta":{"_acf_changed":true},"product_cat":[248,334,246],"product_tag":[],"class_list":["post-2351","product","type-product","status-publish","has-post-thumbnail","hentry","product_cat-mimo-parabolic-antennas","product_cat-5-ghz-antennas","product_cat-parabolic-wifi-antennas"],"acf":{"_sku":"TDC-4958-28D6","product-image":[5136],"_price":"59","pdsms":null,"excerpt":"<ul>\r\n<li>Funciona en la banda de frecuencias 4900-5850MHz para WiFi<\/li>\r\n<li>Ganancia real 28dBi para cada radiador<\/li>\r\n<li>Doble polarizaci\u00f3n V\/H<\/li>\r\n<li>Instalaci\u00f3n exterior en poste<\/li>\r\n<li>Soportes de montaje de alta resistencia<\/li>\r\n<li>Dimensiones: \u03a6600 mm<\/li>\r\n<li>N Conector hembra<\/li>\r\n<\/ul>","faqs":""},"_links":{"self":[{"href":"https:\/\/www.tesswave.com\/es\/wp-json\/wp\/v2\/product\/2351","targetHints":{"allow":["GET"]}}],"collection":[{"href":"https:\/\/www.tesswave.com\/es\/wp-json\/wp\/v2\/product"}],"about":[{"href":"https:\/\/www.tesswave.com\/es\/wp-json\/wp\/v2\/types\/product"}],"author":[{"embeddable":true,"href":"https:\/\/www.tesswave.com\/es\/wp-json\/wp\/v2\/users\/1"}],"acf:attachment":[{"embeddable":true,"href":"https:\/\/www.tesswave.com\/es\/wp-json\/wp\/v2\/media\/5136"}],"wp:featuredmedia":[{"embeddable":true,"href":"https:\/\/www.tesswave.com\/es\/wp-json\/wp\/v2\/media\/5136"}],"wp:attachment":[{"href":"https:\/\/www.tesswave.com\/es\/wp-json\/wp\/v2\/media?parent=2351"}],"wp:term":[{"taxonomy":"product_cat","embeddable":true,"href":"https:\/\/www.tesswave.com\/es\/wp-json\/wp\/v2\/product_cat?post=2351"},{"taxonomy":"product_tag","embeddable":true,"href":"https:\/\/www.tesswave.com\/es\/wp-json\/wp\/v2\/product_tag?post=2351"}],"curies":[{"name":"wp","href":"https:\/\/api.w.org\/{rel}","templated":true}]}}