{"id":2357,"date":"2022-05-27T17:44:09","date_gmt":"2022-05-27T09:44:09","guid":{"rendered":"https:\/\/www.tesswave.com\/?post_type=product&#038;p=2357"},"modified":"2025-06-19T19:17:38","modified_gmt":"2025-06-19T11:17:38","slug":"2-4-ghz-22dbi-mimo-parabolic-antenna","status":"publish","type":"product","link":"https:\/\/www.tesswave.com\/es\/product\/2-4-ghz-22dbi-mimo-parabolic-antenna\/","title":{"rendered":"2.4GHz 22dBi High Gain Outdoor Dual Polarity 2\u00d72 MIMO Parabolic Dish Antenna"},"content":{"rendered":"<figure class=\"wp-block-table is-style-regular\"><table class=\"has-fixed-layout\"><tbody><tr><td><strong>Especificaciones el\u00e9ctricas<\/strong><\/td><td><\/td><\/tr><tr><td>Frecuencia-MHz<\/td><td>2400-2500<\/td><\/tr><tr><td>Ganancia-dBi<\/td><td>22<\/td><\/tr><tr><td>VSWR<\/td><td>&lt;1.5<\/td><\/tr><tr><td>Polarizaci\u00f3n<\/td><td>Horizontal y vertical<\/td><\/tr><tr><td>Anchura del haz horizontal<\/td><td>13\u00b0<\/td><\/tr><tr><td>Anchura del haz vertical<\/td><td>13\u00b0<\/td><\/tr><tr><td>Relaci\u00f3n F\/B-dB<\/td><td>\u226530<\/td><\/tr><tr><td>Impedancia-ohmios<\/td><td>50 <\/td><\/tr><tr><td>M\u00e1x. Potencia de entrada-P<\/td><td>100<\/td><\/tr><tr><td>Protecci\u00f3n contra el rayo<\/td><td>DC Tierra<\/td><\/tr><tr><td><strong>Especificaciones mec\u00e1nicas<\/strong><\/td><td>&nbsp;<\/td><\/tr><tr><td>Conector<\/td><td>2\u00d7N Hembra<\/td><\/tr><tr><td>Dimensi\u00f3n-mm<\/td><td>\u00d8600<\/td><\/tr><tr><td>Peso-kg<\/td><td>5<\/td><\/tr><tr><td>Montaje-mm<\/td><td>M\u00e1stil \u00d840-\u00d860 <\/td><\/tr><tr><td>Velocidad del viento<\/td><td>210 km\/h<\/td><\/tr><tr><td>Temperatura de funcionamiento<\/td><td>-40\u2103 - +65\u2103<\/td><\/tr><\/tbody><\/table><\/figure>","protected":false},"author":1,"featured_media":5132,"menu_order":0,"template":"","meta":{"_acf_changed":true},"product_cat":[246,332,248],"product_tag":[],"class_list":["post-2357","product","type-product","status-publish","has-post-thumbnail","hentry","product_cat-parabolic-wifi-antennas","product_cat-2-4-ghz-antennas","product_cat-mimo-parabolic-antennas"],"acf":{"_sku":"TDC-2400-22D6","product-image":[5132],"_price":"59","pdsms":null,"excerpt":"<ul>\r\n<li>Funciona en la banda de frecuencia 2400-2483MHz para WiFi<\/li>\r\n<li>Dise\u00f1o de alta ganancia<\/li>\r\n<li>Doble polarizaci\u00f3n V\/H<\/li>\r\n<li>Instalaci\u00f3n exterior en poste<\/li>\r\n<li>Soportes de montaje de alta resistencia<\/li>\r\n<li>N Conector hembra<\/li>\r\n<\/ul>","faqs":""},"_links":{"self":[{"href":"https:\/\/www.tesswave.com\/es\/wp-json\/wp\/v2\/product\/2357","targetHints":{"allow":["GET"]}}],"collection":[{"href":"https:\/\/www.tesswave.com\/es\/wp-json\/wp\/v2\/product"}],"about":[{"href":"https:\/\/www.tesswave.com\/es\/wp-json\/wp\/v2\/types\/product"}],"author":[{"embeddable":true,"href":"https:\/\/www.tesswave.com\/es\/wp-json\/wp\/v2\/users\/1"}],"acf:attachment":[{"embeddable":true,"href":"https:\/\/www.tesswave.com\/es\/wp-json\/wp\/v2\/media\/5132"}],"wp:featuredmedia":[{"embeddable":true,"href":"https:\/\/www.tesswave.com\/es\/wp-json\/wp\/v2\/media\/5132"}],"wp:attachment":[{"href":"https:\/\/www.tesswave.com\/es\/wp-json\/wp\/v2\/media?parent=2357"}],"wp:term":[{"taxonomy":"product_cat","embeddable":true,"href":"https:\/\/www.tesswave.com\/es\/wp-json\/wp\/v2\/product_cat?post=2357"},{"taxonomy":"product_tag","embeddable":true,"href":"https:\/\/www.tesswave.com\/es\/wp-json\/wp\/v2\/product_tag?post=2357"}],"curies":[{"name":"wp","href":"https:\/\/api.w.org\/{rel}","templated":true}]}}