{"id":2367,"date":"2022-05-27T21:19:08","date_gmt":"2022-05-27T13:19:08","guid":{"rendered":"https:\/\/www.tesswave.com\/?post_type=product&#038;p=2367"},"modified":"2025-06-19T19:16:41","modified_gmt":"2025-06-19T11:16:41","slug":"5ghz-10dbi-mimo-omni-antenna","status":"publish","type":"product","link":"https:\/\/www.tesswave.com\/es\/product\/5ghz-10dbi-mimo-omni-antenna\/","title":{"rendered":"5GHz 10dBi Antena WiFi Omnidireccional MIMO Dual Polarizada para Exterior"},"content":{"rendered":"<figure class=\"wp-block-table is-style-regular\"><table class=\"has-fixed-layout\"><tbody><tr><td><strong>Especificaciones el\u00e9ctricas<\/strong><\/td><td>&nbsp;<\/td><\/tr><tr><td>Frecuencia<\/td><td>5150-5850 MHz<\/td><\/tr><tr><td>Gane<\/td><td>10 dBi<\/td><\/tr><tr><td>VSWR<\/td><td>&lt;2<\/td><\/tr><tr><td>Polarizaci\u00f3n<\/td><td>Horizontal y vertical<\/td><\/tr><tr><td>Anchura del haz horizontal<\/td><td>360\u00b0<\/td><\/tr><tr><td>Anchura del haz vertical<\/td><td>11\u00b0<\/td><\/tr><tr><td>Impedancia<\/td><td>50 ohmios<\/td><\/tr><tr><td>M\u00e1x. Potencia de entrada<\/td><td>100W<\/td><\/tr><tr><td>Protecci\u00f3n contra el rayo<\/td><td>DC Tierra<\/td><\/tr><tr><td><strong>Especificaciones mec\u00e1nicas<\/strong><\/td><td>&nbsp;<\/td><\/tr><tr><td>Conector<\/td><td>2\u00d7N Hembra<\/td><\/tr><tr><td>Dimensi\u00f3n<\/td><td>\u00d884\u00d7500mm<\/td><\/tr><tr><td>Peso<\/td><td>0,6 kg<\/td><\/tr><tr><td>Montaje<\/td><td>M\u00e1stil \u00d840-\u00d860 mm<\/td><\/tr><tr><td>Material del radomo<\/td><td>PVC resistente a los rayos UV<\/td><\/tr><tr><td>Velocidad del viento<\/td><td>210 km\/h<\/td><\/tr><tr><td>Temperatura de funcionamiento<\/td><td>-40\u2103 - +65\u2103<\/td><\/tr><\/tbody><\/table><\/figure>","protected":false},"author":1,"featured_media":5125,"menu_order":0,"template":"","meta":{"_acf_changed":true},"product_cat":[247,334,242],"product_tag":[],"class_list":["post-2367","product","type-product","status-publish","has-post-thumbnail","hentry","product_cat-mimo-omni-antennas","product_cat-5-ghz-antennas","product_cat-omnidirectional-wifi-antennas"],"acf":{"_sku":"TOF-5158-10D","product-image":[5125],"_price":"45","pdsms":null,"excerpt":"<ul>\r\n<li>Frecuencia: 5150-5850MHz<\/li>\r\n<li>10dBi alta ganancia para cada puerto<\/li>\r\n<li>Dos elementos de antena independientes en un radomo de antena<\/li>\r\n<li>Polarizaci\u00f3n dual vertical y horizontal<\/li>\r\n<li>Instalaci\u00f3n exterior en poste o en pared<\/li>\r\n<li>Radiaci\u00f3n de se\u00f1al omnidireccional de 360\u00b0 para aplicaciones punto a multipunto<\/li>\r\n<li>Robusta carcasa de antena de PVC con protecci\u00f3n UV resistente a la intemperie<\/li>\r\n<li>Dimensiones: \u00d884\u00d7500mm<\/li>\r\n<li>Conector 2\u00d7N hembra integrado<\/li>\r\n<\/ul>","faqs":""},"_links":{"self":[{"href":"https:\/\/www.tesswave.com\/es\/wp-json\/wp\/v2\/product\/2367","targetHints":{"allow":["GET"]}}],"collection":[{"href":"https:\/\/www.tesswave.com\/es\/wp-json\/wp\/v2\/product"}],"about":[{"href":"https:\/\/www.tesswave.com\/es\/wp-json\/wp\/v2\/types\/product"}],"author":[{"embeddable":true,"href":"https:\/\/www.tesswave.com\/es\/wp-json\/wp\/v2\/users\/1"}],"acf:attachment":[{"embeddable":true,"href":"https:\/\/www.tesswave.com\/es\/wp-json\/wp\/v2\/media\/5125"}],"wp:featuredmedia":[{"embeddable":true,"href":"https:\/\/www.tesswave.com\/es\/wp-json\/wp\/v2\/media\/5125"}],"wp:attachment":[{"href":"https:\/\/www.tesswave.com\/es\/wp-json\/wp\/v2\/media?parent=2367"}],"wp:term":[{"taxonomy":"product_cat","embeddable":true,"href":"https:\/\/www.tesswave.com\/es\/wp-json\/wp\/v2\/product_cat?post=2367"},{"taxonomy":"product_tag","embeddable":true,"href":"https:\/\/www.tesswave.com\/es\/wp-json\/wp\/v2\/product_tag?post=2367"}],"curies":[{"name":"wp","href":"https:\/\/api.w.org\/{rel}","templated":true}]}}