{"id":2370,"date":"2022-05-27T21:21:56","date_gmt":"2022-05-27T13:21:56","guid":{"rendered":"https:\/\/www.tesswave.com\/?post_type=product&#038;p=2370"},"modified":"2025-06-19T19:16:16","modified_gmt":"2025-06-19T11:16:16","slug":"2-4-ghz-13dbi-outdoor-mimo-omni-antenna","status":"publish","type":"product","link":"https:\/\/www.tesswave.com\/es\/product\/2-4-ghz-13dbi-outdoor-mimo-omni-antenna\/","title":{"rendered":"Antena WiFi Omnidireccional 2.4GHz 13dBi Outdoor Dual Polarized 2\u00d72 MIMO"},"content":{"rendered":"<figure class=\"wp-block-table is-style-regular\"><table class=\"has-fixed-layout\"><tbody><tr><td><strong>Especificaciones el\u00e9ctricas<\/strong><\/td><td><\/td><\/tr><tr><td>Frecuencia-MHz<\/td><td>2400-2500<\/td><\/tr><tr><td>Ganancia-dBi<\/td><td>13<\/td><\/tr><tr><td>VSWR<\/td><td>&lt;1.8<\/td><\/tr><tr><td>Polarizaci\u00f3n<\/td><td>Horizontal y vertical<\/td><\/tr><tr><td>Anchura del haz horizontal<\/td><td>360\u00b0<\/td><\/tr><tr><td>Anchura del haz vertical<\/td><td>7.5\u00b0<\/td><\/tr><tr><td>Impedancia-ohmios<\/td><td>50<\/td><\/tr><tr><td>M\u00e1x. Potencia de entrada-P<\/td><td>100<\/td><\/tr><tr><td>Protecci\u00f3n contra el rayo<\/td><td>DC Tierra<\/td><\/tr><tr><td><strong>Especificaciones mec\u00e1nicas<\/strong><\/td><td>&nbsp;<\/td><\/tr><tr><td>Conector<\/td><td>2\u00d7N Hembra<\/td><\/tr><tr><td>Dimensi\u00f3n-mm<\/td><td>\u00d884\u00d71200<\/td><\/tr><tr><td>Peso-kg<\/td><td>1.2<\/td><\/tr><tr><td>Montaje-mm<\/td><td>M\u00e1stil \u00d840-\u00d860<\/td><\/tr><tr><td>Material del radomo<\/td><td>PVC resistente a los rayos UV<\/td><\/tr><tr><td>Velocidad del viento<\/td><td>210 km\/h<\/td><\/tr><tr><td>Temperatura de funcionamiento<\/td><td>-40\u2103 - +65\u2103<\/td><\/tr><\/tbody><\/table><\/figure>","protected":false},"author":1,"featured_media":5123,"menu_order":0,"template":"","meta":{"_acf_changed":true},"product_cat":[242,332,247],"product_tag":[],"class_list":["post-2370","product","type-product","status-publish","has-post-thumbnail","hentry","product_cat-omnidirectional-wifi-antennas","product_cat-2-4-ghz-antennas","product_cat-mimo-omni-antennas"],"acf":{"_sku":"TOF-2400-13D","product-image":[5123],"_price":"62","pdsms":null,"excerpt":"<ul>\r\n<li>Frecuencia: 2400-2500MHz<\/li>\r\n<li>Alta ganancia para cada puerto<\/li>\r\n<li>Dos elementos de antena independientes en un radomo de antena<\/li>\r\n<li>Polarizaci\u00f3n dual vertical y horizontal<\/li>\r\n<li>Instalaci\u00f3n exterior en poste o en pared<\/li>\r\n<li>Radiaci\u00f3n de se\u00f1al omnidireccional de 360\u00b0 para aplicaciones punto a multipunto<\/li>\r\n<li>Robusta carcasa de antena de PVC con protecci\u00f3n UV resistente a la intemperie<\/li>\r\n<li>Conector 2\u00d7N hembra integrado<\/li>\r\n<\/ul>","faqs":""},"_links":{"self":[{"href":"https:\/\/www.tesswave.com\/es\/wp-json\/wp\/v2\/product\/2370","targetHints":{"allow":["GET"]}}],"collection":[{"href":"https:\/\/www.tesswave.com\/es\/wp-json\/wp\/v2\/product"}],"about":[{"href":"https:\/\/www.tesswave.com\/es\/wp-json\/wp\/v2\/types\/product"}],"author":[{"embeddable":true,"href":"https:\/\/www.tesswave.com\/es\/wp-json\/wp\/v2\/users\/1"}],"acf:attachment":[{"embeddable":true,"href":"https:\/\/www.tesswave.com\/es\/wp-json\/wp\/v2\/media\/5123"}],"wp:featuredmedia":[{"embeddable":true,"href":"https:\/\/www.tesswave.com\/es\/wp-json\/wp\/v2\/media\/5123"}],"wp:attachment":[{"href":"https:\/\/www.tesswave.com\/es\/wp-json\/wp\/v2\/media?parent=2370"}],"wp:term":[{"taxonomy":"product_cat","embeddable":true,"href":"https:\/\/www.tesswave.com\/es\/wp-json\/wp\/v2\/product_cat?post=2370"},{"taxonomy":"product_tag","embeddable":true,"href":"https:\/\/www.tesswave.com\/es\/wp-json\/wp\/v2\/product_tag?post=2370"}],"curies":[{"name":"wp","href":"https:\/\/api.w.org\/{rel}","templated":true}]}}