{"id":2385,"date":"2022-05-27T21:42:33","date_gmt":"2022-05-27T13:42:33","guid":{"rendered":"https:\/\/www.tesswave.com\/?post_type=product&#038;p=2385"},"modified":"2025-06-19T19:13:57","modified_gmt":"2025-06-19T11:13:57","slug":"1710-2170-mhz-14dbi-mimo-panel-antenna","status":"publish","type":"product","link":"https:\/\/www.tesswave.com\/es\/product\/1710-2170-mhz-14dbi-mimo-panel-antenna\/","title":{"rendered":"1710-2170MHz 14dBi Cross Polarised 2\u00d72 MIMO Panel Antena"},"content":{"rendered":"<figure class=\"wp-block-table is-style-regular\"><table class=\"has-fixed-layout\"><tbody><tr><td><strong>Especificaciones el\u00e9ctricas<\/strong><\/td><td>&nbsp;<\/td><\/tr><tr><td>Frecuencia<\/td><td>1710-2170 MHz<\/td><\/tr><tr><td>Gane<\/td><td>14 dBi<\/td><\/tr><tr><td>VSWR<\/td><td>&lt;1.5<\/td><\/tr><tr><td>Polarizaci\u00f3n<\/td><td>\u00b145\u00b0<\/td><\/tr><tr><td>Anchura del haz horizontal<\/td><td>40\u00b0<\/td><\/tr><tr><td>Anchura del haz vertical<\/td><td>36\u00b0<\/td><\/tr><tr><td>Relaci\u00f3n F\/B<\/td><td>\u226520dB<\/td><\/tr><tr><td>Aislamiento<\/td><td>\u226528dB<\/td><\/tr><tr><td>Impedancia<\/td><td>50 ohmios<\/td><\/tr><tr><td>M\u00e1x. Potencia de entrada<\/td><td>100W<\/td><\/tr><tr><td>Protecci\u00f3n contra el rayo<\/td><td>DC Tierra<\/td><\/tr><tr><td><strong>Especificaciones mec\u00e1nicas<\/strong><\/td><td>&nbsp;<\/td><\/tr><tr><td>Conector<\/td><td>2\u00d7N Hembra<\/td><\/tr><tr><td>Dimensi\u00f3n<\/td><td>300\u00d7180\u00d780 mm<\/td><\/tr><tr><td>Peso<\/td><td>0,5 kg<\/td><\/tr><tr><td>Montaje<\/td><td>M\u00e1stil \u00d840-\u00d860 mm<\/td><\/tr><tr><td>Material del radomo<\/td><td>ABS<\/td><\/tr><tr><td>Velocidad del viento<\/td><td>210 km\/h<\/td><\/tr><tr><td>Temperatura de funcionamiento<\/td><td>-40\u2103 - +65\u2103<\/td><\/tr><\/tbody><\/table><\/figure>","protected":false},"author":1,"featured_media":5084,"menu_order":0,"template":"","meta":{"_acf_changed":true},"product_cat":[128,331],"product_tag":[],"class_list":["post-2385","product","type-product","status-publish","has-post-thumbnail","hentry","product_cat-mimo-panel-antennas","product_cat-1800-1900-mhz-antennas"],"acf":{"_sku":"TPC-1721-14X","product-image":[5084],"_price":"25","pdsms":null,"excerpt":"<ul>\r\n<li>Funciona en la banda de frecuencias 1710-2170MHz<\/li>\r\n<li>Ganancia real 14dBi para cada radiador<\/li>\r\n<li>Polarizaci\u00f3n cruzada oblicua doble de \u00b145<\/li>\r\n<li>Kit de montaje incluido<\/li>\r\n<li>Robusta carcasa de antena de ABS con protecci\u00f3n UV<\/li>\r\n<li>Dimensiones: 300\u00d7180\u00d780 mm<\/li>\r\n<li>Conector 2\u00d7N hembra<\/li>\r\n<\/ul>","faqs":""},"_links":{"self":[{"href":"https:\/\/www.tesswave.com\/es\/wp-json\/wp\/v2\/product\/2385","targetHints":{"allow":["GET"]}}],"collection":[{"href":"https:\/\/www.tesswave.com\/es\/wp-json\/wp\/v2\/product"}],"about":[{"href":"https:\/\/www.tesswave.com\/es\/wp-json\/wp\/v2\/types\/product"}],"author":[{"embeddable":true,"href":"https:\/\/www.tesswave.com\/es\/wp-json\/wp\/v2\/users\/1"}],"acf:attachment":[{"embeddable":true,"href":"https:\/\/www.tesswave.com\/es\/wp-json\/wp\/v2\/media\/5084"}],"wp:featuredmedia":[{"embeddable":true,"href":"https:\/\/www.tesswave.com\/es\/wp-json\/wp\/v2\/media\/5084"}],"wp:attachment":[{"href":"https:\/\/www.tesswave.com\/es\/wp-json\/wp\/v2\/media?parent=2385"}],"wp:term":[{"taxonomy":"product_cat","embeddable":true,"href":"https:\/\/www.tesswave.com\/es\/wp-json\/wp\/v2\/product_cat?post=2385"},{"taxonomy":"product_tag","embeddable":true,"href":"https:\/\/www.tesswave.com\/es\/wp-json\/wp\/v2\/product_tag?post=2385"}],"curies":[{"name":"wp","href":"https:\/\/api.w.org\/{rel}","templated":true}]}}