{"id":2395,"date":"2022-05-28T09:08:07","date_gmt":"2022-05-28T01:08:07","guid":{"rendered":"https:\/\/www.tesswave.com\/?post_type=product&#038;p=2395"},"modified":"2025-06-19T19:13:17","modified_gmt":"2025-06-19T11:13:17","slug":"900-mhz-16dbi-directional-yagi-antenna","status":"publish","type":"product","link":"https:\/\/www.tesswave.com\/es\/product\/900-mhz-16dbi-directional-yagi-antenna\/","title":{"rendered":"890-960MHz 16dBi Antena Yagi GSM direccional de alta ganancia"},"content":{"rendered":"<figure class=\"wp-block-table is-style-regular\"><table class=\"has-fixed-layout\"><tbody><tr><td><strong>Especificaciones el\u00e9ctricas<\/strong><\/td><td>&nbsp;<\/td><\/tr><tr><td>Frecuencia-MHz<\/td><td>890-960<\/td><\/tr><tr><td>Ganancia-dBi<\/td><td>16<\/td><\/tr><tr><td>VSWR<\/td><td>&lt;1.5<\/td><\/tr><tr><td>Polarizaci\u00f3n<\/td><td>Vertical<\/td><\/tr><tr><td>Anchura del haz horizontal<\/td><td>30\u00b0<\/td><\/tr><tr><td>Anchura del haz vertical<\/td><td>27\u00b0<\/td><\/tr><tr><td>Relaci\u00f3n F\/B<\/td><td>\u226518dB<\/td><\/tr><tr><td>Impedancia-ohmios<\/td><td>50<\/td><\/tr><tr><td>M\u00e1x. Potencia de entrada-P<\/td><td>100<\/td><\/tr><tr><td>Protecci\u00f3n contra el rayo<\/td><td>DC Tierra<\/td><\/tr><tr><td><strong>Especificaciones mec\u00e1nicas<\/strong><\/td><td>&nbsp;<\/td><\/tr><tr><td>Conector<\/td><td>N Mujer<\/td><\/tr><tr><td>Dimensi\u00f3n-mm<\/td><td>1400\u00d7185\u00d755<\/td><\/tr><tr><td>Peso-kg<\/td><td>1.1 <\/td><\/tr><tr><td>Montaje-mm<\/td><td>M\u00e1stil \u00d840-\u00d860 <\/td><\/tr><tr><td>Velocidad del viento<\/td><td>210 km\/h<\/td><\/tr><tr><td>Temperatura de funcionamiento<\/td><td>-40\u2103 - +65\u2103<\/td><\/tr><\/tbody><\/table><\/figure>","protected":false},"author":1,"featured_media":5027,"menu_order":0,"template":"","meta":{"_acf_changed":true},"product_cat":[249,330],"product_tag":[],"class_list":["post-2395","product","type-product","status-publish","has-post-thumbnail","hentry","product_cat-2g-3g-yagi-antennas","product_cat-800-900-mhz-antennas"],"acf":{"_sku":"TYC-89960-16E","product-image":[5027],"_price":"18","pdsms":null,"excerpt":"<ul>\r\n<li>Gama de frecuencias: 824-960MHz<\/li>\r\n<li>Apto para aplicaciones GSM, celulares, ISM, LoRa, Helium, etc.<\/li>\r\n<li>Radiaci\u00f3n direccional de haz estrecho para conexi\u00f3n punto a punto<\/li>\r\n<li>T\u00edpico conector N hembra con cable RG58 de 30 cm de baja p\u00e9rdida<\/li>\r\n<li>Instalaci\u00f3n exterior en poste<\/li>\r\n<\/ul>","faqs":""},"_links":{"self":[{"href":"https:\/\/www.tesswave.com\/es\/wp-json\/wp\/v2\/product\/2395","targetHints":{"allow":["GET"]}}],"collection":[{"href":"https:\/\/www.tesswave.com\/es\/wp-json\/wp\/v2\/product"}],"about":[{"href":"https:\/\/www.tesswave.com\/es\/wp-json\/wp\/v2\/types\/product"}],"author":[{"embeddable":true,"href":"https:\/\/www.tesswave.com\/es\/wp-json\/wp\/v2\/users\/1"}],"acf:attachment":[{"embeddable":true,"href":"https:\/\/www.tesswave.com\/es\/wp-json\/wp\/v2\/media\/5027"}],"wp:featuredmedia":[{"embeddable":true,"href":"https:\/\/www.tesswave.com\/es\/wp-json\/wp\/v2\/media\/5027"}],"wp:attachment":[{"href":"https:\/\/www.tesswave.com\/es\/wp-json\/wp\/v2\/media?parent=2395"}],"wp:term":[{"taxonomy":"product_cat","embeddable":true,"href":"https:\/\/www.tesswave.com\/es\/wp-json\/wp\/v2\/product_cat?post=2395"},{"taxonomy":"product_tag","embeddable":true,"href":"https:\/\/www.tesswave.com\/es\/wp-json\/wp\/v2\/product_tag?post=2395"}],"curies":[{"name":"wp","href":"https:\/\/api.w.org\/{rel}","templated":true}]}}