{"id":2408,"date":"2022-05-30T11:33:27","date_gmt":"2022-05-30T03:33:27","guid":{"rendered":"https:\/\/www.tesswave.com\/?post_type=product&#038;p=2408"},"modified":"2025-06-19T19:08:33","modified_gmt":"2025-06-19T11:08:33","slug":"1900mhz-outdoor-omni-fiberglass-antenna","status":"publish","type":"product","link":"https:\/\/www.tesswave.com\/es\/product\/1900mhz-outdoor-omni-fiberglass-antenna\/","title":{"rendered":"1920-2170MHz 11dBi Antena exterior omni de fibra de vidrio de alta ganancia"},"content":{"rendered":"<figure class=\"wp-block-table is-style-regular\"><table class=\"has-fixed-layout\"><tbody><tr><td><strong>Especificaciones el\u00e9ctricas<\/strong><\/td><td>&nbsp;<\/td><\/tr><tr><td>Frecuencia-MHz<\/td><td>1920-2170<\/td><\/tr><tr><td>Ganancia-dBi<\/td><td>11<\/td><\/tr><tr><td>VSWR<\/td><td>&lt;1.5<\/td><\/tr><tr><td>Polarizaci\u00f3n<\/td><td>Vertical<\/td><\/tr><tr><td>Anchura del haz horizontal<\/td><td>360\u00b0<\/td><\/tr><tr><td>Anchura del haz vertical<\/td><td>8\u00b0<\/td><\/tr><tr><td>Impedancia-ohmios<\/td><td>50<\/td><\/tr><tr><td>M\u00e1x. Potencia de entrada-P<\/td><td>100<\/td><\/tr><tr><td>Protecci\u00f3n contra el rayo<\/td><td>DC Tierra<\/td><\/tr><tr><td><strong>Especificaciones mec\u00e1nicas<\/strong><\/td><td>&nbsp;<\/td><\/tr><tr><td>Conector<\/td><td>N Mujer<\/td><\/tr><tr><td>Dimensi\u00f3n-mm<\/td><td>\u00d820\u00d71250<\/td><\/tr><tr><td>Peso-kg<\/td><td>0.85<\/td><\/tr><tr><td>Montaje-mm<\/td><td>M\u00e1stil \u00d840-\u00d860<\/td><\/tr><tr><td>Material del radomo<\/td><td>Fibra de vidrio (blanco)<\/td><\/tr><tr><td>Velocidad del viento<\/td><td>210 km\/h<\/td><\/tr><tr><td>Temperatura de funcionamiento<\/td><td>-40\u2103 - +65\u2103<\/td><\/tr><tr><td>Grado de protecci\u00f3n IP<\/td><td>IP66<\/td><\/tr><\/tbody><\/table><\/figure>","protected":false},"author":1,"featured_media":4974,"menu_order":0,"template":"","meta":{"_acf_changed":true},"product_cat":[250,331],"product_tag":[],"class_list":["post-2408","product","type-product","status-publish","has-post-thumbnail","hentry","product_cat-2g-3g-omnidirectional-antennas","product_cat-1800-1900-mhz-antennas"],"acf":{"_sku":"TOF-1921-11V","product-image":[4974],"_price":"28","pdsms":null,"excerpt":"<ul>\r\n<li>Funciona en la banda de frecuencias 1920-2170MHz<\/li>\r\n<li>Adecuado para aplicaciones celulares<\/li>\r\n<li>Radiaci\u00f3n omnidireccional para una cobertura de la se\u00f1al de 360 grados en exteriores<\/li>\r\n<li>Instalaci\u00f3n exterior en poste<\/li>\r\n<li>Robusta carcasa de antena de fibra de vidrio resistente a la intemperie<\/li>\r\n<li>T\u00edpico conector N hembra<\/li>\r\n<\/ul>","faqs":""},"_links":{"self":[{"href":"https:\/\/www.tesswave.com\/es\/wp-json\/wp\/v2\/product\/2408","targetHints":{"allow":["GET"]}}],"collection":[{"href":"https:\/\/www.tesswave.com\/es\/wp-json\/wp\/v2\/product"}],"about":[{"href":"https:\/\/www.tesswave.com\/es\/wp-json\/wp\/v2\/types\/product"}],"author":[{"embeddable":true,"href":"https:\/\/www.tesswave.com\/es\/wp-json\/wp\/v2\/users\/1"}],"acf:attachment":[{"embeddable":true,"href":"https:\/\/www.tesswave.com\/es\/wp-json\/wp\/v2\/media\/4974"}],"wp:featuredmedia":[{"embeddable":true,"href":"https:\/\/www.tesswave.com\/es\/wp-json\/wp\/v2\/media\/4974"}],"wp:attachment":[{"href":"https:\/\/www.tesswave.com\/es\/wp-json\/wp\/v2\/media?parent=2408"}],"wp:term":[{"taxonomy":"product_cat","embeddable":true,"href":"https:\/\/www.tesswave.com\/es\/wp-json\/wp\/v2\/product_cat?post=2408"},{"taxonomy":"product_tag","embeddable":true,"href":"https:\/\/www.tesswave.com\/es\/wp-json\/wp\/v2\/product_tag?post=2408"}],"curies":[{"name":"wp","href":"https:\/\/api.w.org\/{rel}","templated":true}]}}