{"id":2429,"date":"2022-05-30T14:45:28","date_gmt":"2022-05-30T06:45:28","guid":{"rendered":"https:\/\/www.tesswave.com\/?post_type=product&#038;p=2429"},"modified":"2025-06-19T19:06:52","modified_gmt":"2025-06-19T11:06:52","slug":"800-900-mhz-6-5-dbi-outdoor-omni-antenna","status":"publish","type":"product","link":"https:\/\/www.tesswave.com\/es\/product\/800-900-mhz-6-5-dbi-outdoor-omni-antenna\/","title":{"rendered":"824-960MHz 6.5dBi Antena exterior omnidireccional de fibra de vidrio para estaci\u00f3n base"},"content":{"rendered":"<figure class=\"wp-block-table is-style-regular\"><table class=\"has-fixed-layout\"><tbody><tr><td><strong>Especificaciones el\u00e9ctricas<\/strong><\/td><td>&nbsp;<\/td><\/tr><tr><td>Frecuencia<\/td><td>824-960 MHz<\/td><\/tr><tr><td>Gane<\/td><td>6,5 dBi<\/td><\/tr><tr><td>VSWR<\/td><td>&lt;1.8<\/td><\/tr><tr><td>Polarizaci\u00f3n<\/td><td>Vertical<\/td><\/tr><tr><td>Anchura del haz horizontal<\/td><td>360\u00b0<\/td><\/tr><tr><td>Anchura del haz vertical<\/td><td>30\u00b0<\/td><\/tr><tr><td>Impedancia<\/td><td>50 ohmios<\/td><\/tr><tr><td>M\u00e1x. Potencia de entrada<\/td><td>100W<\/td><\/tr><tr><td>Protecci\u00f3n contra el rayo<\/td><td>DC Tierra<\/td><\/tr><tr><td><strong>Especificaciones mec\u00e1nicas<\/strong><\/td><td>&nbsp;<\/td><\/tr><tr><td>Conector<\/td><td>N Mujer<\/td><\/tr><tr><td>Dimensi\u00f3n<\/td><td>\u00d820\u00d7965mm<\/td><\/tr><tr><td>Peso<\/td><td>0,7 kg<\/td><\/tr><tr><td>Montaje<\/td><td>M\u00e1stil \u00d840-\u00d860 mm<\/td><\/tr><tr><td>Material del radomo<\/td><td>Fibra de vidrio (blanco)<\/td><\/tr><tr><td>Velocidad del viento<\/td><td>210 km\/h<\/td><\/tr><tr><td>Temperatura de funcionamiento<\/td><td>-40\u2103 - +65\u2103<\/td><\/tr><\/tbody><\/table><\/figure>","protected":false},"author":1,"featured_media":4895,"menu_order":0,"template":"","meta":{"_acf_changed":true},"product_cat":[250,330],"product_tag":[],"class_list":["post-2429","product","type-product","status-publish","has-post-thumbnail","hentry","product_cat-2g-3g-omnidirectional-antennas","product_cat-800-900-mhz-antennas"],"acf":{"_sku":"TOF-82960-7V","product-image":[4895],"_price":"25","pdsms":null,"excerpt":"<ul>\r\n<li>Funciona en la banda de frecuencias 824-960MHz<\/li>\r\n<li>Alta ganancia real 6.5dBi<\/li>\r\n<li>Apto para aplicaciones celulares, LoRa, RFID, ISM, Helium, etc.<\/li>\r\n<li>Radiaci\u00f3n omnidireccional para una cobertura de la se\u00f1al de 360 grados en exteriores<\/li>\r\n<li>Instalaci\u00f3n exterior en poste<\/li>\r\n<li>Robusta carcasa de antena de fibra de vidrio resistente a la intemperie<\/li>\r\n<li>Dimensiones: \u00d820\u00d7965mm<\/li>\r\n<li>T\u00edpico conector N hembra<\/li>\r\n<\/ul>","faqs":""},"_links":{"self":[{"href":"https:\/\/www.tesswave.com\/es\/wp-json\/wp\/v2\/product\/2429","targetHints":{"allow":["GET"]}}],"collection":[{"href":"https:\/\/www.tesswave.com\/es\/wp-json\/wp\/v2\/product"}],"about":[{"href":"https:\/\/www.tesswave.com\/es\/wp-json\/wp\/v2\/types\/product"}],"author":[{"embeddable":true,"href":"https:\/\/www.tesswave.com\/es\/wp-json\/wp\/v2\/users\/1"}],"acf:attachment":[{"embeddable":true,"href":"https:\/\/www.tesswave.com\/es\/wp-json\/wp\/v2\/media\/4895"}],"wp:featuredmedia":[{"embeddable":true,"href":"https:\/\/www.tesswave.com\/es\/wp-json\/wp\/v2\/media\/4895"}],"wp:attachment":[{"href":"https:\/\/www.tesswave.com\/es\/wp-json\/wp\/v2\/media?parent=2429"}],"wp:term":[{"taxonomy":"product_cat","embeddable":true,"href":"https:\/\/www.tesswave.com\/es\/wp-json\/wp\/v2\/product_cat?post=2429"},{"taxonomy":"product_tag","embeddable":true,"href":"https:\/\/www.tesswave.com\/es\/wp-json\/wp\/v2\/product_tag?post=2429"}],"curies":[{"name":"wp","href":"https:\/\/api.w.org\/{rel}","templated":true}]}}