{"id":2450,"date":"2022-05-30T16:44:49","date_gmt":"2022-05-30T08:44:49","guid":{"rendered":"https:\/\/www.tesswave.com\/?post_type=product&#038;p=2450"},"modified":"2025-06-19T19:04:58","modified_gmt":"2025-06-19T11:04:58","slug":"external-4x4-mimo-4g-5g-directional-antenna","status":"publish","type":"product","link":"https:\/\/www.tesswave.com\/es\/product\/external-4x4-mimo-4g-5g-directional-antenna\/","title":{"rendered":"Antena direccional 4G LTE\/5G 4\u00d74 MIMO externa de 617-4200 MHz"},"content":{"rendered":"<figure class=\"wp-block-table is-style-regular\"><table class=\"has-fixed-layout\"><tbody><tr><td><strong style=\"font-size: revert; font-family: inherit; color: initial;\">Especificaciones el\u00e9ctricas<\/strong><\/td><td> &nbsp; <\/td><\/tr><tr><td>Frecuencia-MHz<\/td><td> 617-700\/700-960\/1710-2700\/3300-4200<\/td><\/tr><tr><td> Ganancia-dBi <\/td><td> 5 \/ 7 \/ 8 \/ 9<\/td><\/tr><tr><td> VSWR <\/td><td> &lt;2.5 <\/td><\/tr><tr><td> Polarizaci\u00f3n <\/td><td> \u00b145\u00b0 <\/td><\/tr><tr><td> Anchura del haz horizontal <\/td><td> 80\u00b18\u00b0 <\/td><\/tr><tr><td> Anchura del haz vertical <\/td><td> 65\u00b15\u00b0 <\/td><\/tr><tr><td> Relaci\u00f3n F\/B-dB<\/td><td> \u226518 <\/td><\/tr><tr><td> Aislamiento-dB<\/td><td> \u226520 <\/td><\/tr><tr><td> Impedancia-\u03a9<\/td><td> 50 <\/td><\/tr><tr><td> M\u00e1x. Potencia de entrada-P<\/td><td> 100<\/td><\/tr><tr><td> Protecci\u00f3n contra el rayo <\/td><td> DC Tierra <\/td><\/tr><tr><td> <strong>Especificaciones mec\u00e1nicas<\/strong> <\/td><td> &nbsp; <\/td><\/tr><tr><td> Conector <\/td><td>4xN Hembra <\/td><\/tr><tr><td> Dimensi\u00f3n-mm<\/td><td> 350*280*80<\/td><\/tr><tr><td> Peso<\/td><td> 2,9 kg<\/td><\/tr><tr><td> Montaje-mm<\/td><td> M\u00e1stil \u00d830-\u00d850 <\/td><\/tr><tr><td> Material del radomo <\/td><td> ABS <\/td><\/tr><tr><td> Velocidad del viento <\/td><td> 210 km\/h <\/td><\/tr><tr><td> Temperatura de funcionamiento <\/td><td> -40\u2103 - +65\u2103 <\/td><\/tr><\/tbody><\/table><\/figure>","protected":false},"author":1,"featured_media":9843,"menu_order":0,"template":"","meta":{"_acf_changed":true},"product_cat":[88,87,336,128],"product_tag":[],"class_list":["post-2450","product","type-product","status-publish","has-post-thumbnail","hentry","product_cat-5g-antennas","product_cat-4g-lte-antennas","product_cat-617-6000-mhz-antennas","product_cat-mimo-panel-antennas"],"acf":{"_sku":"TPC-0642-9BX","product-image":[9843],"_price":"66","pdsms":null,"excerpt":"<ul>\r\n<li>Funciona en la banda de frecuencias 600-6000MHz para cada radiador<\/li>\r\n<li>Apto para aplicaciones WiFi, GSM, 3G, 4G LTE, 5G, etc.<\/li>\r\n<li>Polarizaci\u00f3n cruzada oblicua de \u00b145<\/li>\r\n<li>Kit de montaje incluido<\/li>\r\n<li>Robusta carcasa de antena de ABS con protecci\u00f3n UV<\/li>\r\n<li>Conector 4\u00d7N hembra<\/li>\r\n<\/ul>","faqs":""},"_links":{"self":[{"href":"https:\/\/www.tesswave.com\/es\/wp-json\/wp\/v2\/product\/2450","targetHints":{"allow":["GET"]}}],"collection":[{"href":"https:\/\/www.tesswave.com\/es\/wp-json\/wp\/v2\/product"}],"about":[{"href":"https:\/\/www.tesswave.com\/es\/wp-json\/wp\/v2\/types\/product"}],"author":[{"embeddable":true,"href":"https:\/\/www.tesswave.com\/es\/wp-json\/wp\/v2\/users\/1"}],"acf:attachment":[{"embeddable":true,"href":"https:\/\/www.tesswave.com\/es\/wp-json\/wp\/v2\/media\/9843"}],"wp:featuredmedia":[{"embeddable":true,"href":"https:\/\/www.tesswave.com\/es\/wp-json\/wp\/v2\/media\/9843"}],"wp:attachment":[{"href":"https:\/\/www.tesswave.com\/es\/wp-json\/wp\/v2\/media?parent=2450"}],"wp:term":[{"taxonomy":"product_cat","embeddable":true,"href":"https:\/\/www.tesswave.com\/es\/wp-json\/wp\/v2\/product_cat?post=2450"},{"taxonomy":"product_tag","embeddable":true,"href":"https:\/\/www.tesswave.com\/es\/wp-json\/wp\/v2\/product_tag?post=2450"}],"curies":[{"name":"wp","href":"https:\/\/api.w.org\/{rel}","templated":true}]}}