{"id":2462,"date":"2022-05-30T17:20:20","date_gmt":"2022-05-30T09:20:20","guid":{"rendered":"https:\/\/www.tesswave.com\/?post_type=product&#038;p=2462"},"modified":"2025-06-19T19:02:34","modified_gmt":"2025-06-19T11:02:34","slug":"4g-lte-drectional-lpda-yagi-antenna","status":"publish","type":"product","link":"https:\/\/www.tesswave.com\/es\/product\/4g-lte-drectional-lpda-yagi-antenna\/","title":{"rendered":"Antena Yagi Direccional LPDA 4G LTE Externa 698-2700MHz 9dBi"},"content":{"rendered":"<figure class=\"wp-block-table is-style-regular\"><table class=\"has-fixed-layout\"><tbody><tr><td><strong>Especificaciones el\u00e9ctricas<\/strong><\/td><td>&nbsp;<\/td><td>&nbsp;<\/td><\/tr><tr><td>Frecuencia- MHz<\/td><td>698-960<\/td><td>1710-2700<\/td><\/tr><tr><td>Ganancia-dBi<\/td><td>8<\/td><td>9<\/td><\/tr><tr><td>VSWR<\/td><td>&lt;1.5<\/td><td>&nbsp;<\/td><\/tr><tr><td>Polarizaci\u00f3n<\/td><td>Vertical<\/td><td>&nbsp;<\/td><\/tr><tr><td>Anchura del haz horizontal<\/td><td>68\u00b0<\/td><td>65\u00b0<\/td><\/tr><tr><td>Anchura del haz vertical<\/td><td>65\u00b0<\/td><td>60\u00b0<\/td><\/tr><tr><td>Impedancia<\/td><td>50 ohmios<\/td><td>&nbsp;<\/td><\/tr><tr><td>M\u00e1x. Potencia de entrada<\/td><td>100W<\/td><td>&nbsp;<\/td><\/tr><tr><td>Protecci\u00f3n contra el rayo<\/td><td>DC Tierra<\/td><td>&nbsp;<\/td><\/tr><tr><td><strong>Especificaciones mec\u00e1nicas<\/strong><\/td><td>&nbsp;<\/td><td>&nbsp;<\/td><\/tr><tr><td>Conector<\/td><td>N Mujer<\/td><td>&nbsp;<\/td><\/tr><tr><td>Dimensi\u00f3n<\/td><td>310\u00d7207\u00d765mm<\/td><td>&nbsp;<\/td><\/tr><tr><td>Peso<\/td><td>0,7 kg<\/td><td>&nbsp;<\/td><\/tr><tr><td>Montaje<\/td><td>M\u00e1stil \u00d840-\u00d860 mm<\/td><td>&nbsp;<\/td><\/tr><tr><td>Material del radomo<\/td><td>ABS<\/td><td>&nbsp;<\/td><\/tr><tr><td>Velocidad del viento<\/td><td>210 km\/h<\/td><td>&nbsp;<\/td><\/tr><tr><td>Temperatura de funcionamiento<\/td><td>-40\u2103 - +65\u2103<\/td><td>&nbsp;<\/td><\/tr><\/tbody><\/table><\/figure>","protected":false},"author":1,"featured_media":5078,"menu_order":0,"template":"","meta":{"_acf_changed":true},"product_cat":[87,337],"product_tag":[],"class_list":["post-2462","product","type-product","status-publish","has-post-thumbnail","hentry","product_cat-4g-lte-antennas","product_cat-698-2700-mhz-antennas"],"acf":{"_sku":"TLC-0727-9E","product-image":[5078],"_price":"9.9","pdsms":null,"excerpt":"<ul>\r\n<li>Funciona en la banda 698-960\/1710-2700MHz para repetidores\/boosters 2G\/3G\/4G<\/li>\r\n<li>Ganancia real 8\/9dBi<\/li>\r\n<li>Antena direccional para aplicaciones punto a multipunto<\/li>\r\n<li>Instalaci\u00f3n exterior en poste<\/li>\r\n<li>Robusta carcasa de antena de ABS con protecci\u00f3n UV<\/li>\r\n<li>Dimensiones: 310\u00d7207\u00d765 mm<\/li>\r\n<li>30cm Cable RG58 con conector N hembra<\/li>\r\n<\/ul>","faqs":""},"_links":{"self":[{"href":"https:\/\/www.tesswave.com\/es\/wp-json\/wp\/v2\/product\/2462","targetHints":{"allow":["GET"]}}],"collection":[{"href":"https:\/\/www.tesswave.com\/es\/wp-json\/wp\/v2\/product"}],"about":[{"href":"https:\/\/www.tesswave.com\/es\/wp-json\/wp\/v2\/types\/product"}],"author":[{"embeddable":true,"href":"https:\/\/www.tesswave.com\/es\/wp-json\/wp\/v2\/users\/1"}],"acf:attachment":[{"embeddable":true,"href":"https:\/\/www.tesswave.com\/es\/wp-json\/wp\/v2\/media\/5078"}],"wp:featuredmedia":[{"embeddable":true,"href":"https:\/\/www.tesswave.com\/es\/wp-json\/wp\/v2\/media\/5078"}],"wp:attachment":[{"href":"https:\/\/www.tesswave.com\/es\/wp-json\/wp\/v2\/media?parent=2462"}],"wp:term":[{"taxonomy":"product_cat","embeddable":true,"href":"https:\/\/www.tesswave.com\/es\/wp-json\/wp\/v2\/product_cat?post=2462"},{"taxonomy":"product_tag","embeddable":true,"href":"https:\/\/www.tesswave.com\/es\/wp-json\/wp\/v2\/product_tag?post=2462"}],"curies":[{"name":"wp","href":"https:\/\/api.w.org\/{rel}","templated":true}]}}