{"id":2465,"date":"2022-05-30T17:30:29","date_gmt":"2022-05-30T09:30:29","guid":{"rendered":"https:\/\/www.tesswave.com\/?post_type=product&#038;p=2465"},"modified":"2025-06-19T19:01:43","modified_gmt":"2025-06-19T11:01:43","slug":"outdoor-wideband-omnidirectional-4g-lte-antenna","status":"publish","type":"product","link":"https:\/\/www.tesswave.com\/es\/product\/outdoor-wideband-omnidirectional-4g-lte-antenna\/","title":{"rendered":"Antena 2G\/3G\/4G LTE omnidireccional de banda ancha para exteriores de 698-2700MHz"},"content":{"rendered":"<figure class=\"wp-block-table is-style-regular\"><table class=\"has-fixed-layout\"><tbody><tr><td><strong>Especificaciones el\u00e9ctricas<\/strong><\/td><td>&nbsp;<\/td><\/tr><tr><td>Frecuencia-MHz<\/td><td>698-960\/1710-2700<\/td><\/tr><tr><td>Ganancia-dBi<\/td><td>2-3\/3-4<\/td><\/tr><tr><td>VSWR<\/td><td>&lt;1.8<\/td><\/tr><tr><td>Polarizaci\u00f3n<\/td><td>Vertical<\/td><\/tr><tr><td>Anchura del haz horizontal<\/td><td>360\u00b0<\/td><\/tr><tr><td>Anchura del haz vertical<\/td><td>70\u00b0\/60\u00b0<\/td><\/tr><tr><td>Impedancia-ohmios<\/td><td>50 <\/td><\/tr><tr><td>M\u00e1x. Potencia de entrada-P<\/td><td>100<\/td><\/tr><tr><td>Protecci\u00f3n contra el rayo<\/td><td>DC Tierra<\/td><\/tr><tr><td><strong>Especificaciones mec\u00e1nicas<\/strong><\/td><td>&nbsp;<\/td><\/tr><tr><td>Conector<\/td><td>N Mujer<\/td><\/tr><tr><td>Dimensi\u00f3n-mm<\/td><td><a>99<\/a>\u00d799\u00d7241 <\/td><\/tr><tr><td>Peso-kg<\/td><td>0.5 <\/td><\/tr><tr><td>Montaje-mm<\/td><td>M\u00e1stil \u00d840-\u00d860<\/td><\/tr><tr><td>Material del radomo<\/td><td>ABS<\/td><\/tr><tr><td>Velocidad del viento<\/td><td>210 km\/h<\/td><\/tr><tr><td>Temperatura de funcionamiento<\/td><td>-40\u2103 - +65\u2103<\/td><\/tr><\/tbody><\/table><\/figure>\n\n\n\n<p><\/p>","protected":false},"author":1,"featured_media":5076,"menu_order":0,"template":"","meta":{"_acf_changed":true},"product_cat":[87,337,147],"product_tag":[],"class_list":["post-2465","product","type-product","status-publish","has-post-thumbnail","hentry","product_cat-4g-lte-antennas","product_cat-698-2700-mhz-antennas","product_cat-das-antennas"],"acf":{"_sku":"TOF-0727-4V","product-image":[5076],"_price":"14","pdsms":null,"excerpt":"<ul>\r\n<li>Funciona en la banda 698-960\/1710-2700MHz para reapeater\/booster 2G\/3G\/4G<\/li>\r\n<li>Es una antena omnidireccional<\/li>\r\n<li>Instalaci\u00f3n exterior en poste<\/li>\r\n<li>Robusta carcasa de antena de ABS con protecci\u00f3n UV<\/li>\r\n<li>N Conector hembra en la parte inferior de la antena<\/li>\r\n<li>IP55 resistente a la lluvia y al polvo<\/li>\r\n<\/ul>","faqs":""},"_links":{"self":[{"href":"https:\/\/www.tesswave.com\/es\/wp-json\/wp\/v2\/product\/2465","targetHints":{"allow":["GET"]}}],"collection":[{"href":"https:\/\/www.tesswave.com\/es\/wp-json\/wp\/v2\/product"}],"about":[{"href":"https:\/\/www.tesswave.com\/es\/wp-json\/wp\/v2\/types\/product"}],"author":[{"embeddable":true,"href":"https:\/\/www.tesswave.com\/es\/wp-json\/wp\/v2\/users\/1"}],"acf:attachment":[{"embeddable":true,"href":"https:\/\/www.tesswave.com\/es\/wp-json\/wp\/v2\/media\/5076"}],"wp:featuredmedia":[{"embeddable":true,"href":"https:\/\/www.tesswave.com\/es\/wp-json\/wp\/v2\/media\/5076"}],"wp:attachment":[{"href":"https:\/\/www.tesswave.com\/es\/wp-json\/wp\/v2\/media?parent=2465"}],"wp:term":[{"taxonomy":"product_cat","embeddable":true,"href":"https:\/\/www.tesswave.com\/es\/wp-json\/wp\/v2\/product_cat?post=2465"},{"taxonomy":"product_tag","embeddable":true,"href":"https:\/\/www.tesswave.com\/es\/wp-json\/wp\/v2\/product_tag?post=2465"}],"curies":[{"name":"wp","href":"https:\/\/api.w.org\/{rel}","templated":true}]}}