{"id":2484,"date":"2022-05-31T10:48:43","date_gmt":"2022-05-31T02:48:43","guid":{"rendered":"https:\/\/www.tesswave.com\/?post_type=product&#038;p=2484"},"modified":"2025-06-19T18:31:59","modified_gmt":"2025-06-19T10:31:59","slug":"915mhz-16dbi-high-gain-lora-yagi-antenna","status":"publish","type":"product","link":"https:\/\/www.tesswave.com\/es\/product\/915mhz-16dbi-high-gain-lora-yagi-antenna\/","title":{"rendered":"915MHz 16dBi Antena Yagi LoRa direccional de alta ganancia"},"content":{"rendered":"<figure class=\"wp-block-table is-style-regular\"><table class=\"has-fixed-layout\"><tbody><tr><td><strong>Especificaciones el\u00e9ctricas<\/strong><\/td><td>&nbsp;<\/td><\/tr><tr><td>Frecuencia<\/td><td>902-928 MHz<\/td><\/tr><tr><td>Gane<\/td><td>16 dBi<\/td><\/tr><tr><td>VSWR<\/td><td>&lt;1.5<\/td><\/tr><tr><td>Polarizaci\u00f3n<\/td><td>Vertical<\/td><\/tr><tr><td>Anchura del haz horizontal<\/td><td>30\u00b0<\/td><\/tr><tr><td>Anchura del haz vertical<\/td><td>27\u00b0<\/td><\/tr><tr><td>Relaci\u00f3n F\/B<\/td><td>\u226516dB<\/td><\/tr><tr><td>Impedancia<\/td><td>50 ohmios<\/td><\/tr><tr><td>M\u00e1x. Potencia de entrada<\/td><td>100W<\/td><\/tr><tr><td>Protecci\u00f3n contra el rayo<\/td><td>DC Tierra<\/td><\/tr><tr><td><strong>Especificaciones mec\u00e1nicas<\/strong><\/td><td>&nbsp;<\/td><\/tr><tr><td>Conector<\/td><td>N Mujer<\/td><\/tr><tr><td>Dimensi\u00f3n<\/td><td>1400\u00d7185\u00d755 mm<\/td><\/tr><tr><td>Peso<\/td><td>1,1 kg<\/td><\/tr><tr><td>Montaje<\/td><td>M\u00e1stil \u00d840-\u00d860 mm<\/td><\/tr><tr><td>Velocidad del viento<\/td><td>210 km\/h<\/td><\/tr><tr><td>Temperatura de funcionamiento<\/td><td>-40\u2103 - +65\u2103<\/td><\/tr><\/tbody><\/table><\/figure>","protected":false},"author":1,"featured_media":5021,"menu_order":0,"template":"","meta":{"_acf_changed":true},"product_cat":[253,330,136],"product_tag":[],"class_list":["post-2484","product","type-product","status-publish","has-post-thumbnail","hentry","product_cat-868-915-mhz-lora-antennas","product_cat-800-900-mhz-antennas","product_cat-helium-antennas"],"acf":{"_sku":"TYC-90930-16E","product-image":[5021],"_price":"19","pdsms":null,"excerpt":"<ul>\r\n<li>Gama de frecuencias: 902-928MHz<\/li>\r\n<li>16dBi alta ganancia<\/li>\r\n<li>Radiaci\u00f3n direccional para conexi\u00f3n punto a punto<\/li>\r\n<li>Ideal para aplicaciones LoRa, Helium, ISM, RFID, M2M, etc.<\/li>\r\n<li>T\u00edpico conector N hembra con cable de 30 cm<\/li>\r\n<\/ul>","faqs":""},"_links":{"self":[{"href":"https:\/\/www.tesswave.com\/es\/wp-json\/wp\/v2\/product\/2484","targetHints":{"allow":["GET"]}}],"collection":[{"href":"https:\/\/www.tesswave.com\/es\/wp-json\/wp\/v2\/product"}],"about":[{"href":"https:\/\/www.tesswave.com\/es\/wp-json\/wp\/v2\/types\/product"}],"author":[{"embeddable":true,"href":"https:\/\/www.tesswave.com\/es\/wp-json\/wp\/v2\/users\/1"}],"acf:attachment":[{"embeddable":true,"href":"https:\/\/www.tesswave.com\/es\/wp-json\/wp\/v2\/media\/5021"}],"wp:featuredmedia":[{"embeddable":true,"href":"https:\/\/www.tesswave.com\/es\/wp-json\/wp\/v2\/media\/5021"}],"wp:attachment":[{"href":"https:\/\/www.tesswave.com\/es\/wp-json\/wp\/v2\/media?parent=2484"}],"wp:term":[{"taxonomy":"product_cat","embeddable":true,"href":"https:\/\/www.tesswave.com\/es\/wp-json\/wp\/v2\/product_cat?post=2484"},{"taxonomy":"product_tag","embeddable":true,"href":"https:\/\/www.tesswave.com\/es\/wp-json\/wp\/v2\/product_tag?post=2484"}],"curies":[{"name":"wp","href":"https:\/\/api.w.org\/{rel}","templated":true}]}}