{"id":2496,"date":"2022-05-31T11:20:17","date_gmt":"2022-05-31T03:20:17","guid":{"rendered":"https:\/\/www.tesswave.com\/?post_type=product&#038;p=2496"},"modified":"2025-06-19T18:30:48","modified_gmt":"2025-06-19T10:30:48","slug":"915mhz-9dbi-outdoor-panel-antenna","status":"publish","type":"product","link":"https:\/\/www.tesswave.com\/es\/product\/915mhz-9dbi-outdoor-panel-antenna\/","title":{"rendered":"915MHz 9dBi Antena direccional de panel de helio LoRa de largo alcance para exteriores"},"content":{"rendered":"<figure class=\"wp-block-table is-style-regular\"><table class=\"has-fixed-layout\"><tbody><tr><td><strong>Especificaciones el\u00e9ctricas<\/strong><\/td><td>&nbsp;<\/td><\/tr><tr><td>Frecuencia<\/td><td>902-928 MHz<\/td><\/tr><tr><td>Gane<\/td><td>9 dBi<\/td><\/tr><tr><td>VSWR<\/td><td>&lt;1.5<\/td><\/tr><tr><td>Polarizaci\u00f3n<\/td><td>Vertical<\/td><\/tr><tr><td>Anchura del haz horizontal<\/td><td>80\u00b0<\/td><\/tr><tr><td>Anchura del haz vertical<\/td><td>68\u00b0<\/td><\/tr><tr><td>Relaci\u00f3n F\/B<\/td><td>\u226518dB<\/td><\/tr><tr><td>Impedancia<\/td><td>50 ohmios<\/td><\/tr><tr><td>M\u00e1x. Potencia de entrada<\/td><td>100W<\/td><\/tr><tr><td>Protecci\u00f3n contra el rayo<\/td><td>DC Tierra<\/td><\/tr><tr><td><strong>Especificaciones mec\u00e1nicas<\/strong><\/td><td>&nbsp;<\/td><\/tr><tr><td>Conector<\/td><td>N Mujer<\/td><\/tr><tr><td>Dimensi\u00f3n<\/td><td>250\u00d7250\u00d735mm<\/td><\/tr><tr><td>Peso<\/td><td>0,5 kg<\/td><\/tr><tr><td>Montaje<\/td><td>M\u00e1stil \u00d840-\u00d860 mm<\/td><\/tr><tr><td>Material del radomo<\/td><td>ABS<\/td><\/tr><tr><td>Velocidad del viento<\/td><td>210 km\/h<\/td><\/tr><tr><td>Temperatura de funcionamiento<\/td><td>-40\u2103 - +65\u2103<\/td><\/tr><\/tbody><\/table><\/figure>","protected":false},"author":1,"featured_media":4997,"menu_order":0,"template":"","meta":{"_acf_changed":true},"product_cat":[253,330,136],"product_tag":[],"class_list":["post-2496","product","type-product","status-publish","has-post-thumbnail","hentry","product_cat-868-915-mhz-lora-antennas","product_cat-800-900-mhz-antennas","product_cat-helium-antennas"],"acf":{"_sku":"TPC-90930-9V","product-image":[4997],"_price":"20","pdsms":null,"excerpt":"<ul>\r\n<li>Funciona en la banda de frecuencias 902-928MHz<\/li>\r\n<li>Alta ganancia True 8dBi<\/li>\r\n<li>Apto para aplicaciones celulares, LoRa, RFID, ISM, Helium, etc.<\/li>\r\n<li>Radiaci\u00f3n direccional para conexi\u00f3n punto a punto de largo alcance<\/li>\r\n<li>Instalaci\u00f3n exterior en poste<\/li>\r\n<li>Robusto y resistente a la intemperie<\/li>\r\n<li>T\u00edpico conector N hembra<\/li>\r\n<\/ul>","faqs":""},"_links":{"self":[{"href":"https:\/\/www.tesswave.com\/es\/wp-json\/wp\/v2\/product\/2496","targetHints":{"allow":["GET"]}}],"collection":[{"href":"https:\/\/www.tesswave.com\/es\/wp-json\/wp\/v2\/product"}],"about":[{"href":"https:\/\/www.tesswave.com\/es\/wp-json\/wp\/v2\/types\/product"}],"author":[{"embeddable":true,"href":"https:\/\/www.tesswave.com\/es\/wp-json\/wp\/v2\/users\/1"}],"acf:attachment":[{"embeddable":true,"href":"https:\/\/www.tesswave.com\/es\/wp-json\/wp\/v2\/media\/4997"}],"wp:featuredmedia":[{"embeddable":true,"href":"https:\/\/www.tesswave.com\/es\/wp-json\/wp\/v2\/media\/4997"}],"wp:attachment":[{"href":"https:\/\/www.tesswave.com\/es\/wp-json\/wp\/v2\/media?parent=2496"}],"wp:term":[{"taxonomy":"product_cat","embeddable":true,"href":"https:\/\/www.tesswave.com\/es\/wp-json\/wp\/v2\/product_cat?post=2496"},{"taxonomy":"product_tag","embeddable":true,"href":"https:\/\/www.tesswave.com\/es\/wp-json\/wp\/v2\/product_tag?post=2496"}],"curies":[{"name":"wp","href":"https:\/\/api.w.org\/{rel}","templated":true}]}}