{"id":2591,"date":"2022-05-31T21:56:23","date_gmt":"2022-05-31T13:56:23","guid":{"rendered":"https:\/\/www.tesswave.com\/?post_type=product&#038;p=2591"},"modified":"2025-06-19T18:22:27","modified_gmt":"2025-06-19T10:22:27","slug":"868-mhz-9dbi-directional-rfid-panel-antenna","status":"publish","type":"product","link":"https:\/\/www.tesswave.com\/es\/product\/868-mhz-9dbi-directional-rfid-panel-antenna\/","title":{"rendered":"868MHz 9dBi Antena de panel UHF RFID direccional con polarizaci\u00f3n circular (RHCP) para exteriores"},"content":{"rendered":"<figure class=\"wp-block-table\"><table class=\"has-fixed-layout\"><tbody><tr><td><strong>Especificaciones el\u00e9ctricas<\/strong><\/td><td><\/td><\/tr><tr><td>Frecuencia<\/td><td>860-870 MHz<\/td><\/tr><tr><td>Gane<\/td><td>9 dBi<\/td><\/tr><tr><td>VSWR<\/td><td>&lt;1.5<\/td><\/tr><tr><td>Polarizaci\u00f3n<\/td><td>Circular (derecha)<\/td><\/tr><tr><td>Anchura del haz horizontal<\/td><td>65\u00b0<\/td><\/tr><tr><td>Anchura del haz vertical<\/td><td>66\u00b0<\/td><\/tr><tr><td>Relaci\u00f3n axial<\/td><td>2 dB<\/td><\/tr><tr><td>Impedancia<\/td><td>50 ohmios<\/td><\/tr><tr><td>M\u00e1x. Potencia de entrada<\/td><td>50W<\/td><\/tr><tr><td>Protecci\u00f3n contra el rayo<\/td><td>DC Tierra<\/td><\/tr><tr><td><strong>Especificaciones mec\u00e1nicas<\/strong><\/td><td>&nbsp;<\/td><\/tr><tr><td>Conector<\/td><td>N Mujer<\/td><\/tr><tr><td>Dimensi\u00f3n<\/td><td>250\u00d7250\u00d735mm<\/td><\/tr><tr><td>Peso<\/td><td>0,5 kg<\/td><\/tr><tr><td>Montaje<\/td><td>M\u00e1stil \u00d840-\u00d860 mm<\/td><\/tr><tr><td>Material del radomo<\/td><td>ABS<\/td><\/tr><tr><td>Velocidad del viento<\/td><td>210 km\/h<\/td><\/tr><tr><td>Temperatura de funcionamiento<\/td><td>-40\u2103 - +65\u2103<\/td><\/tr><\/tbody><\/table><\/figure>","protected":false},"author":1,"featured_media":5007,"menu_order":0,"template":"","meta":{"_acf_changed":true},"product_cat":[89,330],"product_tag":[],"class_list":["post-2591","product","type-product","status-publish","has-post-thumbnail","hentry","product_cat-rfid-antennas","product_cat-800-900-mhz-antennas"],"acf":{"_sku":"TPC-86870-9RC","product-image":[5007],"_price":"20","pdsms":null,"excerpt":"<ul>\r\n<li>Funciona en la banda de frecuencias 860-930MHz<\/li>\r\n<li>Ideal para aplicaciones RFID, LoRa, ISM, M2M, etc.<\/li>\r\n<li>Polarizaci\u00f3n lineal o circular<\/li>\r\n<li>Instalaci\u00f3n exterior en poste<\/li>\r\n<li>Robusta carcasa de antena de ABS con protecci\u00f3n UV<\/li>\r\n<li>N Conector hembra<\/li>\r\n<\/ul>","faqs":""},"_links":{"self":[{"href":"https:\/\/www.tesswave.com\/es\/wp-json\/wp\/v2\/product\/2591","targetHints":{"allow":["GET"]}}],"collection":[{"href":"https:\/\/www.tesswave.com\/es\/wp-json\/wp\/v2\/product"}],"about":[{"href":"https:\/\/www.tesswave.com\/es\/wp-json\/wp\/v2\/types\/product"}],"author":[{"embeddable":true,"href":"https:\/\/www.tesswave.com\/es\/wp-json\/wp\/v2\/users\/1"}],"acf:attachment":[{"embeddable":true,"href":"https:\/\/www.tesswave.com\/es\/wp-json\/wp\/v2\/media\/5007"}],"wp:featuredmedia":[{"embeddable":true,"href":"https:\/\/www.tesswave.com\/es\/wp-json\/wp\/v2\/media\/5007"}],"wp:attachment":[{"href":"https:\/\/www.tesswave.com\/es\/wp-json\/wp\/v2\/media?parent=2591"}],"wp:term":[{"taxonomy":"product_cat","embeddable":true,"href":"https:\/\/www.tesswave.com\/es\/wp-json\/wp\/v2\/product_cat?post=2591"},{"taxonomy":"product_tag","embeddable":true,"href":"https:\/\/www.tesswave.com\/es\/wp-json\/wp\/v2\/product_tag?post=2591"}],"curies":[{"name":"wp","href":"https:\/\/api.w.org\/{rel}","templated":true}]}}